{"id":313,"date":"2013-07-04T13:51:01","date_gmt":"2013-07-04T13:51:01","guid":{"rendered":"http:\/\/localhost\/rxe\/?page_id=313"},"modified":"2017-10-25T15:48:00","modified_gmt":"2017-10-25T15:48:00","slug":"faq","status":"publish","type":"page","link":"https:\/\/rxeuropa.com\/fr\/faq\/","title":{"rendered":"FAQ"},"content":{"rendered":"<p><strong>Est-ce l\u00e9gal ?<\/strong><br \/>\n100% l\u00e9gal. Tous nos m\u00e9decins sont immatricul\u00e9s dans l&rsquo;UE, et toutes les m\u00e9dicaments sont distribu\u00e9s par une pharmacie agr\u00e9\u00e9e dans L&rsquo;UE..<\/p>\n<p><strong>Quel est ce message d&rsquo;alerte de chat ?<\/strong><br \/>\nVous recevrez un e-mail apr\u00e8s avoir pass\u00e9 votre commande vous demandant de vous connecter au portail patient et de r\u00e9pondre \u00e0 tout message. Si vous ne suivez pas cette instruction, votre commande ne sera pas trait\u00e9e.<\/p>\n<p><strong>Comment les m\u00e9dicaments sont-ils livr\u00e9s ?<\/strong><br \/>\nLa livraison le lendemain est possible si la commande est approuv\u00e9e avant 15 heures. Nous avons choisi les modes de livraison les plus efficaces selon l&rsquo;adresse de livraison. Mais dans tous les cas, un adulte devra \u00eatre pr\u00e9sent pour signer \u00e0 la livraison.<\/p>\n<p><strong>D&rsquo;o\u00f9 sont envoy\u00e9s les m\u00e9dicaments ?<\/strong><br \/>\nTous les m\u00e9dicaments sont envoy\u00e9s du UE.<\/p>\n<p><strong>Comment est trait\u00e9 le paiement ?<\/strong><br \/>\nTous les paiements sont par virement bancaire<\/p>\n<p><strong>Qu&rsquo;est-ce que sont les limitations sur les nouvelles commandes ?<\/strong><br \/>\nLes m\u00e9dicaments contre la douleur sont strictement contr\u00f4l\u00e9s. Nous imposons une limite de 30 jours pour qu&rsquo;un foyer puisse \u00e0 nouveau passer une commande. Consultez cette page pour plus de d\u00e9tails concernant les limitations sur les nouvelles commandes.<\/p>\n<p><strong>Pouvez-vous faire des livraisons vers les \u00c9tats-Unis ou le Canada ?<\/strong><br \/>\nNon, nous ne sommes pas autoris\u00e9s \u00e0 le faire. Nous ne fournissons aucun service ou produit \u00e0 ces pays. Nous pouvons faire des livraisons vers la plupart des pays de l&rsquo;UE (sauf l&rsquo;Italie).<\/p>\n","protected":false},"excerpt":{"rendered":"<p>Est-ce l\u00e9gal ? 100% l\u00e9gal. Tous nos m\u00e9decins sont immatricul\u00e9s dans l&rsquo;UE, et toutes les m\u00e9dicaments sont distribu\u00e9s par une pharmacie agr\u00e9\u00e9e dans L&rsquo;UE.. Quel est ce message d&rsquo;alerte de chat ? Vous recevrez un e-mail apr\u00e8s avoir pass\u00e9 votre commande vous demandant de vous connecter au portail patient et de r\u00e9pondre \u00e0 tout message.<a href=\"https:\/\/rxeuropa.com\/fr\/faq\/\" class=\"read_more\">Read More<\/a><\/p>\n","protected":false},"author":2,"featured_media":0,"parent":0,"menu_order":0,"comment_status":"closed","ping_status":"closed","template":"inner-template5.php","meta":{"footnotes":""},"class_list":["post-313","page","type-page","status-publish","hentry"],"_links":{"self":[{"href":"https:\/\/rxeuropa.com\/fr\/wp-json\/wp\/v2\/pages\/313","targetHints":{"allow":["GET"]}}],"collection":[{"href":"https:\/\/rxeuropa.com\/fr\/wp-json\/wp\/v2\/pages"}],"about":[{"href":"https:\/\/rxeuropa.com\/fr\/wp-json\/wp\/v2\/types\/page"}],"author":[{"embeddable":true,"href":"https:\/\/rxeuropa.com\/fr\/wp-json\/wp\/v2\/users\/2"}],"replies":[{"embeddable":true,"href":"https:\/\/rxeuropa.com\/fr\/wp-json\/wp\/v2\/comments?post=313"}],"version-history":[{"count":0,"href":"https:\/\/rxeuropa.com\/fr\/wp-json\/wp\/v2\/pages\/313\/revisions"}],"wp:attachment":[{"href":"https:\/\/rxeuropa.com\/fr\/wp-json\/wp\/v2\/media?parent=313"}],"curies":[{"name":"wp","href":"https:\/\/api.w.org\/{rel}","templated":true}]}}