{"id":225,"date":"2013-07-01T17:25:54","date_gmt":"2013-07-01T17:25:54","guid":{"rendered":"http:\/\/localhost\/rxe\/?page_id=204"},"modified":"2017-12-21T19:27:18","modified_gmt":"2017-12-21T19:27:18","slug":"co-codamol","status":"publish","type":"page","link":"https:\/\/rxeuropa.com\/fr\/treatments\/co-codamol\/","title":{"rendered":"Co-Codamol"},"content":{"rendered":"<p>Avant d&rsquo;acheter du parac\u00e9tamol-cod\u00e9ine, vous devez effectuer une consultation en ligne avec l&rsquo;un de nos m\u00e9decins.\u00a0 Co-Codamol est fournie par une pharmacie\u00a0agr\u00e9\u00e9e dans L&rsquo;UE.<\/p>\n<p>La limite mensuelle pour Co-Codamol est de 200 comprim\u00e9s par m\u00e9nage.<\/p>\n<p><div class=\"as_products_table \" id=\"as_products_table\" ><div class=\"astblrow row_even\" ><div><strong>Paracetamol Comp 30\/500mg<\/strong><\/div><div>100 Tablets<\/div><div><strong>&#8364;129.00<\/strong><\/div><div><a href=\"javascript:void(0)\" data-productid=\"710\" >Demarrez la consultation<\/a><\/div><\/div><div class=\"astblrow row_odd\" ><div><strong>Paracetamol Comp 30\/500mg<\/strong><\/div><div>200 Tablets<\/div><div><strong>&#8364;149.00<\/strong><\/div><div><a href=\"javascript:void(0)\" data-productid=\"711\" >Demarrez la consultation<\/a><\/div><\/div><\/div>Le Co-codamol est une association de cod\u00e9ine et de parac\u00e9tamol disponible en tant que g\u00e9n\u00e9rique approuv\u00e9 ou sous divers noms de marque. Vous pouvez acheter du Co-codamol sous forme de comprim\u00e9s conventionnels ou de cachet effervescent.<\/p>\n<p><strong>Ce m\u00e9dicament est-il bon pour moi ?<\/strong><br \/>\nComme tout m\u00e9dicament, le Co-codamol pourrait ne pas \u00eatre bon pour vous. Seul votre m\u00e9decin peut d\u00e9cider comment traiter le mieux votre cas. Lorsqu&rsquo;il consid\u00e8re le traitement ad\u00e9quat \u00e0 votre cas, le m\u00e9decin peut avoir \u00e0 consid\u00e9rer non seulement votre \u00e9tat en lui-m\u00eame, mais aussi :<\/p>\n<ul>\n<li>vos autres probl\u00e8mes de sant\u00e9<\/li>\n<li>les autres m\u00e9dicaments que vous prenez<\/li>\n<li>votre \u00e2ge et votre \u00e9tat de sant\u00e9 g\u00e9n\u00e9ral<\/li>\n<li>des probl\u00e8mes li\u00e9s \u00e0 votre style de vie, sp\u00e9cialement si vous fumez\/buvez de l&rsquo;alcool<\/li>\n<\/ul>\n<p>Le Co-codamol est g\u00e9n\u00e9ralement prescrit pour des \u00e9pisodes douloureux \u00e0 court terme qui ne sont pas soulag\u00e9s en utilisant seulement du parac\u00e9tamol ou d&rsquo;autres analg\u00e9siques vendus librement. G\u00e9n\u00e9ralement, il est utilis\u00e9 contre les douleurs nerveuses ou musculaires.<\/p>\n<p>Le Co-codamol est contre-indiqu\u00e9 chez les patients ayant des ant\u00e9c\u00e9dents de :<\/p>\n<ul>\n<li>maladies du foie, de la prostate ou des reins<\/li>\n<li>probl\u00e8mes respiratoires chroniques (en particulier en cas de BPCO<\/li>\n<li>hypotension art\u00e9rielle ou arythmie cardiaque<\/li>\n<li>troubles inflammatoires de l&rsquo;intestin ou occlusion<\/li>\n<li>\u00e9pilepsie et autres troubles convulsifs<\/li>\n<\/ul>\n<p>Le Co-codamol ne doit pas \u00eatre utilis\u00e9 par des femmes enceintes ou des personnes ayant des probl\u00e8mes d&rsquo;alcool ou de drogue.<\/p>\n<p><strong>Le Co-codamol comporte-t-il des effets secondaires ?<\/strong><br \/>\nComme tous les m\u00e9dicaments n\u00e9cessitant une ordonnance, le Co-codamol peut avoir des effets secondaires et il ne convient pas \u00e0 tout le monde. Les effets secondaires peuvent \u00eatre mineurs, et dans ce cas, ils peuvent g\u00e9n\u00e9ralement \u00eatre ignor\u00e9s. Ou ils peuvent \u00eatre importants vous obligeant \u00e0 suspendre la prise du m\u00e9dicament ou \u00e0 consulter un professionnel de sant\u00e9.<\/p>\n<p><strong>Les effets secondaires mineurs comprennent :<\/strong><\/p>\n<ul>\n<li>constipation<\/li>\n<li>naus\u00e9e<\/li>\n<li>vertiges ou une sensation d&rsquo;\u00e9tourdissement<\/li>\n<\/ul>\n<p><strong>Demander une aide m\u00e9dicale en cas de :<\/strong><\/p>\n<ul>\n<li>\u00e9ruption cutan\u00e9e<\/li>\n<\/ul>\n<p><strong>Le Co-codamol est un analg\u00e9sique puissant n\u00e9cessitant une ordonnance, contenant deux m\u00e9dicaments qui peuvent tous deux mettre en danger votre sant\u00e9 en cas d&rsquo;abus. Vous devez suivre strictement les recommandations du m\u00e9decin lorsque vous prenez ces pilules. Ne pas acheter de Co-codamol si vous avez d\u00e9j\u00e0 abus\u00e9 de l&rsquo;alcool ou des drogues ou \u00eates toxicomane ou alcoolique. <\/strong><\/p>\n<p>Si vous pensez que vous avez pris une dose trop importante de Co-codamol, vous devez imm\u00e9diatement contacter une assistance m\u00e9dicale.<\/p>\n","protected":false},"excerpt":{"rendered":"<p>Avant d&rsquo;acheter du parac\u00e9tamol-cod\u00e9ine, vous devez effectuer une consultation en ligne avec l&rsquo;un de nos m\u00e9decins.\u00a0 Co-Codamol est fournie par une pharmacie\u00a0agr\u00e9\u00e9e dans L&rsquo;UE. La limite mensuelle pour Co-Codamol est de 200 comprim\u00e9s par m\u00e9nage. Le Co-codamol est une association de cod\u00e9ine et de parac\u00e9tamol disponible en tant que g\u00e9n\u00e9rique approuv\u00e9 ou sous divers noms<a href=\"https:\/\/rxeuropa.com\/fr\/treatments\/co-codamol\/\" class=\"read_more\">Read More<\/a><\/p>\n","protected":false},"author":2,"featured_media":0,"parent":213,"menu_order":1,"comment_status":"closed","ping_status":"closed","template":"inner-template3.php","meta":{"footnotes":""},"class_list":["post-225","page","type-page","status-publish","hentry"],"_links":{"self":[{"href":"https:\/\/rxeuropa.com\/fr\/wp-json\/wp\/v2\/pages\/225","targetHints":{"allow":["GET"]}}],"collection":[{"href":"https:\/\/rxeuropa.com\/fr\/wp-json\/wp\/v2\/pages"}],"about":[{"href":"https:\/\/rxeuropa.com\/fr\/wp-json\/wp\/v2\/types\/page"}],"author":[{"embeddable":true,"href":"https:\/\/rxeuropa.com\/fr\/wp-json\/wp\/v2\/users\/2"}],"replies":[{"embeddable":true,"href":"https:\/\/rxeuropa.com\/fr\/wp-json\/wp\/v2\/comments?post=225"}],"version-history":[{"count":0,"href":"https:\/\/rxeuropa.com\/fr\/wp-json\/wp\/v2\/pages\/225\/revisions"}],"up":[{"embeddable":true,"href":"https:\/\/rxeuropa.com\/fr\/wp-json\/wp\/v2\/pages\/213"}],"wp:attachment":[{"href":"https:\/\/rxeuropa.com\/fr\/wp-json\/wp\/v2\/media?parent=225"}],"curies":[{"name":"wp","href":"https:\/\/api.w.org\/{rel}","templated":true}]}}