{"id":224,"date":"2013-07-01T17:25:20","date_gmt":"2013-07-01T17:25:20","guid":{"rendered":"http:\/\/localhost\/rxe\/?page_id=202"},"modified":"2022-12-11T16:26:31","modified_gmt":"2022-12-11T16:26:31","slug":"codeine-phosphate","status":"publish","type":"page","link":"https:\/\/rxeuropa.com\/fr\/treatments\/codeine-phosphate\/","title":{"rendered":"Cod\u00e9ine"},"content":{"rendered":"<p>Pour acheter du phosphate de cod\u00e9ine par le biais de ce site, vous devez d&rsquo;abord consulter un de nos m\u00e9decins. C&rsquo;est un service gratuit. Votre commande est soumise \u00e0 l&rsquo;approbation du m\u00e9decin fournissant l&rsquo;ordonnance.<br \/>\n<div class=\"as_products_table \" id=\"as_products_table\" ><div class=\"astblrow row_even\" ><div><strong>Codeine 50mg<\/strong><\/div><div>100 Tablets<\/div><div><strong>&#8364;199.00<\/strong><\/div><div><a href=\"javascript:void(0)\" data-productid=\"739\" >Demarrez la consultation<\/a><\/div><\/div><div class=\"astblrow row_odd\" ><div><strong>Codeine 50mg<\/strong><\/div><div>80 Tablets<\/div><div><strong>&#8364;169.00<\/strong><\/div><div><a href=\"javascript:void(0)\" data-productid=\"738\" >Demarrez la consultation<\/a><\/div><\/div><div class=\"astblrow row_even\" ><div><strong>Codeine 50mg<\/strong><\/div><div>60 Tablets<\/div><div><strong>&#8364;139.00<\/strong><\/div><div><a href=\"javascript:void(0)\" data-productid=\"737\" >Demarrez la consultation<\/a><\/div><\/div><div class=\"astblrow row_odd\" ><div><strong>Codeine 50mg<\/strong><\/div><div>40 Tablets<\/div><div><strong>&#8364;119.00<\/strong><\/div><div><a href=\"javascript:void(0)\" data-productid=\"605\" >Demarrez la consultation<\/a><\/div><\/div><div class=\"astblrow row_even\" ><div><strong>Codeine 30mg<\/strong><\/div><div>100 Tablets<\/div><div><strong>&#8364;189.00<\/strong><\/div><div><a href=\"javascript:void(0)\" data-productid=\"741\" >Demarrez la consultation<\/a><\/div><\/div><div class=\"astblrow row_odd\" ><div><strong>Codeine 30mg<\/strong><\/div><div>200 Tablets<\/div><div><strong>&#8364;299.00<\/strong><\/div><div><a href=\"javascript:void(0)\" data-productid=\"751\" >Demarrez la consultation<\/a><\/div><\/div><\/div><br \/>\nLe phosphate de cod\u00e9ine est disponible en comprim\u00e9s de 30 mg. Il est prescrit pour soulager une douleur d&rsquo;intensit\u00e9 l\u00e9g\u00e8re \u00e0 mod\u00e9r\u00e9e.<\/p>\n<p><strong>Ce M\u00c9DICAMENT est-il bon pour moi ?<\/strong><br \/>\nComme tout m\u00e9dicament, le phosphate de cod\u00e9ine peut ne pas \u00eatre bon pour vous. Seul votre m\u00e9decin peut d\u00e9cider comment traiter le mieux votre cas. Lorsqu&rsquo;il consid\u00e8re le traitement ad\u00e9quat \u00e0 votre cas, le m\u00e9decin peut avoir \u00e0 consid\u00e9rer non seulement votre \u00e9tat en lui-m\u00eame, mais aussi :<\/p>\n<ul>\n<li>vos autres probl\u00e8mes de sant\u00e9<\/li>\n<li>les autres m\u00e9dicaments que vous prenez<\/li>\n<li>votre \u00e2ge et votre \u00e9tat de sant\u00e9 g\u00e9n\u00e9ral<\/li>\n<li>des probl\u00e8mes li\u00e9s \u00e0 votre style de vie, sp\u00e9cialement si vous fumez\/buvez de l&rsquo;alcool<\/li>\n<\/ul>\n<p>Le phosphate de cod\u00e9ine est g\u00e9n\u00e9ralement prescrit pour soulager une douleur d&rsquo;intensit\u00e9 l\u00e9g\u00e8re \u00e0 mod\u00e9r\u00e9e et pour soulager les sympt\u00f4mes d&rsquo;une toux s\u00e8che ou de la diarrh\u00e9e.<\/p>\n<p>Le phosphate de cod\u00e9ine est contre-indiqu\u00e9 pour certains patients, y compris ceux ayant des ant\u00e9c\u00e9dents de d\u00e9pression respiratoire (respiration lente et superficielle), de maladie pulmonaire obstructive, d&rsquo;alcoolisme, et pour ceux souffrant d&rsquo;insuffisance h\u00e9patique. Lire la notice de votre m\u00e9dicament pour obtenir des informations compl\u00e8tes. La tol\u00e9rance au phosphate de cod\u00e9ine pour les femmes pendant la grossesse ou pendant l&rsquo;allaitement n&rsquo;a pas \u00e9t\u00e9 \u00e9tablie, donc ce m\u00e9dicament doit \u00eatre \u00e9vit\u00e9 pendant la grossesse et l&rsquo;allaitement, sauf en cas de contre-indication de votre m\u00e9decin.<\/p>\n<p><strong>Le phosphate de cod\u00e9ine comporte-t-il des effets secondaires?<\/strong><br \/>\nComme tous les m\u00e9dicaments n\u00e9cessitant une ordonnance, le phosphate de cod\u00e9ine peut avoir des effets secondaires, et il ne convient pas \u00e0 tout le monde. Les effets secondaires peuvent \u00eatre mineurs, et dans ce cas, ils peuvent g\u00e9n\u00e9ralement \u00eatre ignor\u00e9s. Ou ils peuvent \u00eatre importants vous obligeant \u00e0 suspendre la prise du m\u00e9dicament ou \u00e0 consulter un professionnel de sant\u00e9.<\/p>\n<p><strong>Les effets secondaires mineurs comprennent :<\/strong><\/p>\n<ul>\n<li>Constipation<\/li>\n<li>Naus\u00e9es et vomissements<\/li>\n<li>Maux de t\u00eate<\/li>\n<li>Somnolence<\/li>\n<li>Confusion<\/li>\n<\/ul>\n<p><strong>Demander une aide m\u00e9dicale en cas de :<\/strong><\/p>\n<ul>\n<li>Pouls faible ou bradycardie<\/li>\n<li>Syncope<\/li>\n<li>Convulsions<\/li>\n<li>Dysurie<\/li>\n<\/ul>\n<p><strong>Les m\u00e9dicaments \u00e0 base de cod\u00e9ine peuvent entra\u00eener une accoutumance et doivent \u00eatre pris uniquement sur conseil m\u00e9dical. Vous ne devrez pas acheter de la cod\u00e9ine si vous \u00eates toxicomane ou faites un usage abusif de drogues ou si vous \u00eates alcoolique.<\/strong><\/p>\n<p>Une overdose de cod\u00e9ine peut \u00eatre fatale. Vous devez contacter imm\u00e9diatement les services d&rsquo;urgence si vous avez des raisons de croire que vous avez pris une dose trop importante de phosphate de cod\u00e9ine.<\/p>\n","protected":false},"excerpt":{"rendered":"<p>Pour acheter du phosphate de cod\u00e9ine par le biais de ce site, vous devez d&rsquo;abord consulter un de nos m\u00e9decins. C&rsquo;est un service gratuit. Votre commande est soumise \u00e0 l&rsquo;approbation du m\u00e9decin fournissant l&rsquo;ordonnance. Le phosphate de cod\u00e9ine est disponible en comprim\u00e9s de 30 mg. Il est prescrit pour soulager une douleur d&rsquo;intensit\u00e9 l\u00e9g\u00e8re \u00e0<a href=\"https:\/\/rxeuropa.com\/fr\/treatments\/codeine-phosphate\/\" class=\"read_more\">Read More<\/a><\/p>\n","protected":false},"author":2,"featured_media":0,"parent":213,"menu_order":3,"comment_status":"closed","ping_status":"closed","template":"inner-template6.php","meta":{"footnotes":""},"class_list":["post-224","page","type-page","status-publish","hentry"],"_links":{"self":[{"href":"https:\/\/rxeuropa.com\/fr\/wp-json\/wp\/v2\/pages\/224","targetHints":{"allow":["GET"]}}],"collection":[{"href":"https:\/\/rxeuropa.com\/fr\/wp-json\/wp\/v2\/pages"}],"about":[{"href":"https:\/\/rxeuropa.com\/fr\/wp-json\/wp\/v2\/types\/page"}],"author":[{"embeddable":true,"href":"https:\/\/rxeuropa.com\/fr\/wp-json\/wp\/v2\/users\/2"}],"replies":[{"embeddable":true,"href":"https:\/\/rxeuropa.com\/fr\/wp-json\/wp\/v2\/comments?post=224"}],"version-history":[{"count":0,"href":"https:\/\/rxeuropa.com\/fr\/wp-json\/wp\/v2\/pages\/224\/revisions"}],"up":[{"embeddable":true,"href":"https:\/\/rxeuropa.com\/fr\/wp-json\/wp\/v2\/pages\/213"}],"wp:attachment":[{"href":"https:\/\/rxeuropa.com\/fr\/wp-json\/wp\/v2\/media?parent=224"}],"curies":[{"name":"wp","href":"https:\/\/api.w.org\/{rel}","templated":true}]}}