{"id":218,"date":"2013-07-01T17:22:15","date_gmt":"2013-07-01T17:22:15","guid":{"rendered":"http:\/\/localhost\/rxe\/?page_id=191"},"modified":"2017-10-25T15:11:13","modified_gmt":"2017-10-25T15:11:13","slug":"other","status":"publish","type":"page","link":"https:\/\/rxeuropa.com\/fr\/treatments\/other\/","title":{"rendered":"Relpax"},"content":{"rendered":"<p>Certains m\u00e9dicaments n&rsquo;agissent pas directement sur la douleur mais la soulagent par un autre m\u00e9canisme. Il est possible de cibler de mani\u00e8re efficace certains types de douleurs comme celles qui suivent<\/p>\n<h3>Migraine<\/h3>\n<p>La migraine peut engendrer une douleur particuli\u00e8rement d\u00e9bilitante, et certains analg\u00e9siques traditionnels peuvent m\u00eame provoquer une aggravation de la douleur. La migraine est \u00e9galement une condition complexe qui varie largement \u00e0 la fois entre les individus et entre les fa\u00e7ons dont elle attaque une m\u00eame personne. Elle est \u00e9galement fr\u00e9quente avec environ 8 millions de personnes atteintes uniquement au Royaume-Uni.<br \/>\n<a id=\"relpax\"><\/a><\/p>\n<h3>Relpax<\/h3>\n<p>Le Relpax est un m\u00e9dicament particuli\u00e8rement con\u00e7u pour le traitement de la migraine. Son principe actif est l&rsquo;\u00e9l\u00e9triptan qui agit sur les substances qui provoquent un r\u00e9tr\u00e9cissement des vaisseaux sanguins dans le cerveau. Il ne vise pas \u00e0 emp\u00eacher les migraines, mais \u00e0 les soulager. Vous pouvez acheter du Relpax en cliquant sur le lien ci-dessous et d\u00e9marrer la proc\u00e9dure de consultation en ligne avec nos m\u00e9decins.<\/p>\n<p>Le Relpax est contre-indiqu\u00e9 chez les patients ayant des ant\u00e9c\u00e9dents de maladie cardiaque, d&rsquo;angine de poitrine ou de probl\u00e8mes de circulation sanguine. Il ne doit pas \u00eatre pris avec d&rsquo;autres m\u00e9dicaments contre la migraine. Ne pas utiliser le Relpax dans les 72 heures d&rsquo;une prise de : clarithromycine, itraconazole, k\u00e9toconazole, n\u00e9fazodone, ritonavir ou nelfinavir (avant ou apr\u00e8s).<\/p>\n","protected":false},"excerpt":{"rendered":"<p>Certains m\u00e9dicaments n&rsquo;agissent pas directement sur la douleur mais la soulagent par un autre m\u00e9canisme. Il est possible de cibler de mani\u00e8re efficace certains types de douleurs comme celles qui suivent Migraine La migraine peut engendrer une douleur particuli\u00e8rement d\u00e9bilitante, et certains analg\u00e9siques traditionnels peuvent m\u00eame provoquer une aggravation de la douleur. La migraine est<a href=\"https:\/\/rxeuropa.com\/fr\/treatments\/other\/\" class=\"read_more\">Read More<\/a><\/p>\n","protected":false},"author":2,"featured_media":0,"parent":213,"menu_order":0,"comment_status":"closed","ping_status":"closed","template":"inner-template3.php","meta":{"footnotes":""},"class_list":["post-218","page","type-page","status-publish","hentry"],"_links":{"self":[{"href":"https:\/\/rxeuropa.com\/fr\/wp-json\/wp\/v2\/pages\/218","targetHints":{"allow":["GET"]}}],"collection":[{"href":"https:\/\/rxeuropa.com\/fr\/wp-json\/wp\/v2\/pages"}],"about":[{"href":"https:\/\/rxeuropa.com\/fr\/wp-json\/wp\/v2\/types\/page"}],"author":[{"embeddable":true,"href":"https:\/\/rxeuropa.com\/fr\/wp-json\/wp\/v2\/users\/2"}],"replies":[{"embeddable":true,"href":"https:\/\/rxeuropa.com\/fr\/wp-json\/wp\/v2\/comments?post=218"}],"version-history":[{"count":0,"href":"https:\/\/rxeuropa.com\/fr\/wp-json\/wp\/v2\/pages\/218\/revisions"}],"up":[{"embeddable":true,"href":"https:\/\/rxeuropa.com\/fr\/wp-json\/wp\/v2\/pages\/213"}],"wp:attachment":[{"href":"https:\/\/rxeuropa.com\/fr\/wp-json\/wp\/v2\/media?parent=218"}],"curies":[{"name":"wp","href":"https:\/\/api.w.org\/{rel}","templated":true}]}}