{"id":214,"date":"2013-07-01T17:18:37","date_gmt":"2013-07-01T17:18:37","guid":{"rendered":"http:\/\/localhost\/rxe\/?page_id=178"},"modified":"2015-09-23T16:20:16","modified_gmt":"2015-09-23T16:20:16","slug":"privacy-policy","status":"publish","type":"page","link":"https:\/\/rxeuropa.com\/fr\/privacy-policy\/","title":{"rendered":"Politique de confidentialit\u00e9"},"content":{"rendered":"<h3>Confidentialit\u00e9<\/h3>\n<p>RXEUROPA.COM (RXEUR) accorde beaucoup d&rsquo;importance \u00e0 votre vie priv\u00e9e. En cons\u00e9quence, nous avons d\u00e9velopp\u00e9 cette politique afin de vous permettre de comprendre comment nous recueillons, utilisons, communiquons, divulguons et faisons usage des donn\u00e9es \u00e0 caract\u00e8re personnel. Ce qui suit d\u00e9crit notre politique de confidentialit\u00e9.<\/p>\n<h3>D\u00e9claration de confidentialit\u00e9<\/h3>\n<ul>\n<li>Avant ou lors de la collecte de donn\u00e9es \u00e0 caract\u00e8re personnel, nous identifierons les objectifs en vue desquels les renseignements sont recueillis. Nous recueillerons et utiliserons des donn\u00e9es \u00e0 caract\u00e8re personnel uniquement afin de r\u00e9aliser nos objectifs et d&rsquo;autres buts compatibles, sauf si nous obtenons le consentement de la personne concern\u00e9e ou si cela est exig\u00e9 par la loi.<\/li>\n<li>Nous ne conserverons les donn\u00e9es \u00e0 caract\u00e8re personnel que pendant le temps n\u00e9cessaire \u00e0 la r\u00e9alisation de ces objectifs.<\/li>\n<li>Nous recueillerons des donn\u00e9es \u00e0 caract\u00e8re personnel par des moyens l\u00e9gaux et conformes et, le cas \u00e9ch\u00e9ant, au su et avec le consentement de la personne concern\u00e9e.<\/li>\n<li>Les donn\u00e9es \u00e0 caract\u00e8re personnel doivent \u00eatre pertinentes quant aux fins auxquelles elles sont destin\u00e9es et, dans cette mesure, elles doivent \u00eatre exactes, exhaustives et actuelles..<\/li>\n<li>Nous prot\u00e9gerons les donn\u00e9es \u00e0 caract\u00e8re personnel par des mesures de s\u00e9curit\u00e9 raisonnables contre la perte ou le vol, ainsi que contre tout acc\u00e8s, toute divulgation, toute reproduction, toute utilisation ou toute modification non autoris\u00e9s.<\/li>\n<li>Nous mettrons \u00e0 la disposition des clients des informations sur nos politiques et pratiques relatives \u00e0 la gestion des donn\u00e9es \u00e0 caract\u00e8re personnel.<\/li>\n<\/ul>\n<p>Nous nous engageons \u00e0 mener nos activit\u00e9s conform\u00e9ment \u00e0 ces principes, afin d&rsquo;assurer la protection et le maintien de la confidentialit\u00e9 des donn\u00e9es \u00e0 caract\u00e8re personnel.<\/p>\n<h3>S\u00e9curit\u00e9<\/h3>\n<p>Lorsque vous cliquez sur un lien de consultation ou de connexion au portail patient, vous \u00eates transf\u00e9r\u00e9 vers le portail de la pharmacie sur https:\/\/prescription.technology. Cette connexion est \u00e9galement crypt\u00e9e et priv\u00e9e. Toutes les informations concernant votre commande, qu&rsquo;elles soient financi\u00e8res ou m\u00e9dicales, sont examin\u00e9es exclusivement par le m\u00e9decin et par le pharmacien traitant la commande. Ces informations ne sont pas disponibles pour les op\u00e9rateurs de ce site.<\/p>\n<h3>Cookies<\/h3>\n<p>RXEUR utilise des cookies. En utilisant ce site et en acceptant cette politique, vous consentez \u00e0 notre utilisation de cookies conform\u00e9ment aux conditions de cette politique.<\/p>\n<p>Les cookies sont des fichiers envoy\u00e9s par les serveurs Web vers les navigateurs Web, et qui sont stock\u00e9s par les navigateurs Web.<\/p>\n<p>L&rsquo;information est ensuite renvoy\u00e9e vers le serveur \u00e0 chaque fois que le navigateur demande une page de ce serveur. Cela permet \u00e0 un serveur Web d&rsquo;identifier et de suivre les navigateurs Web.<\/p>\n<p>Il existe deux principaux types de cookies : les cookies de session et les cookies persistants. Les cookies de session sont supprim\u00e9s de votre ordinateur lorsque vous fermez votre navigateur, tandis que les cookies persistants restent stock\u00e9s sur votre ordinateur jusqu&rsquo;\u00e0 leur suppression ou jusqu&rsquo;\u00e0 ce qu&rsquo;ils atteignent leur date d&rsquo;expiration.<\/p>\n<p><strong>Les cookies sur notre site<\/strong><\/p>\n<p>RXEUR utilise les cookies suivants sur ce site, pour les objectifs suivants :<\/p>\n<p>Cookies de Google<\/p>\n<p>RXEUR utilise Google Analytics pour analyser l&rsquo;utilisation de ce site. Google Analytics g\u00e9n\u00e8re des statistiques et d&rsquo;autres informations \u00e0 propos de l&rsquo;utilisation du site par le biais des cookies, qui sont stock\u00e9s sur les ordinateurs des utilisateurs. L&rsquo;information relative \u00e0 notre site ainsi g\u00e9n\u00e9r\u00e9e est utilis\u00e9e pour cr\u00e9er des rapports sur l&rsquo;utilisation du site. Google va stocker et utiliser cette information. La politique de confidentialit\u00e9 de Google est disponible sur : http:\/\/www.google.com\/privacypolicy.html.<\/p>\n<p>Cookies relatifs aux partners d\u00e9livrant les ordonnances<\/p>\n<p>Lorsque vous passez une commande ou vous vous connectez \u00e0 notre portail patient, vous serez transf\u00e9r\u00e9 vers notre site de fournisseurs d&rsquo;ordonnances. Ce site \u00e9laborera \u00e9galement des cookies pour faciliter votre achat et s\u00e9curiser les \u00e9changes d&rsquo;informations n\u00e9cessaires entre vous, le m\u00e9decin et le pharmacien.<\/p>\n<p><strong>Refus des cookies<\/strong><br \/>\nLa plupart des navigateurs vous permettent de refuser d&rsquo;accepter les cookies.<\/p>\n<p>Dans Internet Explorer, vous pouvez refuser tous les cookies en cliquant sur \u00ab Outils \u00bb, \u00ab Options Internet \u00bb, \u00ab Confidentialit\u00e9 \u00bb, et en s\u00e9lectionnant \u00ab Bloquer tous les cookies \u00bb en utilisant le menu d\u00e9roulant.<\/p>\n<p>Dans Firefox, vous pouvez r\u00e9gler les param\u00e8tres de vos cookies en cliquant sur \u00ab Outils \u00bb, \u00ab Options \u00bb et \u00ab confidentialit\u00e9 \u00bb.<\/p>\n<p>Le blocage des cookies peut avoir un impact n\u00e9gatif sur la facilit\u00e9 d&rsquo;utilisation de nos services.<\/p>\n","protected":false},"excerpt":{"rendered":"<p>Confidentialit\u00e9 RXEUROPA.COM (RXEUR) accorde beaucoup d&rsquo;importance \u00e0 votre vie priv\u00e9e. En cons\u00e9quence, nous avons d\u00e9velopp\u00e9 cette politique afin de vous permettre de comprendre comment nous recueillons, utilisons, communiquons, divulguons et faisons usage des donn\u00e9es \u00e0 caract\u00e8re personnel. Ce qui suit d\u00e9crit notre politique de confidentialit\u00e9. D\u00e9claration de confidentialit\u00e9 Avant ou lors de la collecte de<a href=\"https:\/\/rxeuropa.com\/fr\/privacy-policy\/\" class=\"read_more\">Read More<\/a><\/p>\n","protected":false},"author":2,"featured_media":0,"parent":0,"menu_order":0,"comment_status":"closed","ping_status":"closed","template":"inner-template2.php","meta":{"footnotes":""},"class_list":["post-214","page","type-page","status-publish","hentry"],"_links":{"self":[{"href":"https:\/\/rxeuropa.com\/fr\/wp-json\/wp\/v2\/pages\/214","targetHints":{"allow":["GET"]}}],"collection":[{"href":"https:\/\/rxeuropa.com\/fr\/wp-json\/wp\/v2\/pages"}],"about":[{"href":"https:\/\/rxeuropa.com\/fr\/wp-json\/wp\/v2\/types\/page"}],"author":[{"embeddable":true,"href":"https:\/\/rxeuropa.com\/fr\/wp-json\/wp\/v2\/users\/2"}],"replies":[{"embeddable":true,"href":"https:\/\/rxeuropa.com\/fr\/wp-json\/wp\/v2\/comments?post=214"}],"version-history":[{"count":0,"href":"https:\/\/rxeuropa.com\/fr\/wp-json\/wp\/v2\/pages\/214\/revisions"}],"wp:attachment":[{"href":"https:\/\/rxeuropa.com\/fr\/wp-json\/wp\/v2\/media?parent=214"}],"curies":[{"name":"wp","href":"https:\/\/api.w.org\/{rel}","templated":true}]}}