{"id":213,"date":"2013-07-01T17:17:06","date_gmt":"2013-07-01T17:17:06","guid":{"rendered":"http:\/\/localhost\/rxe\/?page_id=175"},"modified":"2022-02-10T07:48:58","modified_gmt":"2022-02-10T07:48:58","slug":"treatments","status":"publish","type":"page","link":"https:\/\/rxeuropa.com\/fr\/treatments\/","title":{"rendered":"Traitements"},"content":{"rendered":"<p>Vous pouvez acheter des analg\u00e9siques sur ordonnance sur ce site. Mais d&rsquo;abord, vous aurez besoin que l&rsquo;un de nos m\u00e9decins vous d\u00e9livre une ordonnance. Ceci est soumis \u00e0 une consultation en ligne. Les informations ci-dessous contiennent des liens vers les diff\u00e9rentes pages de traitement o\u00f9 vous pouvez trouver de plus amples informations.<\/p>\n<h3>Cod\u00e9ine<\/h3>\n<p><a href=\"https:\/\/rxeuropa.com\/fr\/treatments\/codeine-phosphate\/\"><u>Cliquez ici pour acheter du phosphate de cod\u00e9ine<\/u><\/a><\/p>\n<p>Codeine is available as codeine phosphate in 30mg, or 60mg tablets. Codeine phosphate is prescribed for moderate to severe pain.<\/p>\n<h3>Dihydrocod\u00e9ine<\/h3>\n<p><a href=\"https:\/\/rxeuropa.com\/fr\/treatments\/dihydrocodeine\/\"><u>Cliquez ici pour acheter de la dihydrocod\u00e9ine<\/u><\/a><\/p>\n<p>La dihydrocod\u00e9ine est une autre forme de cod\u00e9ine couramment prescrite pour la douleur. Elle est disponible en comprim\u00e9s de 30 mg. La dihydrocod\u00e9ine est m\u00e9tabolis\u00e9e d&rsquo;une mani\u00e8re diff\u00e9rente du phosphate de cod\u00e9ine et elle est donc pour certaines personnes plus efficace.<\/p>\n<h3>Co-codamol<\/h3>\n<p><a href=\"https:\/\/rxeuropa.com\/fr\/treatments\/co-codamol\/\"><u>Cliquez ici pour acheter du Co-Codamol<\/u><\/a><\/p>\n<p>Le Co-Codamol est \u00e9galement disponible en vente libre avec une teneur en cod\u00e9ine limit\u00e9e \u00e0 8 &#8211; 12 mg. Le Co-Codamol sur ordonnance contient g\u00e9n\u00e9ralement 500 mg de parac\u00e9tamol et 30 mg de cod\u00e9ine dans chaque comprim\u00e9. Il existe diff\u00e9rentes marques propri\u00e9taires de ce m\u00e9dicament, comme Kapake, Solpadol et Zapain. Vous pouvez acheter ces marques de Co-Codamol ou des marques g\u00e9n\u00e9riques approuv\u00e9es de Co-Codamol via le lien ci-dessus.<\/p>\n<h3>Les AINS<\/h3>\n<p><a href=\"https:\/\/rxeuropa.com\/fr\/treatments\/nsaids\/\"><u>Cliquez ici pour acheter des m\u00e9dicaments AINS<\/u><\/a><\/p>\n<p>Les AINS sont les analg\u00e9siques les plus connus et utilis\u00e9s disponibles dans toutes les pharmacies de m\u00e9dicaments en vente libre. Les AINS sont particuli\u00e8rement indiqu\u00e9s pour traiter la douleur d&rsquo;origine inflammatoire. Les AINS int\u00e8grent des m\u00e9dicaments largement utilis\u00e9s comme l&rsquo;aspirine et l&rsquo;ibuprof\u00e8ne. Mais pour acheter des AINS plus forts, vous aurez besoin d&rsquo;une ordonnance. Des AINS n\u00e9cessitant une ordonnance sont disponibles sur notre site.<\/p>\n<h3>Autres<\/h3>\n<p><a href=\"https:\/\/rxeuropa.com\/fr\/treatments\/other\/\"><u>Cliquez ici pour acheter d&rsquo;autres m\u00e9dicaments<\/u><\/a><\/p>\n<p>Les analg\u00e9siques qui ne sont pas regroup\u00e9s dans une des cat\u00e9gories ci-dessus sont souvent indiqu\u00e9s dans des conditions et des pathologies sp\u00e9cifiques. Par exemple, le Relpax est utilis\u00e9 pour traiter sp\u00e9cifiquement la douleur migraineuse, et le Lyrica est un nouveau m\u00e9dicament destin\u00e9 \u00e0 traiter la douleur neuropathique.<\/p>\n","protected":false},"excerpt":{"rendered":"<p>Vous pouvez acheter des analg\u00e9siques sur ordonnance sur ce site. Mais d&rsquo;abord, vous aurez besoin que l&rsquo;un de nos m\u00e9decins vous d\u00e9livre une ordonnance. Ceci est soumis \u00e0 une consultation en ligne. Les informations ci-dessous contiennent des liens vers les diff\u00e9rentes pages de traitement o\u00f9 vous pouvez trouver de plus amples informations. Cod\u00e9ine Cliquez ici<a href=\"https:\/\/rxeuropa.com\/fr\/treatments\/\" class=\"read_more\">Read More<\/a><\/p>\n","protected":false},"author":2,"featured_media":0,"parent":0,"menu_order":1,"comment_status":"closed","ping_status":"closed","template":"inner-template5.php","meta":{"footnotes":""},"class_list":["post-213","page","type-page","status-publish","hentry"],"_links":{"self":[{"href":"https:\/\/rxeuropa.com\/fr\/wp-json\/wp\/v2\/pages\/213","targetHints":{"allow":["GET"]}}],"collection":[{"href":"https:\/\/rxeuropa.com\/fr\/wp-json\/wp\/v2\/pages"}],"about":[{"href":"https:\/\/rxeuropa.com\/fr\/wp-json\/wp\/v2\/types\/page"}],"author":[{"embeddable":true,"href":"https:\/\/rxeuropa.com\/fr\/wp-json\/wp\/v2\/users\/2"}],"replies":[{"embeddable":true,"href":"https:\/\/rxeuropa.com\/fr\/wp-json\/wp\/v2\/comments?post=213"}],"version-history":[{"count":0,"href":"https:\/\/rxeuropa.com\/fr\/wp-json\/wp\/v2\/pages\/213\/revisions"}],"wp:attachment":[{"href":"https:\/\/rxeuropa.com\/fr\/wp-json\/wp\/v2\/media?parent=213"}],"curies":[{"name":"wp","href":"https:\/\/api.w.org\/{rel}","templated":true}]}}