{"id":2065,"date":"2026-04-18T16:48:27","date_gmt":"2026-04-18T16:48:27","guid":{"rendered":"https:\/\/rxeuropa.com\/fr\/?page_id=2065"},"modified":"2026-04-18T17:28:46","modified_gmt":"2026-04-18T17:28:46","slug":"rybelsus","status":"publish","type":"page","link":"https:\/\/rxeuropa.com\/fr\/perte-de-poids\/rybelsus\/","title":{"rendered":"RYBELSUS"},"content":{"rendered":"<p>RYBELSUS, d\u00e9velopp\u00e9 par Novo Nordisk, est un m\u00e9dicament oral innovant con\u00e7u pour am\u00e9liorer le contr\u00f4le de la glyc\u00e9mie chez les adultes atteints de diab\u00e8te de type 2. Son principe actif, le s\u00e9maglutide, offre une alternative pratique aux traitements antidiab\u00e9tiques injectables.<br \/>\n<div class=\"as_products_table \" id=\"as_products_table\" ><div class=\"astblrow row_even\" ><div><strong>RYBELSUS 3mg<\/strong><\/div><div>30 Tablets<\/div><div><strong>&#8364;219.00<\/strong><\/div><div><a href=\"javascript:void(0)\" data-productid=\"1951\" >Demarrez la consultation<\/a><\/div><\/div><div class=\"astblrow row_odd\" ><div><strong>RYBELSUS 7mg<\/strong><\/div><div>90 Tablets<\/div><div><strong>&#8364;599.00<\/strong><\/div><div><a href=\"javascript:void(0)\" data-productid=\"1952\" >Demarrez la consultation<\/a><\/div><\/div><div class=\"astblrow row_even\" ><div><strong>RYBELSUS 14mg<\/strong><\/div><div>90 Tablets<\/div><div><strong>&#8364;599.00<\/strong><\/div><div><a href=\"javascript:void(0)\" data-productid=\"1040\" >Demarrez la consultation<\/a><\/div><\/div><\/div><\/p>\n<p><strong>Comment RYBELSUS agit<\/strong><\/p>\n<p>RYBELSUS agit en imitant l\u2019hormone GLP-1, qui aide \u00e0 stimuler la production d\u2019insuline et \u00e0 r\u00e9duire la glyc\u00e9mie. De plus, il diminue l\u2019app\u00e9tit, ce qui contribue \u00e0 une meilleure prise en charge globale du diab\u00e8te et peut favoriser une perte de poids. Dans l\u2019UE et au Royaume-Uni, RYBELSUS est principalement approuv\u00e9 pour le traitement du diab\u00e8te de type 2 afin d\u2019aider \u00e0 contr\u00f4ler la glyc\u00e9mie. Toutefois, en raison de son m\u00e9canisme d\u2019action \u2014 qui inclut la r\u00e9duction de l\u2019app\u00e9tit \u2014 les professionnels de sant\u00e9 peuvent le prescrire hors AMM pour la gestion du poids, en particulier chez les patients ayant un IMC de 30 ou plus, ou un IMC de 27 ou plus associ\u00e9 \u00e0 au moins une affection li\u00e9e au poids, comme l\u2019hypertension ou un taux de cholest\u00e9rol \u00e9lev\u00e9.<\/p>\n<p><strong>RYBELSUS pour la gestion du poids<\/strong><\/p>\n<p>Des essais cliniques ont montr\u00e9 que les patients prenant RYBELSUS peuvent obtenir une perte de poids significative. Il est toutefois important de noter que l\u2019utilisation de RYBELSUS pour la perte de poids n\u2019est pas officiellement approuv\u00e9e. Les patients ne doivent prendre RYBELSUS pour maigrir que sous la supervision d\u2019un professionnel de sant\u00e9, qui pourra ajuster le traitement si n\u00e9cessaire. Pour les personnes int\u00e9ress\u00e9es par des m\u00e9dicaments destin\u00e9s \u00e0 la perte de poids, d\u2019autres agonistes des r\u00e9cepteurs du GLP-1 comme Wegovy et Saxenda sont sp\u00e9cifiquement approuv\u00e9s \u00e0 cet effet et peuvent \u00eatre recommand\u00e9s comme alternatives.<\/p>\n<p><strong>Dosages disponibles<\/strong><\/p>\n<p>RYBELSUS est disponible \u00e0 l\u2019achat via notre pharmacie partenaire en trois dosages : 3 mg, 7 mg et 14 mg. Les patients commencent g\u00e9n\u00e9ralement par 3 mg une fois par jour pendant les 30 premiers jours, puis passent \u00e0 7 mg ou 14 mg, selon la prescription du m\u00e9decin.<\/p>\n<p><strong>Utilisation et administration<\/strong><\/p>\n<p>Pris une fois par jour avec de l\u2019eau, RYBELSUS doit \u00eatre pris 30 minutes avant le premier repas de la journ\u00e9e pour des r\u00e9sultats optimaux. Notre pharmacie fournit RYBELSUS avec une consultation m\u00e9dicale en ligne incluse avec nos m\u00e9decins internes, afin de v\u00e9rifier qu\u2019il convient \u00e0 vos besoins.<\/p>\n<p><strong>Effets ind\u00e9sirables fr\u00e9quents<\/strong><\/p>\n<p>Les effets ind\u00e9sirables fr\u00e9quents de RYBELSUS comprennent les naus\u00e9es, la diarrh\u00e9e, les vomissements, les douleurs abdominales et une diminution de l\u2019app\u00e9tit. Ces effets sont g\u00e9n\u00e9ralement l\u00e9gers et s\u2019att\u00e9nuent avec le temps.<\/p>\n<p><strong>RYBELSUS est-il fait pour moi ?<\/strong><\/p>\n<p>RYBELSUS est id\u00e9al pour les adultes atteints de diab\u00e8te de type 2 qui recherchent une option de traitement par voie orale. Il est \u00e9galement prescrit hors AMM au Royaume-Uni pour la gestion du poids, offrant un b\u00e9n\u00e9fice suppl\u00e9mentaire aux personnes en situation d\u2019ob\u00e9sit\u00e9 ou de surpoids. Une consultation approfondie avec nos m\u00e9decins internes confirmera si RYBELSUS est le bon choix pour vous.<\/p>\n<p><strong>Acheter RYBELSUS en ligne<\/strong><\/p>\n<p><strong>Commandez RYBELSUS via notre pharmacie et b\u00e9n\u00e9ficiez d\u2019une livraison le lendemain dans toute l\u2019Europe et au Royaume-Uni. Le prix inclut une consultation m\u00e9dicale d\u00e9taill\u00e9e ainsi que le m\u00e9dicament, afin de vous garantir des conseils d\u2019experts et une livraison rapide. Commencez d\u00e8s aujourd\u2019hui votre parcours vers une meilleure prise en charge du diab\u00e8te et une perte de poids potentielle avec RYBELSUS.<\/strong><\/p>\n<p>&nbsp;<\/p>\n","protected":false},"excerpt":{"rendered":"<p>RYBELSUS, d\u00e9velopp\u00e9 par Novo Nordisk, est un m\u00e9dicament oral innovant con\u00e7u pour am\u00e9liorer le contr\u00f4le de la glyc\u00e9mie chez les adultes atteints de diab\u00e8te de type 2. Son principe actif, le s\u00e9maglutide, offre une alternative pratique aux traitements antidiab\u00e9tiques injectables. Comment RYBELSUS agit RYBELSUS agit en imitant l\u2019hormone GLP-1, qui aide \u00e0 stimuler la production<a href=\"https:\/\/rxeuropa.com\/fr\/perte-de-poids\/rybelsus\/\" class=\"read_more\">Read More<\/a><\/p>\n","protected":false},"author":7,"featured_media":0,"parent":2061,"menu_order":0,"comment_status":"closed","ping_status":"closed","template":"inner-template6.php","meta":{"footnotes":""},"class_list":["post-2065","page","type-page","status-publish","hentry"],"_links":{"self":[{"href":"https:\/\/rxeuropa.com\/fr\/wp-json\/wp\/v2\/pages\/2065","targetHints":{"allow":["GET"]}}],"collection":[{"href":"https:\/\/rxeuropa.com\/fr\/wp-json\/wp\/v2\/pages"}],"about":[{"href":"https:\/\/rxeuropa.com\/fr\/wp-json\/wp\/v2\/types\/page"}],"author":[{"embeddable":true,"href":"https:\/\/rxeuropa.com\/fr\/wp-json\/wp\/v2\/users\/7"}],"replies":[{"embeddable":true,"href":"https:\/\/rxeuropa.com\/fr\/wp-json\/wp\/v2\/comments?post=2065"}],"version-history":[{"count":3,"href":"https:\/\/rxeuropa.com\/fr\/wp-json\/wp\/v2\/pages\/2065\/revisions"}],"predecessor-version":[{"id":2069,"href":"https:\/\/rxeuropa.com\/fr\/wp-json\/wp\/v2\/pages\/2065\/revisions\/2069"}],"up":[{"embeddable":true,"href":"https:\/\/rxeuropa.com\/fr\/wp-json\/wp\/v2\/pages\/2061"}],"wp:attachment":[{"href":"https:\/\/rxeuropa.com\/fr\/wp-json\/wp\/v2\/media?parent=2065"}],"curies":[{"name":"wp","href":"https:\/\/api.w.org\/{rel}","templated":true}]}}