{"id":2063,"date":"2026-04-18T17:08:24","date_gmt":"2026-04-18T17:08:24","guid":{"rendered":"https:\/\/rxeuropa.com\/fr\/?page_id=2063"},"modified":"2026-04-18T17:08:24","modified_gmt":"2026-04-18T17:08:24","slug":"wegovy","status":"publish","type":"page","link":"https:\/\/rxeuropa.com\/fr\/perte-de-poids\/wegovy\/","title":{"rendered":"Wegovy"},"content":{"rendered":"<p>Wegovy, d\u00e9velopp\u00e9 par Novo Nordisk, est un traitement r\u00e9volutionnaire de gestion du poids, con\u00e7u pour aider les adultes en situation d\u2019ob\u00e9sit\u00e9 ou de surpoids. Vous pouvez acheter Wegovy au Royaume-Uni sous certaines conditions, et uniquement sur pr\u00e9sentation d\u2019une ordonnance m\u00e9dicale d\u00e9livr\u00e9e \u00e0 la suite d\u2019une consultation en ligne.<br \/>\n<div class=\"as_products_table \" id=\"as_products_table\" ><div class=\"astblrow row_even\" ><div><strong>Wegovy 0.25mg<\/strong><\/div><div>1 Pen (4 injections)<\/div><div><strong>&#8364;699.00<\/strong><\/div><div><a href=\"javascript:void(0)\" data-productid=\"1949\" >Demarrez la consultation<\/a><\/div><\/div><div class=\"astblrow row_odd\" ><div><strong>Wegovy 0.5mg<\/strong><\/div><div>1 Pen (4 injections)<\/div><div><strong>&#8364;498.00<\/strong><\/div><div><a href=\"javascript:void(0)\" data-productid=\"1950\" >Demarrez la consultation<\/a><\/div><\/div><div class=\"astblrow row_even\" ><div><strong>Wegovy 1.7mg<\/strong><\/div><div>1 Pen (4 injections)<\/div><div><strong>&#8364;569.00<\/strong><\/div><div><a href=\"javascript:void(0)\" data-productid=\"1954\" >Demarrez la consultation<\/a><\/div><\/div><\/div><\/p>\n<p>Le principe actif de Wegovy, le <a href=\"https:\/\/healthmedia.blog.gov.uk\/2023\/09\/04\/accessing-wegovy-for-weight-loss-everything-you-need-to-know\/\" target=\"_blank\" rel=\"noopener\">s\u00e9maglutide<\/a>, est sp\u00e9cialement formul\u00e9 pour les personnes ayant un IMC de 27 ou plus, associ\u00e9 \u00e0 des probl\u00e8mes de sant\u00e9 li\u00e9s au poids, tels que l\u2019hypertension art\u00e9rielle ou le diab\u00e8te de type 2.<br \/>\n<strong>Transformez votre parcours de gestion du poids<\/strong><\/p>\n<p>Wegovy agit en imitant l\u2019hormone GLP-1, qui joue un r\u00f4le essentiel dans la r\u00e9gulation de l\u2019app\u00e9tit. En r\u00e9duisant la faim et en augmentant la sensation de sati\u00e9t\u00e9, Wegovy vous aide \u00e0 manger moins et \u00e0 perdre du poids. Les essais cliniques ont montr\u00e9 des r\u00e9sultats significatifs, les utilisateurs enregistrant une r\u00e9duction moyenne de 17 \u00e0 18 % de leur poids corporel. Cette injection pour la perte de poids gagne en popularit\u00e9 au Royaume-Uni gr\u00e2ce \u00e0 son efficacit\u00e9 et \u00e0 sa simplicit\u00e9 d\u2019utilisation.<\/p>\n<p><strong>Dosages disponibles<\/strong><\/p>\n<p>Wegovy est disponible aux dosages suivants : 0,25 mg, 0,5 mg, 1 mg, 1,7 mg et 2,4 mg. Le traitement commence g\u00e9n\u00e9ralement par une faible dose de 0,25 mg une fois par semaine, puis augmente progressivement jusqu\u2019\u00e0 la dose compl\u00e8te de 2,4 mg. Wegovy s\u2019administre par injection sous-cutan\u00e9e une fois par semaine. Il est essentiel de suivre les instructions de votre professionnel de sant\u00e9 sur la mani\u00e8re d\u2019injecter Wegovy correctement. Notre pharmacie partenaire propose Wegovy avec une consultation m\u00e9dicale en ligne incluse avec ses m\u00e9decins internes, afin de s\u2019assurer que ce traitement est adapt\u00e9 \u00e0 votre situation.<\/p>\n<p><strong>Effets ind\u00e9sirables fr\u00e9quents<\/strong><\/p>\n<p>Bien que Wegovy soit efficace, il peut provoquer certains effets ind\u00e9sirables, notamment des naus\u00e9es, une diarrh\u00e9e, des vomissements, une constipation et des douleurs abdominales. La plupart des effets sont l\u00e9gers et temporaires. Il est important de bien comprendre les effets potentiels : consultez votre professionnel de sant\u00e9 si vous avez des inqui\u00e9tudes.<\/p>\n<p><strong>Wegovy est-il fait pour moi ?<\/strong><\/p>\n<p>Wegovy convient aux adultes ayant un IMC de 30 ou plus, ou un IMC de 27 ou plus avec une affection li\u00e9e au poids. Avant de commencer Wegovy, une consultation approfondie avec nos m\u00e9decins permettra de d\u00e9terminer si ce m\u00e9dicament vous convient. Il est \u00e9galement utile de noter que Wegovy est disponible via le NHS pour les patients \u00e9ligibles. Vous pouvez aussi acheter Wegovy en ligne sur des sites comme celui-ci, qui op\u00e8rent en collaboration avec des pharmacies enregistr\u00e9es partenaires.<\/p>\n<p><strong>Acheter Wegovy en ligne<\/strong><\/p>\n<p>Wegovy est disponible \u00e0 l\u2019achat via notre pharmacie partenaire, avec la commodit\u00e9 d\u2019une livraison le lendemain dans toute l\u2019Europe et au Royaume-Uni. Le prix inclut une consultation m\u00e9dicale compl\u00e8te en ligne ainsi que le m\u00e9dicament lui-m\u00eame, afin de vous garantir des conseils d\u2019experts et une livraison rapide. Cela facilite le d\u00e9marrage de votre parcours de perte de poids, avec l\u2019accompagnement dont vous avez besoin. Wegovy ne convient pas \u00e0 tout le monde. Consultez notre page <a href=\"https:\/\/rxeuropa.com\/treatments\/\">Traitements<\/a> pour d\u00e9couvrir toutes les options de perte de poids disponibles.<\/p>\n<p><strong>Pour acheter Wegovy en ligne, utilisez le lien \u00ab Start Consultation \u00bb ci-dessus et faites le premier pas vers vos objectifs de gestion du poids avec Wegovy. Que vous envisagiez Wegovy pour ses b\u00e9n\u00e9fices sur la perte de poids ou pour son efficacit\u00e9 dans la prise en charge de conditions telles que le diab\u00e8te de type 2, notre \u00e9quipe est l\u00e0 pour vous accompagner \u00e0 chaque \u00e9tape.<\/strong><\/p>\n","protected":false},"excerpt":{"rendered":"<p>Wegovy, d\u00e9velopp\u00e9 par Novo Nordisk, est un traitement r\u00e9volutionnaire de gestion du poids, con\u00e7u pour aider les adultes en situation d\u2019ob\u00e9sit\u00e9 ou de surpoids. Vous pouvez acheter Wegovy au Royaume-Uni sous certaines conditions, et uniquement sur pr\u00e9sentation d\u2019une ordonnance m\u00e9dicale d\u00e9livr\u00e9e \u00e0 la suite d\u2019une consultation en ligne. Le principe actif de Wegovy, le s\u00e9maglutide,<a href=\"https:\/\/rxeuropa.com\/fr\/perte-de-poids\/wegovy\/\" class=\"read_more\">Read More<\/a><\/p>\n","protected":false},"author":7,"featured_media":0,"parent":2061,"menu_order":0,"comment_status":"closed","ping_status":"closed","template":"inner-template6.php","meta":{"footnotes":""},"class_list":["post-2063","page","type-page","status-publish","hentry"],"_links":{"self":[{"href":"https:\/\/rxeuropa.com\/fr\/wp-json\/wp\/v2\/pages\/2063","targetHints":{"allow":["GET"]}}],"collection":[{"href":"https:\/\/rxeuropa.com\/fr\/wp-json\/wp\/v2\/pages"}],"about":[{"href":"https:\/\/rxeuropa.com\/fr\/wp-json\/wp\/v2\/types\/page"}],"author":[{"embeddable":true,"href":"https:\/\/rxeuropa.com\/fr\/wp-json\/wp\/v2\/users\/7"}],"replies":[{"embeddable":true,"href":"https:\/\/rxeuropa.com\/fr\/wp-json\/wp\/v2\/comments?post=2063"}],"version-history":[{"count":2,"href":"https:\/\/rxeuropa.com\/fr\/wp-json\/wp\/v2\/pages\/2063\/revisions"}],"predecessor-version":[{"id":2070,"href":"https:\/\/rxeuropa.com\/fr\/wp-json\/wp\/v2\/pages\/2063\/revisions\/2070"}],"up":[{"embeddable":true,"href":"https:\/\/rxeuropa.com\/fr\/wp-json\/wp\/v2\/pages\/2061"}],"wp:attachment":[{"href":"https:\/\/rxeuropa.com\/fr\/wp-json\/wp\/v2\/media?parent=2063"}],"curies":[{"name":"wp","href":"https:\/\/api.w.org\/{rel}","templated":true}]}}