{"id":2052,"date":"2026-04-13T16:28:59","date_gmt":"2026-04-13T16:28:59","guid":{"rendered":"https:\/\/rxeuropa.com\/fr\/?page_id=2052"},"modified":"2026-04-13T16:44:30","modified_gmt":"2026-04-13T16:44:30","slug":"modafinil","status":"publish","type":"page","link":"https:\/\/rxeuropa.com\/fr\/modafinil\/","title":{"rendered":"Modafinil"},"content":{"rendered":"\r\n<p><strong>Modafinil<\/strong> traite la narcolepsie et est commercialis\u00e9 sous des noms de marque tels que Modafinil, Alertec, Vigicer et Modalert. Vous pouvez acheter du Modafinil en ligne en utilisant les liens ci-dessous.\u00a0<\/p>\r\n<h3>Indications approuv\u00e9es du Modafinil<\/h3>\r\n<p>Le Modafinil est approuv\u00e9 dans de nombreux pays de l\u2019UE pour le traitement de la narcolepsie. Cependant, de nombreux m\u00e9decins le prescrivent \u00e9galement pour diverses affections, dont certaines sont li\u00e9es au mode de vie.<\/p>\r\n<h3>Bienfaits du Modafinil<\/h3>\r\n<p>Le Modafinil n\u2019entra\u00eene pas de d\u00e9pendance et \u00e9vite de nombreux effets secondaires associ\u00e9s aux amph\u00e9tamines. Il am\u00e9liore la m\u00e9moire, favorise une meilleure humeur et ne provoque pas les \u00ab hauts et bas \u00bb typiques des stimulants. Les personnes qui utilisent le Modafinil \u00e9vitent g\u00e9n\u00e9ralement l\u2019anxi\u00e9t\u00e9, l\u2019insomnie ou les perturbations du sommeil que d\u2019autres stimulants peuvent provoquer.<\/p>\r\n<h3>Utilisations courantes du Modafinil<\/h3>\r\n<p><strong>Le Modafinil est couramment utilis\u00e9 pour :<\/strong> La narcolepsie est la raison la plus fr\u00e9quente pour laquelle les gens ach\u00e8tent du modafinil en ligne. La narcolepsie est un trouble neurologique qui provoque une somnolence diurne incontr\u00f4lable, perturbant le travail, les rythmes quotidiens et le mode de vie. Cette condition peut \u00e9galement \u00eatre dangereuse. Les chercheurs ont test\u00e9 le Modafinil pour traiter le d\u00e9clin de la m\u00e9moire li\u00e9 \u00e0 l\u2019\u00e2ge, la maladie d\u2019Alzheimer, le TDA, les troubles cognitifs, la dystrophie myotonique, la fatigue li\u00e9e \u00e0 la scl\u00e9rose en plaques, l\u2019\u00e9tat de somnolence apr\u00e8s anesth\u00e9sie, le d\u00e9calage horaire et d\u2019autres troubles du sommeil. Lorsque vous achetez du modafinil en ligne aupr\u00e8s de notre pharmacie partenaire au Royaume-Uni, vous recevez un m\u00e9dicament de la m\u00eame qualit\u00e9 que celui d\u00e9livr\u00e9 par une pharmacie locale.<\/p>\r\n<h3>Posologie correcte du Modafinil<\/h3>\r\n<p>Prenez le Modafinil exactement comme votre m\u00e9decin vous l\u2019a prescrit. Les recommandations g\u00e9n\u00e9rales sugg\u00e8rent un comprim\u00e9 de 100 mg pour jusqu\u2019\u00e0 8 heures de stimulation, pris une \u00e0 deux fois par jour. Adultes : La dose quotidienne recommand\u00e9e est de 200 \u00e0 400 mg. Vous pouvez prendre le Modafinil en deux prises (le matin et \u00e0 midi) ou en une seule prise le matin, selon l\u2019avis de votre m\u00e9decin et votre r\u00e9ponse au traitement. Personnes \u00e2g\u00e9es : Chez les patients \u00e2g\u00e9s, l\u2019\u00e9limination du Modafinil est g\u00e9n\u00e9ralement plus lente. Les patients de plus de 65 ans devraient commencer avec une dose quotidienne de 100 mg. En l\u2019absence d\u2019atteinte h\u00e9patique ou r\u00e9nale, la dose peut \u00eatre augment\u00e9e progressivement jusqu\u2019\u00e0 400 mg\/jour, en fonction de la r\u00e9ponse au traitement. En cas de probl\u00e8mes h\u00e9patiques ou r\u00e9naux, r\u00e9duisez la dose \u00e0 100\u2013200 mg\/jour. \u00c9vitez de prendre le Modafinil le soir.<\/p>\r\n<h3>Pr\u00e9cautions d\u2019emploi<\/h3>\r\n<p>Avant d\u2019acheter du Modafinil en ligne, discutez de son ad\u00e9quation avec votre m\u00e9decin et suivez ses recommandations. Les patients souffrant d\u2019anxi\u00e9t\u00e9 ne doivent utiliser le Modafinil que sous la supervision d\u2019un sp\u00e9cialiste. Les femmes enceintes ou ayant un projet de grossesse doivent en informer leur m\u00e9decin, et le traitement par Modafinil doit \u00eatre interrompu pendant la grossesse. <strong>Les patients souffrant d\u2019hypertension doivent surveiller r\u00e9guli\u00e8rement leur tension art\u00e9rielle et leur fr\u00e9quence cardiaque. Les personnes pr\u00e9sentant une hypertrophie ventriculaire gauche, des douleurs thoraciques, une arythmie ou un prolapsus de la valve mitrale doivent \u00e9viter de prendre du Modafinil.<\/strong><\/p>\r\n<h3>Interactions m\u00e9dicamenteuses<\/h3>\r\n<p><strong>Contraceptifs oraux :<\/strong> Le Modafinil r\u00e9duit l\u2019efficacit\u00e9 des contraceptifs oraux. Ne prenez pas le Modafinil en m\u00eame temps que des produits contenant 50 mg ou plus d\u2019\u00e9thinylestradiol. Apr\u00e8s l\u2019arr\u00eat du Modafinil, attendez deux cycles menstruels avant de r\u00e9utiliser des contraceptifs oraux. <strong>Antid\u00e9presseurs tricycliques :<\/strong> Une \u00e9tude portant sur le Modafinil (200 mg) et la clomipramine (50 mg) n\u2019a montr\u00e9 aucune interaction significative, mais les m\u00e9decins doivent surveiller de pr\u00e8s les patients qui prennent les deux. <strong>Anti\u00e9pileptiques :<\/strong> Aucune \u00e9tude formelle n\u2019a \u00e9valu\u00e9 les interactions entre le Modafinil et les anti\u00e9pileptiques ; la prudence est donc recommand\u00e9e en cas d\u2019association.<\/p>\r\n<h3>Mises en garde particuli\u00e8res<\/h3>\r\n<p>Les \u00e9tudes montrent un faible risque de d\u00e9pendance avec le Modafinil, mais une utilisation au long cours peut n\u00e9anmoins conduire \u00e0 une d\u00e9pendance. Le Modafinil n\u2019est pas recommand\u00e9 chez l\u2019enfant en raison du manque d\u2019\u00e9tudes contr\u00f4l\u00e9es. Son effet sur la conduite ou l\u2019utilisation de machines est inconnu. <strong>Les patients pr\u00e9sentant des probl\u00e8mes cardiaques doivent consulter un m\u00e9decin avant d\u2019utiliser le Modafinil.<\/strong> Les sportifs doivent noter que le Modafinil peut entra\u00eener un r\u00e9sultat positif lors des contr\u00f4les antidopage.<\/p>\r\n<h3>Grossesse et allaitement<\/h3>\r\n<p><strong>Le Modafinil ne doit pas \u00eatre utilis\u00e9 pendant la grossesse ni l\u2019allaitement.<\/strong><\/p>\r\n<h3>Informations sur le surdosage<\/h3>\r\n<p>Le principal sympt\u00f4me d\u2019un surdosage en Modafinil est l\u2019insomnie. Les options de traitement comprennent le vomissement provoqu\u00e9 ou le lavage gastrique. Une hospitalisation peut \u00eatre n\u00e9cessaire afin de surveiller l\u2019activit\u00e9 psychomotrice et la fonction cardiaque.<\/p>\r\n<h3>Informations en cas d\u2019oubli de dose<\/h3>\r\n<p><strong>Si vous oubliez une dose :<\/strong> vous risquez de vous endormir. Prenez la dose suivante \u00e0 votre r\u00e9veil, mais ne doublez jamais la dose.<\/p>\r\n<h3>Effets secondaires du Modafinil<\/h3>\r\n<p>Les effets secondaires possibles comprennent la nervosit\u00e9, l\u2019irritabilit\u00e9, l\u2019insomnie, la perte d\u2019app\u00e9tit, les maux de t\u00eate, l\u2019inconfort gastro-intestinal, la bouche s\u00e8che, la tachycardie et l\u2019arythmie. Dans de rares cas, des \u00e9ruptions cutan\u00e9es ou une dyskin\u00e9sie peuvent survenir. Pour r\u00e9duire le risque d\u2019effets ind\u00e9sirables, suivez les instructions de votre m\u00e9decin et les recommandations du fabricant fournies avec le m\u00e9dicament. Informez votre m\u00e9decin si vous ressentez des effets secondaires non mentionn\u00e9s ci-dessus.<\/p>\r\n\r\n<p>&nbsp;<\/p>","protected":false},"excerpt":{"rendered":"<p>Modafinil traite la narcolepsie et est commercialis\u00e9 sous des noms de marque tels que Modafinil, Alertec, Vigicer et Modalert. Vous pouvez acheter du Modafinil en ligne en utilisant les liens ci-dessous.\u00a0 Indications approuv\u00e9es du Modafinil Le Modafinil est approuv\u00e9 dans de nombreux pays de l\u2019UE pour le traitement de la narcolepsie. Cependant, de nombreux m\u00e9decins<a href=\"https:\/\/rxeuropa.com\/fr\/modafinil\/\" class=\"read_more\">Read More<\/a><\/p>\n","protected":false},"author":7,"featured_media":0,"parent":0,"menu_order":0,"comment_status":"closed","ping_status":"closed","template":"inner-template5.php","meta":{"footnotes":""},"class_list":["post-2052","page","type-page","status-publish","hentry"],"_links":{"self":[{"href":"https:\/\/rxeuropa.com\/fr\/wp-json\/wp\/v2\/pages\/2052","targetHints":{"allow":["GET"]}}],"collection":[{"href":"https:\/\/rxeuropa.com\/fr\/wp-json\/wp\/v2\/pages"}],"about":[{"href":"https:\/\/rxeuropa.com\/fr\/wp-json\/wp\/v2\/types\/page"}],"author":[{"embeddable":true,"href":"https:\/\/rxeuropa.com\/fr\/wp-json\/wp\/v2\/users\/7"}],"replies":[{"embeddable":true,"href":"https:\/\/rxeuropa.com\/fr\/wp-json\/wp\/v2\/comments?post=2052"}],"version-history":[{"count":4,"href":"https:\/\/rxeuropa.com\/fr\/wp-json\/wp\/v2\/pages\/2052\/revisions"}],"predecessor-version":[{"id":2057,"href":"https:\/\/rxeuropa.com\/fr\/wp-json\/wp\/v2\/pages\/2052\/revisions\/2057"}],"wp:attachment":[{"href":"https:\/\/rxeuropa.com\/fr\/wp-json\/wp\/v2\/media?parent=2052"}],"curies":[{"name":"wp","href":"https:\/\/api.w.org\/{rel}","templated":true}]}}