{"id":1922,"date":"2015-09-16T16:20:32","date_gmt":"2015-09-16T16:20:32","guid":{"rendered":"http:\/\/rxeuropa.localhost.com\/fr\/?page_id=1922"},"modified":"2022-12-11T16:25:34","modified_gmt":"2022-12-11T16:25:34","slug":"tramadol","status":"publish","type":"page","link":"https:\/\/rxeuropa.com\/fr\/treatments\/tramadol\/","title":{"rendered":"Tramadol"},"content":{"rendered":"<p><strong>Comment acheter Tramadol en ligne<\/strong><\/p>\n<p>Avant d&rsquo;acheter Tramadol 50mg sur ce site web, vous devez consulter l&rsquo;un de nos m\u00e9decins agr\u00e9es dans l&rsquo;Union Europ\u00e9enne. Cette consultation est un service gratuit et votre commande est soumise au m\u00e9decin approuvant votre prescription.<br \/>\n<div class=\"as_products_table \" id=\"as_products_table\" ><div class=\"astblrow row_even\" ><div><strong>Tramadol 50mg<\/strong><\/div><div>50 Capsules<\/div><div><strong>&#8364;85.00<\/strong><\/div><div><a href=\"javascript:void(0)\" data-productid=\"233\" >Demarrez la consultation<\/a><\/div><\/div><div class=\"astblrow row_odd\" ><div><strong>Tramadol 50mg<\/strong><\/div><div>100 Capsules<\/div><div><strong>&#8364;115.00<\/strong><\/div><div><a href=\"javascript:void(0)\" data-productid=\"234\" >Demarrez la consultation<\/a><\/div><\/div><div class=\"astblrow row_even\" ><div><strong>Tramadol 50mg<\/strong><\/div><div>200 Capsules<\/div><div><strong>&#8364;155.00<\/strong><\/div><div><a href=\"javascript:void(0)\" data-productid=\"468\" >Demarrez la consultation<\/a><\/div><\/div><div class=\"astblrow row_odd\" ><div><strong>Tramadol Retard 100mg<\/strong><\/div><div>100 Tablets<\/div><div><strong>&#8364;135.00<\/strong><\/div><div><a href=\"javascript:void(0)\" data-productid=\"603\" >Demarrez la consultation<\/a><\/div><\/div><div class=\"astblrow row_even\" ><div><strong>Tramadol Retard 100mg<\/strong><\/div><div>100 Capsules<\/div><div><strong>&#8364;135.00<\/strong><\/div><div><a href=\"javascript:void(0)\" data-productid=\"604\" >Demarrez la consultation<\/a><\/div><\/div><div class=\"astblrow row_odd\" ><div><strong>Tramadol Retard 150mg<\/strong><\/div><div>50 Tablets<\/div><div><strong>&#8364;119.00<\/strong><\/div><div><a href=\"javascript:void(0)\" data-productid=\"868\" >Demarrez la consultation<\/a><\/div><\/div><div class=\"astblrow row_even\" ><div><strong>Tramadol Retard 200mg<\/strong><\/div><div>50 Tablets<\/div><div><strong>&#8364;135.00<\/strong><\/div><div><a href=\"javascript:void(0)\" data-productid=\"867\" >Demarrez la consultation<\/a><\/div><\/div><\/div><br \/>\nLe Tramadol est commercialis\u00e9 sous plusieurs noms et sous diff\u00e9rentes marques telles que Mabron, Zydol et Zamadol. Nous fournissons le Tramadol sous forme de comprim\u00e9s de 50 mg. Le Tramadol est g\u00e9n\u00e9ralement prescrit pour le soulagement de la douleur mod\u00e9r\u00e9ment s\u00e9v\u00e8re.<\/p>\n<p><strong>Est-ce que le Tramadol est indiqu\u00e9 dans mon cas ?<\/strong><\/p>\n<p>Comme tout m\u00e9dicament le Tramadol pourrait ne pas \u00eatre indiqu\u00e9 pour vous. Seul votre m\u00e9decin peut d\u00e9cider comment traiter le mieux votre \u00e9tat de sant\u00e9. Le Tramadol est un opio\u00efde synth\u00e9tique et bien que l&rsquo;on consid\u00e8re qu&rsquo;il comporte g\u00e9n\u00e9ralement moins d&rsquo;accoutumance par rapport \u00e0 d&rsquo;autres opio\u00efdes, comme la cod\u00e9ine, il fait toujours l&rsquo;objet d&rsquo;abus.\u00a0 Par cons\u00e9quent, lorsque le m\u00e9decin choisit le traitement le plus ad\u00e9quat \u00e0 votre cas, le m\u00e9decin peut avoir \u00e0 consid\u00e9rer non seulement votre \u00e9tat de sant\u00e9, mais aussi :<\/p>\n<ul>\n<li>vos autres probl\u00e8mes de sant\u00e9<\/li>\n<li>les autres m\u00e9dicaments que vous prenez<\/li>\n<li>votre \u00e2ge et votre \u00e9tat de sant\u00e9 g\u00e9n\u00e9ral<\/li>\n<li>les probl\u00e8mes li\u00e9s \u00e0 votre style de vie, en particulier si vous fumez\/buvez de l&rsquo;alcool<\/li>\n<\/ul>\n<p>L&rsquo;ABUS DE TRAMADOL PEUT ENTRA\u00ceNER LA MORT. SI VOUS SOUP\u00c7ONNEZ AVOIR PRIS UNE DOSE EXCESSIVE DE TRAMADOL, CONTACTEZ IMMEDIATEMENT UN SERVICE MEDICAL D&rsquo;URGENCE<\/p>\n<p>Lisez la notice de Tramadol contenue dans la bo\u00eete du m\u00e9dicament pour obtenir des informations compl\u00e8tes.<\/p>\n<p>Le Tramadol doit \u00eatre pris uniquement selon la posologie et les modalit\u00e9s prescrites par votre m\u00e9decin. Ne donnez pas le Tramadol \u00e0 quelqu&rsquo;un d&rsquo;autre. Ne prenez pas le Tramadol avec d&rsquo;autres m\u00e9dicaments sans l&rsquo;accord du m\u00e9decin.\u00a0 Gardez votre Tramadol loin de la port\u00e9e d&rsquo;autres personnes et en particulier des enfants.<\/p>\n<p>Ne prenez pas le Tramadol si vous avez consomm\u00e9 de l&rsquo;alcool ou des s\u00e9datifs, des tranquillisants ou d&rsquo;autres stup\u00e9fiants.<\/p>\n<p>Le Tramadol est contre-indiqu\u00e9 chez certains patients, y compris chez ceux qui ont des ant\u00e9c\u00e9dents de toxicomanie ou d&rsquo;alcoolisme. Vous ne devriez pas prendre le Tramadol si vous avez une tendance \u00e0 la toxicomanie.<\/p>\n<p>Vous ne devriez pas prendre le Tramadol en cas de grossesse ou d&rsquo;allaitement.<\/p>\n<p><strong>Est-ce-que le Tramadol peut avoir des effets secondaires ?<\/strong><\/p>\n<p>Comme tout m\u00e9dicament sous ordonnance, le Tramadol peut avoir des effets secondaires et ne convient pas \u00e0 tout le monde. Les effets secondaires peuvent \u00eatre mineurs, et dans ce cas, ils peuvent g\u00e9n\u00e9ralement \u00eatre ignor\u00e9s. Ou bien ils peuvent \u00eatre importants vous obligeant \u00e0 arr\u00eater le traitement ou \u00e0 consulter un professionnel de sant\u00e9.<\/p>\n<p><strong>Les effets secondaires mineurs comprennent :<\/strong><\/p>\n<ul>\n<li>\u00e9tourdissements ou vertiges l\u00e9gers<\/li>\n<li>difficult\u00e9 \u00e0 vous endormir ou interruption du sommeil<\/li>\n<li>migraine<\/li>\n<li>sautes d&rsquo;humeur<\/li>\n<li>indigestion<\/li>\n<li>malaise<\/li>\n<li>diarrh\u00e9e<\/li>\n<li>constipation<\/li>\n<\/ul>\n<p><strong>Demander de l&rsquo;aide m\u00e9dicale en cas de :<\/strong><\/p>\n<ul>\n<li>convulsions<\/li>\n<li>fi\u00e8vre<\/li>\n<li>\u00e9ruptions cutan\u00e9es ou lesions bulleuses<\/li>\n<li>probl\u00e8mes \u00e0 avaler ou \u00e0 respirer<\/li>\n<li>gonflement du visage ou des extr\u00e9mit\u00e9s (mains, pieds)<\/li>\n<li>hallucinations<\/li>\n<li>perte de conscience<\/li>\n<li>tachycardie<\/li>\n<\/ul>\n","protected":false},"excerpt":{"rendered":"<p>Comment acheter Tramadol en ligne Avant d&rsquo;acheter Tramadol 50mg sur ce site web, vous devez consulter l&rsquo;un de nos m\u00e9decins agr\u00e9es dans l&rsquo;Union Europ\u00e9enne. Cette consultation est un service gratuit et votre commande est soumise au m\u00e9decin approuvant votre prescription. Le Tramadol est commercialis\u00e9 sous plusieurs noms et sous diff\u00e9rentes marques telles que Mabron, Zydol<a href=\"https:\/\/rxeuropa.com\/fr\/treatments\/tramadol\/\" class=\"read_more\">Read More<\/a><\/p>\n","protected":false},"author":2,"featured_media":0,"parent":213,"menu_order":0,"comment_status":"closed","ping_status":"closed","template":"inner-template6.php","meta":{"footnotes":""},"class_list":["post-1922","page","type-page","status-publish","hentry"],"_links":{"self":[{"href":"https:\/\/rxeuropa.com\/fr\/wp-json\/wp\/v2\/pages\/1922","targetHints":{"allow":["GET"]}}],"collection":[{"href":"https:\/\/rxeuropa.com\/fr\/wp-json\/wp\/v2\/pages"}],"about":[{"href":"https:\/\/rxeuropa.com\/fr\/wp-json\/wp\/v2\/types\/page"}],"author":[{"embeddable":true,"href":"https:\/\/rxeuropa.com\/fr\/wp-json\/wp\/v2\/users\/2"}],"replies":[{"embeddable":true,"href":"https:\/\/rxeuropa.com\/fr\/wp-json\/wp\/v2\/comments?post=1922"}],"version-history":[{"count":0,"href":"https:\/\/rxeuropa.com\/fr\/wp-json\/wp\/v2\/pages\/1922\/revisions"}],"up":[{"embeddable":true,"href":"https:\/\/rxeuropa.com\/fr\/wp-json\/wp\/v2\/pages\/213"}],"wp:attachment":[{"href":"https:\/\/rxeuropa.com\/fr\/wp-json\/wp\/v2\/media?parent=1922"}],"curies":[{"name":"wp","href":"https:\/\/api.w.org\/{rel}","templated":true}]}}