{"id":191,"date":"2014-05-14T06:33:55","date_gmt":"2014-05-14T06:33:55","guid":{"rendered":"http:\/\/rx4pain.co.uk\/?page_id=191"},"modified":"2015-09-23T16:07:34","modified_gmt":"2015-09-23T16:07:34","slug":"how-to-order","status":"publish","type":"page","link":"https:\/\/rxeuropa.com\/fr\/how-to-order\/","title":{"rendered":"Comment passer une commande"},"content":{"rendered":"<p>Nous avons travaill\u00e9 dur pour rendre notre processus de commande aussi simple et convivial possible. N\u00e9anmoins, lorsque vous achetez des analg\u00e9siques en ligne (au moins \u00e0 partir d&rsquo;un site l\u00e9gal comme RXEUROPA), vous avez besoin de vous conformer \u00e0 certaines exigences, car ce secteur est tr\u00e8s r\u00e9glement\u00e9. <\/p>\n<p>Vous trouverez des liens vers notre proc\u00e9dure de consultation sur toutes les pages consacr\u00e9es aux m\u00e9dicaments. C&rsquo;est ici que vous devenez un nouveau patient. Il suffit donc de cliquer sur le bon lien tel que <em>D\u00e9marrer la consultation<\/em> or <em>Proc\u00e9der \u00e0 la consultation<\/em> et vous serez transf\u00e9r\u00e9 par le syst\u00e8me s\u00e9curis\u00e9 vers notre portail de service de prescription.<\/p>\n<p>Ensuite, vous serez invit\u00e9 \u00e0 fournir des informations requises.<\/p>\n<ul>\n<li>Coordonn\u00e9es (afin que nous puissions confirmer votre identit\u00e9 et traiter votre commande)<\/li>\n<li>Informations m\u00e9dicales (qui seront seulement \u00e0 la disposition du m\u00e9decin et du pharmacien)<\/li>\n<li>Informations de facturation (afin que vous puissiez payer votre achat)<\/li>\n<\/ul>\n<p>Lorsque vous aurez effectu\u00e9 cela et finalis\u00e9 votre commande, vous devrez consulter votre adresse e-mail afin de trouver une demande automatis\u00e9e pour vous connecter \u00e0 notre syst\u00e8me patient s\u00e9curis\u00e9 et pour v\u00e9rifier vos messages et vos demandes. Cet e-mail automatique se retrouve parfois dans le dossier des courriers ind\u00e9sirables de certains fournisseurs de messagerie comme Hotmail. Donc, assurez-vous de v\u00e9rifier le dossier des courriers ind\u00e9sirables. Si vous ne donnez pas suite \u00e0 cet e-mail, votre commande ne sera pas trait\u00e9e.<\/p>\n<p>Lorsque le m\u00e9decin \u00e9met votre ordonnance, elle est transf\u00e9r\u00e9e \u00e0 la pharmacie. Si elle est approuv\u00e9e avant 15 heures, alors elle sera exp\u00e9di\u00e9e le jour m\u00eame pour une livraison le lendemain. Soyez pr\u00e9venu que le Tramadol est un m\u00e9dicament contr\u00f4l\u00e9 et qu&rsquo;il ne peut pas \u00eatre fourni aussi rapidement que d&rsquo;autres analg\u00e9siques en raison des exigences concernant les ordonnances qui prennent plus de temps au m\u00e9decin et au pharmacien.<br \/>\n&nbsp;<\/p>\n<h2>Facturation<\/h2>\n<p>D\u00e8s que vous passez une commande, votre carte de cr\u00e9dit est pr\u00e9-autoris\u00e9e pour le montant de votre commande. Elle n&rsquo;est pas d\u00e9bit\u00e9e vu que la commande peut \u00eatre refus\u00e9e par le m\u00e9decin prescripteur, mais le montant de la commande est \u00ab verrouill\u00e9 \u00bb. Si la commande est refus\u00e9e, ou que l&rsquo;op\u00e9ration ne peut se poursuivre pour une autre raison (par exemple, nous ne pouvons pas confirmer votre identit\u00e9), alors la pr\u00e9-autorisation est imm\u00e9diatement lev\u00e9e. Les fonds r\u00e9appara\u00eetront ensuite sur votre compte. Le temps que ce processus prend varie selon les banques et nous n&rsquo;en avons aucun contr\u00f4le.<br \/>\nVous ne payez que le co\u00fbt de votre m\u00e9dicament. Il n&rsquo;y a pas de suppl\u00e9ments dissimul\u00e9s. La consultation du docteur et les co\u00fbts de livraison de nuit sont inclus dans le co\u00fbt de votre achat.<br \/>\n&nbsp;<\/p>\n","protected":false},"excerpt":{"rendered":"<p>Nous avons travaill\u00e9 dur pour rendre notre processus de commande aussi simple et convivial possible. N\u00e9anmoins, lorsque vous achetez des analg\u00e9siques en ligne (au moins \u00e0 partir d&rsquo;un site l\u00e9gal comme RXEUROPA), vous avez besoin de vous conformer \u00e0 certaines exigences, car ce secteur est tr\u00e8s r\u00e9glement\u00e9. Vous trouverez des liens vers notre proc\u00e9dure de<a href=\"https:\/\/rxeuropa.com\/fr\/how-to-order\/\" class=\"read_more\">Read More<\/a><\/p>\n","protected":false},"author":1,"featured_media":0,"parent":0,"menu_order":0,"comment_status":"closed","ping_status":"closed","template":"inner-template2.php","meta":{"footnotes":""},"class_list":["post-191","page","type-page","status-publish","hentry"],"_links":{"self":[{"href":"https:\/\/rxeuropa.com\/fr\/wp-json\/wp\/v2\/pages\/191","targetHints":{"allow":["GET"]}}],"collection":[{"href":"https:\/\/rxeuropa.com\/fr\/wp-json\/wp\/v2\/pages"}],"about":[{"href":"https:\/\/rxeuropa.com\/fr\/wp-json\/wp\/v2\/types\/page"}],"author":[{"embeddable":true,"href":"https:\/\/rxeuropa.com\/fr\/wp-json\/wp\/v2\/users\/1"}],"replies":[{"embeddable":true,"href":"https:\/\/rxeuropa.com\/fr\/wp-json\/wp\/v2\/comments?post=191"}],"version-history":[{"count":0,"href":"https:\/\/rxeuropa.com\/fr\/wp-json\/wp\/v2\/pages\/191\/revisions"}],"wp:attachment":[{"href":"https:\/\/rxeuropa.com\/fr\/wp-json\/wp\/v2\/media?parent=191"}],"curies":[{"name":"wp","href":"https:\/\/api.w.org\/{rel}","templated":true}]}}