{"id":190,"date":"2013-07-01T17:21:57","date_gmt":"2013-07-01T17:21:57","guid":{"rendered":"http:\/\/localhost\/rxe\/?page_id=190"},"modified":"2017-10-25T15:12:08","modified_gmt":"2017-10-25T15:12:08","slug":"nsaids","status":"publish","type":"page","link":"https:\/\/rxeuropa.com\/fr\/treatments\/nsaids\/","title":{"rendered":"Diclof\u00e9nac"},"content":{"rendered":"<p>Vous pouvez acheter des AINS n\u00e9cessitant une ordonnance par le biais de ce site sous r\u00e9serve de l&rsquo;approbation de nos docteurs. Les AINS n\u00e9cessitant une ordonnance sont souvent prescrits pour toute une vari\u00e9t\u00e9 de maladies inflammatoires chroniques, comprenant diverses formes d&rsquo;arthrite ainsi que des conditions de douleur aigu\u00eb comme la goutte et la chirurgie dentaire.<\/p>\n<p>AINS est le nom commun pour les m\u00e9dicaments anti-inflammatoires non st\u00e9ro\u00efdiens. Cela regroupe les m\u00e9dicaments qui agissent \u00e0 la fois pour lutter contre la douleur et pour r\u00e9duire la fi\u00e8vre, et la plupart des rem\u00e8des bien connus et largement achet\u00e9s en vente libre et dans les supermarch\u00e9s sont inclus dans ce groupe, comme l&rsquo;aspirine et l&rsquo;ibuprof\u00e8ne.<\/p>\n<p>Les AINS en vente libre sont utilis\u00e9s pour traiter un large \u00e9ventail de conditions m\u00e9dicales, y compris les maux de t\u00eate, les \u00e9pisodes douloureux, les maux de dents, les entorses et foulures, et le rhume.<\/p>\n<p>Le Diclof\u00e9nac, commercialis\u00e9 sous le nom de Voltar\u00e8ne, est un AINS utilis\u00e9 dans le traitement de l&rsquo;arthrite, de la douleur post-chirurgicale et d&rsquo;autres \u00e9tats inflammatoires. Vous pouvez acheter du Diclof\u00e9nac par le biais de notre site avec ordonnance de nos docteurs en comprim\u00e9s de 50 mg, 75 mg ou 100 mg ou de suppositoires de 100 mg. Cliquez sur le lien ci-dessous pour commencer votre consultation.<\/p>\n<p>Le Diclof\u00e9nance est contre-indiqu\u00e9 chez les patients ayant des ant\u00e9c\u00e9dents circulatoires potentiellement mortels, des saignements gastriques ou intestinaux, ou tout type de saignements ou troubles de la coagulation. L&rsquo;utilisation \u00e0 long terme augmente le risque de crise cardiaque ou d&rsquo;AVC. Vous devrez \u00e9viter de boire de l&rsquo;alcool ou de prendre d&rsquo;autres AINS lorsque vous prenez du Diclof\u00e9nac.<\/p>\n<p><strong>Les AINS sont les analg\u00e9siques les plus couramment utilis\u00e9s dans le monde, mais ils ne sont pas sans risque. Vous devez utiliser votre m\u00e9dicament uniquement tel que prescrit par le m\u00e9decin.<\/strong><\/p>\n<p>&nbsp;<\/p>\n","protected":false},"excerpt":{"rendered":"<p>Vous pouvez acheter des AINS n\u00e9cessitant une ordonnance par le biais de ce site sous r\u00e9serve de l&rsquo;approbation de nos docteurs. Les AINS n\u00e9cessitant une ordonnance sont souvent prescrits pour toute une vari\u00e9t\u00e9 de maladies inflammatoires chroniques, comprenant diverses formes d&rsquo;arthrite ainsi que des conditions de douleur aigu\u00eb comme la goutte et la chirurgie dentaire.<a href=\"https:\/\/rxeuropa.com\/fr\/treatments\/nsaids\/\" class=\"read_more\">Read More<\/a><\/p>\n","protected":false},"author":2,"featured_media":0,"parent":213,"menu_order":0,"comment_status":"closed","ping_status":"closed","template":"inner-template3.php","meta":{"footnotes":""},"class_list":["post-190","page","type-page","status-publish","hentry"],"_links":{"self":[{"href":"https:\/\/rxeuropa.com\/fr\/wp-json\/wp\/v2\/pages\/190","targetHints":{"allow":["GET"]}}],"collection":[{"href":"https:\/\/rxeuropa.com\/fr\/wp-json\/wp\/v2\/pages"}],"about":[{"href":"https:\/\/rxeuropa.com\/fr\/wp-json\/wp\/v2\/types\/page"}],"author":[{"embeddable":true,"href":"https:\/\/rxeuropa.com\/fr\/wp-json\/wp\/v2\/users\/2"}],"replies":[{"embeddable":true,"href":"https:\/\/rxeuropa.com\/fr\/wp-json\/wp\/v2\/comments?post=190"}],"version-history":[{"count":0,"href":"https:\/\/rxeuropa.com\/fr\/wp-json\/wp\/v2\/pages\/190\/revisions"}],"up":[{"embeddable":true,"href":"https:\/\/rxeuropa.com\/fr\/wp-json\/wp\/v2\/pages\/213"}],"wp:attachment":[{"href":"https:\/\/rxeuropa.com\/fr\/wp-json\/wp\/v2\/media?parent=190"}],"curies":[{"name":"wp","href":"https:\/\/api.w.org\/{rel}","templated":true}]}}