{"id":176,"date":"2013-07-01T17:17:34","date_gmt":"2013-07-01T17:17:34","guid":{"rendered":"http:\/\/localhost\/rxe\/?page_id=176"},"modified":"2015-09-23T16:09:45","modified_gmt":"2015-09-23T16:09:45","slug":"terms-of-use","status":"publish","type":"page","link":"https:\/\/rxeuropa.com\/fr\/terms-of-use\/","title":{"rendered":"Conditions d&rsquo;utilisation"},"content":{"rendered":"<h3>Conditions g\u00e9n\u00e9rales li\u00e9es \u00e0 l&rsquo;utilisation d&rsquo;un site web.<\/h3>\n<p>En acc\u00e9dant \u00e0 ce site web, vous acceptez d&rsquo;\u00eatre li\u00e9 par ces Conditions g\u00e9n\u00e9rales d&rsquo;utilisation du site web, par tous les lois et r\u00e8glements applicables, et vous acceptez de vous conformer \u00e0 toute loi locale<br \/>\napplicable.  Si vous ne consentez pas \u00e0 l&rsquo;une de ces conditions, vous n&rsquo;\u00eates pas autoris\u00e9 \u00e0<br \/>\nutiliser ou acc\u00e9der \u00e0 ce site. Les documents contenus dans ce site Web sont prot\u00e9g\u00e9s par le droit d&rsquo;auteur et le droit des marques.<\/p>\n<h3>1. Licence d&rsquo;exploitation<\/h3>\n<ol type=\"a\">\n<li>Il est permis de t\u00e9l\u00e9charger temporairement une copie des documents<br \/>\n   sur le site Web RXEuropa.com (RXEUR ) seulement pour une visualisation non commerciale transitoire. Ceci est l&rsquo;octroi d&rsquo;une licence, et non un transfert de titre, et aux termes de cette licence, vous ne pouvez pas :<\/p>\n<ol type=\"i\">\n<li>modifier ou copier les documents;<\/li>\n<li>utiliser les documents \u00e0 des fins commerciales ou pour toute exposition publique (commerciale ou non-commerciale);<\/li>\n<li>tenter de d\u00e9compiler ou d&rsquo;effectuer une ing\u00e9nierie inverse de tout logiciel contenu sur RXEU;<\/li>\n<li>supprimer tout droit d&rsquo;auteur ou mention l\u00e9gale de propri\u00e9t\u00e9 intellectuelle des documents, ou<\/li>\n<li> transf\u00e9rer les documents \u00e0 une autre personne ou \u00ab dupliquer \u00bb les mat\u00e9riaux sur un autre serveur.<\/li>\n<\/ol>\n<\/li>\n<li>Cette licence sera r\u00e9sili\u00e9e automatiquement si vous ne respectez pas ces restrictions et peut \u00eatre r\u00e9sili\u00e9e par RXEUR \u00e0 tout moment. Apr\u00e8s avoir visionn\u00e9 ces documents ou \u00e0 l&rsquo;expiration de cette licence, vous devrez d\u00e9truire tout document t\u00e9l\u00e9charg\u00e9 en votre possession que ce soit sous forme \u00e9lectronique ou imprim\u00e9e.<\/li>\n<\/ol>\n<h3>2. Non-responsabilit\u00e9<\/h3>\n<p>Les documents sur ce site Web sont fournis \u00ab en l&rsquo;\u00e9tat \u00bb. RXEUR ne fournit aucune garantie expresse ou implicite, d\u00e9cline et nie par la pr\u00e9sente toute autre garantie, y compris et sans limitation les garanties implicites ou les conditions de qualit\u00e9 marchande, de conformit\u00e9 \u00e0 un usage particulier, ou de non-violation de la propri\u00e9t\u00e9 intellectuelle ou de tout autre droit. En outre, RXEUR ne fournit aucune garantie ni d\u00e9claration au sujet de l&rsquo;exactitude, des r\u00e9sultats potentiels, ou de la fiabilit\u00e9 relative \u00e0 l&rsquo;utilisation des documents sur son site web ou li\u00e9s de quelle que fa\u00e7on que ce soit \u00e0 ces documents ou sur tout site li\u00e9 \u00e0 ce site.<\/p>\n<h3>3. Restrictions<\/h3>\n<p>En aucun cas, RXEUR ou ses fournisseurs ne seront tenus pour responsables de tout endommagement (y compris, sans limitation, les dommages li\u00e9s \u00e0 la perte de donn\u00e9es ou de b\u00e9n\u00e9fices, ou \u00e0 l&rsquo;interruption d&rsquo;activit\u00e9,) d\u00e9coulant de l&rsquo;utilisation ou de l&rsquo;incapacit\u00e9 d&rsquo;utiliser les documents sur ce site Web, m\u00eame si RXEUR a \u00e9t\u00e9 inform\u00e9 oralement ou par \u00e9crit de la possibilit\u00e9 d&rsquo;un tel dommage. Du fait que certaines juridictions ne permettent pas de limitations sur les garanties implicites ou sur les limitations de responsabilit\u00e9 pour les dommages indirects ou accessoires, il se peut que ces limitations ne vous soient pas applicables.<\/p>\n<h3>4. R\u00e9visions et errata<\/h3>\n<p>Les documents figurant sur ce site Web peuvent contenir des erreurs m\u00e9dicales, techniques, typographiques ou photographiques. RXEUR ne garantit pas l&rsquo;exactitude, l&rsquo;exhaustivit\u00e9 ou la mise \u00e0 jour de tous les documents sur son site Web. RXEUR peut apporter des modifications aux documents contenus dans son site web \u00e0 tout moment et sans pr\u00e9avis. Cependant, RXEUR ne s&rsquo;engage pas \u00e0 mettre \u00e0 jour les documents.<\/p>\n<h3>5. Liens<\/h3>\n<p>RXEUR n&rsquo;a pas examin\u00e9 tous les sites li\u00e9s \u00e0 son site web et ne peut \u00eatre tenu pour responsable de leur contenu. L&rsquo;inclusion d&rsquo;un lien n&rsquo;implique pas l&rsquo;approbation du site par RXEUR. L&rsquo;utilisation de tels sites web li\u00e9s se fait aux risques et p\u00e9rils de l&rsquo;utilisateur.<\/p>\n<h3>6. Modifications des conditions g\u00e9n\u00e9rales d&rsquo;utilisation du site<\/h3>\n<p>RXEUR peut r\u00e9viser les conditions d&rsquo;utilisation de son site web \u00e0 tout moment et sans pr\u00e9avis. En utilisant ce site, vous acceptez d&rsquo;\u00eatre li\u00e9 par la version alors en vigueur des conditions g\u00e9n\u00e9rales d&rsquo;utilisation.<\/p>\n<h3>7. Droit applicable<\/h3>\n<p>Toute r\u00e9clamation relative \u00e0 ce site web est r\u00e9gie par le droit anglais, sans \u00e9gard aux conflits de lois.<br \/>\n&nbsp;<\/p>\n","protected":false},"excerpt":{"rendered":"<p>Conditions g\u00e9n\u00e9rales li\u00e9es \u00e0 l&rsquo;utilisation d&rsquo;un site web. En acc\u00e9dant \u00e0 ce site web, vous acceptez d&rsquo;\u00eatre li\u00e9 par ces Conditions g\u00e9n\u00e9rales d&rsquo;utilisation du site web, par tous les lois et r\u00e8glements applicables, et vous acceptez de vous conformer \u00e0 toute loi locale applicable. Si vous ne consentez pas \u00e0 l&rsquo;une de ces conditions, vous<a href=\"https:\/\/rxeuropa.com\/fr\/terms-of-use\/\" class=\"read_more\">Read More<\/a><\/p>\n","protected":false},"author":2,"featured_media":0,"parent":0,"menu_order":0,"comment_status":"closed","ping_status":"closed","template":"inner-template2.php","meta":{"footnotes":""},"class_list":["post-176","page","type-page","status-publish","hentry"],"_links":{"self":[{"href":"https:\/\/rxeuropa.com\/fr\/wp-json\/wp\/v2\/pages\/176","targetHints":{"allow":["GET"]}}],"collection":[{"href":"https:\/\/rxeuropa.com\/fr\/wp-json\/wp\/v2\/pages"}],"about":[{"href":"https:\/\/rxeuropa.com\/fr\/wp-json\/wp\/v2\/types\/page"}],"author":[{"embeddable":true,"href":"https:\/\/rxeuropa.com\/fr\/wp-json\/wp\/v2\/users\/2"}],"replies":[{"embeddable":true,"href":"https:\/\/rxeuropa.com\/fr\/wp-json\/wp\/v2\/comments?post=176"}],"version-history":[{"count":0,"href":"https:\/\/rxeuropa.com\/fr\/wp-json\/wp\/v2\/pages\/176\/revisions"}],"wp:attachment":[{"href":"https:\/\/rxeuropa.com\/fr\/wp-json\/wp\/v2\/media?parent=176"}],"curies":[{"name":"wp","href":"https:\/\/api.w.org\/{rel}","templated":true}]}}