{"id":145,"date":"2013-03-30T10:02:47","date_gmt":"2013-03-30T10:02:47","guid":{"rendered":"http:\/\/wpnukes.com\/demo\/welcare\/?page_id=145"},"modified":"2025-05-29T17:58:01","modified_gmt":"2025-05-29T17:58:01","slug":"contact-us","status":"publish","type":"page","link":"https:\/\/rxeuropa.com\/fr\/contact-us\/","title":{"rendered":"Contactez-Nous"},"content":{"rendered":"<p>Pour les questions des patients, comme le STATUT DE LA COMMANDE, veuillez vous connecter ici.  <strong><br \/>\n<a title=\"patients Portal\" href=\"http:\/\/rxeuropa.com\/fr\/patient-login\/\" rel=\"nofollow\">CLIQUEZ ICI POUR ACC\u00c9DER AU PORTAIL PATIENTS<\/a><\/strong><\/p>\n<p>Ou contactez-les \u00e0 ce num\u00e9ro +44 (0)20 3807 3385<\/p>\n<p>Tous les m\u00e9dicaments fournis par RXEUROPA.COM sont exp\u00e9di\u00e9s par pharmacie agr\u00e9\u00e9e par l&rsquo;UE, par example <\/p>\n<p><strong>Pour tout probl\u00e8me ou commentaire sur notre site ou nos services, CONTACTEZ LE WEBMASTER \u00e0 cette adresse e-mail. <\/strong><\/p>\n<p>N&rsquo;UTILISEZ PAS cette adresse e-mail pour le statut de votre commande ou des probl\u00e8mes m\u00e9dicaux.<\/p>\n","protected":false},"excerpt":{"rendered":"<p>Pour les questions des patients, comme le STATUT DE LA COMMANDE, veuillez vous connecter ici. CLIQUEZ ICI POUR ACC\u00c9DER AU PORTAIL PATIENTS Ou contactez-les \u00e0 ce num\u00e9ro +44 (0)20 3807 3385 Tous les m\u00e9dicaments fournis par RXEUROPA.COM sont exp\u00e9di\u00e9s par pharmacie agr\u00e9\u00e9e par l&rsquo;UE, par example Pour tout probl\u00e8me ou commentaire sur notre site ou<a href=\"https:\/\/rxeuropa.com\/fr\/contact-us\/\" class=\"read_more\">Read More<\/a><\/p>\n","protected":false},"author":1,"featured_media":0,"parent":0,"menu_order":7,"comment_status":"closed","ping_status":"closed","template":"inner-template4.php","meta":{"footnotes":""},"class_list":["post-145","page","type-page","status-publish","hentry"],"_links":{"self":[{"href":"https:\/\/rxeuropa.com\/fr\/wp-json\/wp\/v2\/pages\/145","targetHints":{"allow":["GET"]}}],"collection":[{"href":"https:\/\/rxeuropa.com\/fr\/wp-json\/wp\/v2\/pages"}],"about":[{"href":"https:\/\/rxeuropa.com\/fr\/wp-json\/wp\/v2\/types\/page"}],"author":[{"embeddable":true,"href":"https:\/\/rxeuropa.com\/fr\/wp-json\/wp\/v2\/users\/1"}],"replies":[{"embeddable":true,"href":"https:\/\/rxeuropa.com\/fr\/wp-json\/wp\/v2\/comments?post=145"}],"version-history":[{"count":1,"href":"https:\/\/rxeuropa.com\/fr\/wp-json\/wp\/v2\/pages\/145\/revisions"}],"predecessor-version":[{"id":2039,"href":"https:\/\/rxeuropa.com\/fr\/wp-json\/wp\/v2\/pages\/145\/revisions\/2039"}],"wp:attachment":[{"href":"https:\/\/rxeuropa.com\/fr\/wp-json\/wp\/v2\/media?parent=145"}],"curies":[{"name":"wp","href":"https:\/\/api.w.org\/{rel}","templated":true}]}}