{"id":1341,"date":"2014-06-21T13:11:19","date_gmt":"2014-06-21T13:11:19","guid":{"rendered":"http:\/\/rx4pain.co.uk\/?page_id=1341"},"modified":"2022-12-11T16:32:11","modified_gmt":"2022-12-11T16:32:11","slug":"dihydrocodeine","status":"publish","type":"page","link":"https:\/\/rxeuropa.com\/fr\/treatments\/dihydrocodeine\/","title":{"rendered":"Dihydrocod\u00e9ine"},"content":{"rendered":"<p><strong>La dihydrocod\u00e9ine est g\u00e9n\u00e9ralement prescrite pour soulager une douleur mod\u00e9r\u00e9e<\/strong><br \/>\n<div class=\"as_products_table \" id=\"as_products_table\" ><div class=\"astblrow row_even\" ><div><strong>Dihydrocodeine 60mg<\/strong><\/div><div>20 Tablets<\/div><div><strong>&#8364;89.00<\/strong><\/div><div><a href=\"javascript:void(0)\" data-productid=\"908\" >Demarrez la consultation<\/a><\/div><\/div><div class=\"astblrow row_odd\" ><div><strong>Dihydrocodeine 60mg<\/strong><\/div><div>50 Tablets<\/div><div><strong>&#8364;129.00<\/strong><\/div><div><a href=\"javascript:void(0)\" data-productid=\"909\" >Demarrez la consultation<\/a><\/div><\/div><div class=\"astblrow row_even\" ><div><strong>Dihydrocodeine 60mg<\/strong><\/div><div>100 Tablets<\/div><div><strong>&#8364;369.00<\/strong><\/div><div><a href=\"javascript:void(0)\" data-productid=\"1939\" >Demarrez la consultation<\/a><\/div><\/div><\/div><br \/>\nPour acheter de la dihydrocod\u00e9ine en ligne, vous devez d&rsquo;abord effectuer une consultation avec l&rsquo;un de nos m\u00e9decins. Cette consultation est un service gratuit et lorsque le m\u00e9decin approuve votre commande, elle est transf\u00e9r\u00e9e vers notre pharmacie.<\/p>\n<p><strong>Ce m\u00e9dicament est-il bon pour moi ?<\/strong><br \/>\nComme tout m\u00e9dicament, la dihydrocod\u00e9ine pourrait ne pas \u00eatre bon pour vous. Seul votre m\u00e9decin peut d\u00e9cider comment traiter le mieux votre cas. Lorsqu&rsquo;il consid\u00e8re le traitement ad\u00e9quat \u00e0 votre cas, le m\u00e9decin peut avoir \u00e0 consid\u00e9rer non seulement votre \u00e9tat en lui-m\u00eame, mais aussi :<\/p>\n<ul>\n<li>vos autres probl\u00e8mes de sant\u00e9<\/li>\n<li>les autres m\u00e9dicaments que vous prenez<\/li>\n<li>votre \u00e2ge et votre \u00e9tat de sant\u00e9 g\u00e9n\u00e9ral<\/li>\n<li>des probl\u00e8mes li\u00e9s \u00e0 votre style de vie, sp\u00e9cialement si vous fumez\/buvez de l&rsquo;alcool<\/li>\n<\/ul>\n<p><em>La dihydrocod\u00e9ine est contre-indiqu\u00e9e pour certains patients, y compris ceux ayant des ant\u00e9c\u00e9dents li\u00e9s au foie, aux reins, \u00e0 la prostate ou \u00e0 la thyro\u00efde et pour des personnes atteintes d&rsquo;\u00e9pilepsie ou de pression art\u00e9rielle basse. Lire la notice de votre m\u00e9dicament pour obtenir des informations compl\u00e8tes. Pendant la grossesse ou l&rsquo;allaitement, la dihydrocod\u00e9ine doit \u00eatre prise uniquement sur le conseil de votre m\u00e9decin.<\/p>\n<p><strong>La dihydrocod\u00e9ine comporte-t-elle des effets secondaires?<\/strong><br \/>\nComme tous les m\u00e9dicaments n\u00e9cessitant une ordonnance, la dihydrocod\u00e9ine peut avoir des effets secondaires, et elle ne convient pas \u00e0 tout le monde. Les effets secondaires peuvent \u00eatre mineurs, et dans ce cas, ils peuvent g\u00e9n\u00e9ralement \u00eatre ignor\u00e9s. Ou ils peuvent \u00eatre importants vous obligeant \u00e0 suspendre la prise du m\u00e9dicament ou \u00e0 consulter un professionnel de sant\u00e9.<\/p>\n<p><strong>Les effets secondaires mineurs comprennent :<\/strong><\/p>\n<ul>\n<li>Des naus\u00e9es ou des douleurs abdominales\/li&gt;<\/li>\n<li>Constipation<\/li>\n<li><strong>Demander une aide m\u00e9dicale en cas de :<\/strong><\/li>\n<li>Pouls faible<\/li>\n<li>Difficult\u00e9 \u00e0 respirer normalement<\/li>\n<\/ul>\n<p><strong>En association avec d&rsquo;autres m\u00e9dicaments contenant de la cod\u00e9ine, la dihydrocod\u00e9ine peut \u00eatre addictive et provoquer une utilisation abusive. Vous ne devez pas acheter de dihydrocod\u00e9ine si vous avez d\u00e9ja \u00e9t\u00e9 toxicomane ou fait un usage abusif de drogues. .<\/strong><\/p>\n<p>Une overdose de dihydrocod\u00e9ine peut provoquer la mort. Il est extr\u00eamement important que vous ne d\u00e9passiez pas la dose quotidienne prescrite par le m\u00e9decin. Si vous pensez que vous avez pris une dose trop importante, vous devez imm\u00e9diatement contacter les urgences m\u00e9dicales.<\/p>\n","protected":false},"excerpt":{"rendered":"<p>La dihydrocod\u00e9ine est g\u00e9n\u00e9ralement prescrite pour soulager une douleur mod\u00e9r\u00e9e Pour acheter de la dihydrocod\u00e9ine en ligne, vous devez d&rsquo;abord effectuer une consultation avec l&rsquo;un de nos m\u00e9decins. Cette consultation est un service gratuit et lorsque le m\u00e9decin approuve votre commande, elle est transf\u00e9r\u00e9e vers notre pharmacie. Ce m\u00e9dicament est-il bon pour moi ? Comme<a href=\"https:\/\/rxeuropa.com\/fr\/treatments\/dihydrocodeine\/\" class=\"read_more\">Read More<\/a><\/p>\n","protected":false},"author":1,"featured_media":0,"parent":213,"menu_order":4,"comment_status":"closed","ping_status":"closed","template":"inner-template6.php","meta":{"footnotes":""},"class_list":["post-1341","page","type-page","status-publish","hentry"],"_links":{"self":[{"href":"https:\/\/rxeuropa.com\/fr\/wp-json\/wp\/v2\/pages\/1341","targetHints":{"allow":["GET"]}}],"collection":[{"href":"https:\/\/rxeuropa.com\/fr\/wp-json\/wp\/v2\/pages"}],"about":[{"href":"https:\/\/rxeuropa.com\/fr\/wp-json\/wp\/v2\/types\/page"}],"author":[{"embeddable":true,"href":"https:\/\/rxeuropa.com\/fr\/wp-json\/wp\/v2\/users\/1"}],"replies":[{"embeddable":true,"href":"https:\/\/rxeuropa.com\/fr\/wp-json\/wp\/v2\/comments?post=1341"}],"version-history":[{"count":0,"href":"https:\/\/rxeuropa.com\/fr\/wp-json\/wp\/v2\/pages\/1341\/revisions"}],"up":[{"embeddable":true,"href":"https:\/\/rxeuropa.com\/fr\/wp-json\/wp\/v2\/pages\/213"}],"wp:attachment":[{"href":"https:\/\/rxeuropa.com\/fr\/wp-json\/wp\/v2\/media?parent=1341"}],"curies":[{"name":"wp","href":"https:\/\/api.w.org\/{rel}","templated":true}]}}