{"id":106,"date":"2013-03-29T12:59:59","date_gmt":"2013-03-29T12:59:59","guid":{"rendered":"http:\/\/wpnukes.com\/demo\/welcare\/?page_id=106"},"modified":"2015-09-23T16:29:21","modified_gmt":"2015-09-23T16:29:21","slug":"re-order-limits","status":"publish","type":"page","link":"https:\/\/rxeuropa.com\/fr\/re-order-limits\/","title":{"rendered":"Limitations sur les nouvelles commandes"},"content":{"rendered":"<p>Les commandes pass\u00e9es sur ce site sont limit\u00e9es par foyer selon une base mensuelle \u00e0 un nombre sp\u00e9cifique de pilules. Ces quantit\u00e9s sont bas\u00e9es sur la quantit\u00e9 maximale de pilules prescrites par le m\u00e9decin, ou recommand\u00e9es par le pharmacien.  <strong> Ces limitations sont mises en place pour \u00e9viter que l&rsquo;on abuse de nos services et aucune exception ne sera faite.<\/strong><br \/>\n&nbsp;<\/p>\n<div class=\"table-responsive\"><table  style=\"width:100%; \"  class=\"easy-table easy-table-cuscosky table easy-table easy-table-cuscosky\" >\n<thead>\r\n<tr><th  style=\"width:120px\" >Product<\/th>\n<th  style=\"width:50px\" >Pack Size<\/th>\n<th  style=\"width:100px\" >Maximum Order Per Month<\/th>\n<\/tr>\n<\/thead>\n<tbody>\r\n<tr><td ><strong>Codeine Phosphate<\/strong><\/td>\n<td >\u00a0<\/td>\n<td ><\/td>\n<\/tr>\n\r\n<tr><td >Cod\u00e9ine 30mg<\/td>\n<td >28 comprim\u00e9s<\/td>\n<td >8 bo\u00eetes<\/td>\n<\/tr>\n\r\n<tr><td >Cod\u00e9ine 30mg<\/td>\n<td >100 comprim\u00e9s<\/td>\n<td >2 bo\u00eetes<\/td>\n<\/tr>\n\r\n<tr><td >Cod\u00e9ine 30mg<\/td>\n<td >200 comprim\u00e9s<\/td>\n<td >1 bo\u00eete<\/td>\n<\/tr>\n\r\n<tr><td >Cod\u00e9ine 30mg<\/td>\n<td >228 comprim\u00e9s<\/td>\n<td >1 bo\u00eete<\/td>\n<\/tr>\n\r\n<tr><td >Cod\u00e9ine 60mg<\/td>\n<td >28 comprim\u00e9s<\/td>\n<td >4 bo\u00eetes<\/td>\n<\/tr>\n\r\n<tr><td ><strong>Tramadol<\/strong><\/td>\n<td > <\/td>\n<td ><\/td>\n<\/tr>\n\r\n<tr><td >Tramadol 50mg<\/td>\n<td >30 comprim\u00e9s<\/td>\n<td >7 bo\u00eetes<\/td>\n<\/tr>\n\r\n<tr><td >Tramadol 50mg<\/td>\n<td >100 comprim\u00e9s<\/td>\n<td >2 bo\u00eetes<\/td>\n<\/tr>\n\r\n<tr><td >Tramadol 50mg<\/td>\n<td >200 comprim\u00e9s<\/td>\n<td >1 bo\u00eete<\/td>\n<\/tr>\n\r\n<tr><td >Tramadol 50mg<\/td>\n<td >230 comprim\u00e9s<\/td>\n<td >1 bo\u00eete<\/td>\n<\/tr>\n\r\n<tr><td ><strong>Co-codamol Effervescent<\/strong><\/td>\n<td > <\/td>\n<td ><\/td>\n<\/tr>\n\r\n<tr><td >Co-codamol Effervescent<\/td>\n<td >100 comprim\u00e9s<\/td>\n<td >2 bo\u00eetes<\/td>\n<\/tr>\n\r\n<tr><td >Co-codamol Effervescent<\/td>\n<td >200 comprim\u00e9s<\/td>\n<td >1 bo\u00eete<\/td>\n<\/tr>\n\r\n<tr><td >Co-codamol Effervescent<\/td>\n<td >230 comprim\u00e9s<\/td>\n<td >1 bo\u00eete<\/td>\n<\/tr>\n\r\n<tr><td ><strong>Co-codamol<\/strong><\/td>\n<td > <\/td>\n<td ><\/td>\n<\/tr>\n\r\n<tr><td >Co-codamol<\/td>\n<td >100 comprim\u00e9s<\/td>\n<td >2 bo\u00eetes<\/td>\n<\/tr>\n\r\n<tr><td >Co-codamol<\/td>\n<td >200 comprim\u00e9s<\/td>\n<td >1 bo\u00eete<\/td>\n<\/tr>\n\r\n<tr><td >Co-codamol<\/td>\n<td >230 comprim\u00e9s<\/td>\n<td >1 bo\u00eete<\/td>\n<\/tr>\n\r\n<tr><td ><strong>Dihydrocodeine<\/strong><\/td>\n<td > <\/td>\n<td ><\/td>\n<\/tr>\n\r\n<tr><td >Dihydrocod\u00e9ine 30mg<\/td>\n<td >28 comprim\u00e9s<\/td>\n<td >5 bo\u00eetes<\/td>\n<\/tr>\n\r\n<tr><td >Dihydrocod\u00e9ine 30mg<\/td>\n<td >100 comprim\u00e9s<\/td>\n<td >1 bo\u00eete<\/td>\n<\/tr>\n\r\n<tr><td >Dihydrocod\u00e9ine 30mg<\/td>\n<td >156 comprim\u00e9s<\/td>\n<td >1 bo\u00eete<\/td>\n<\/tr>\n<\/tbody><\/table><\/div>\n","protected":false},"excerpt":{"rendered":"<p>Les commandes pass\u00e9es sur ce site sont limit\u00e9es par foyer selon une base mensuelle \u00e0 un nombre sp\u00e9cifique de pilules. Ces quantit\u00e9s sont bas\u00e9es sur la quantit\u00e9 maximale de pilules prescrites par le m\u00e9decin, ou recommand\u00e9es par le pharmacien. Ces limitations sont mises en place pour \u00e9viter que l&rsquo;on abuse de nos services et aucune<a href=\"https:\/\/rxeuropa.com\/fr\/re-order-limits\/\" class=\"read_more\">Read More<\/a><\/p>\n","protected":false},"author":1,"featured_media":0,"parent":0,"menu_order":8,"comment_status":"closed","ping_status":"closed","template":"inner-template4.php","meta":{"footnotes":""},"class_list":["post-106","page","type-page","status-publish","hentry"],"_links":{"self":[{"href":"https:\/\/rxeuropa.com\/fr\/wp-json\/wp\/v2\/pages\/106","targetHints":{"allow":["GET"]}}],"collection":[{"href":"https:\/\/rxeuropa.com\/fr\/wp-json\/wp\/v2\/pages"}],"about":[{"href":"https:\/\/rxeuropa.com\/fr\/wp-json\/wp\/v2\/types\/page"}],"author":[{"embeddable":true,"href":"https:\/\/rxeuropa.com\/fr\/wp-json\/wp\/v2\/users\/1"}],"replies":[{"embeddable":true,"href":"https:\/\/rxeuropa.com\/fr\/wp-json\/wp\/v2\/comments?post=106"}],"version-history":[{"count":0,"href":"https:\/\/rxeuropa.com\/fr\/wp-json\/wp\/v2\/pages\/106\/revisions"}],"wp:attachment":[{"href":"https:\/\/rxeuropa.com\/fr\/wp-json\/wp\/v2\/media?parent=106"}],"curies":[{"name":"wp","href":"https:\/\/api.w.org\/{rel}","templated":true}]}}