{"id":99,"date":"2013-03-29T05:42:32","date_gmt":"2013-03-29T05:42:32","guid":{"rendered":"http:\/\/wpnukes.com\/demo\/welcare\/?page_id=6"},"modified":"2026-03-30T12:27:12","modified_gmt":"2026-03-30T12:27:12","slug":"about-us","status":"publish","type":"page","link":"https:\/\/rxeuropa.com\/de\/about-us\/","title":{"rendered":"\u00dcber uns"},"content":{"rendered":"<p>RXEUROPA ist ein Online-Portal, das sich der Schmerzlinderung und Gewichtskontrolle widmet. Es handelt sich weder um eine Klinik noch um eine Apotheke. Diese Website stellt keine Medikamente oder Behandlungen bereit. Sie ist eine Plattform, die ihre Besucher mit registrierten EU-\u00c4rzten und einer registrierten EU-Apotheke verbindet. \u00dcber die Konsultationslinks auf dieser Website k\u00f6nnen Sie auf diese Anbieter zugreifen. RXEuropa ist ein unabh\u00e4ngig gef\u00fchrter Partner von B.I.M.S..<\/p>\n<p>Kundendienst:<br \/>\nB.I.M.S. SERVICES LTD.<br \/>\n820 FTZ (Free Trade Zone) 99450 Famagusta<br \/>\nTRNC (Turkish Republic of Northern Cyprus)<br \/>\nMersin 10, Turkey<br \/>\nRegistration: SLBT No: 8321<\/p>\n<p>DE: 08001335000 \u2013 freefon<br \/>\nAT: 0800820631 \u2013 freefon<br \/>\ninfo@bimsservices.com<\/p>\n<p><strong>Alle Medikamente werden von EU-registrierten Apotheken ausgegeben. Es werden keine Dienstleistungen au\u00dferhalb der EU erbracht. Die Dienstleistungen stehen Einwohnern der USA, des Vereinigten K\u00f6nigreichs, Kanadas und anderer Nicht-EU-L\u00e4nder nicht zur Verf\u00fcgung.<\/strong><\/p>\n<p><strong>RECHTSGRUNDLAGE<\/strong><\/p>\n<p>RXEuropa.com bietet eine zu 100 % legale Ressource f\u00fcr EU-B\u00fcrger indem es die Bereitstellung von verschreibungspflichtigen Schmerzmitteln und anderen Medikamenten unter der Aufsicht eines zugelassenen Arztes vermittelt. Unsere Website und die mit ihr verbundenen Dienstleister arbeiten nach Verfahren, die vollst\u00e4ndig mit den EU-Gesetzen \u00fcbereinstimmen. Diese Domain ist in der EU registriert und diese Website wird in der EU gehostet. Sie wird in \u00dcbereinstimmung mit dem EU-Recht betrieben und ist durch diese Gesetze gesch\u00fctzt.<\/p>\n<p>RXEuropa.com arbeitet in \u00dcbereinstimmung mit den Rechtsvorschriften zur Erleichterung des elektronischen Gesch\u00e4ftsverkehrs in der Richtlinie 2000\/31\/EG (E-Commerce-Richtlinie), die Vermittler vor der Haftung f\u00fcr Inhalte\/Handlungen Dritter sch\u00fctzen. Die Richtlinie 2011\/62\/EU (F\u00e4lschungsschutzrichtlinie) reguliert tats\u00e4chliche Apotheken und Verk\u00e4ufe, nimmt jedoch nicht-abgebende Vermittler wie RXEuropa aus, wenn alle verlinkten Anbieter in EU-Mitgliedstaaten zugelassen sind. Das Gesetz \u00fcber digitale Dienste (Digital Services Act, DSA, 2022) sch\u00fctzt Plattformen wie RXEuropa zus\u00e4tzlich, und die EU-Gerichte haben dies f\u00fcr Affiliate-Websites best\u00e4tigt (z. B. EuGH C-324\/09), was die Immunit\u00e4t von Vermittlern bekr\u00e4ftigt.<\/p>\n","protected":false},"excerpt":{"rendered":"<p>RXEUROPA ist ein Online-Portal, das sich der Schmerzlinderung und Gewichtskontrolle widmet. Es handelt sich weder um eine Klinik noch um eine Apotheke. Diese Website stellt keine Medikamente oder Behandlungen bereit. Sie ist eine Plattform, die ihre Besucher mit registrierten EU-\u00c4rzten und einer registrierten EU-Apotheke verbindet. \u00dcber die Konsultationslinks auf dieser Website k\u00f6nnen Sie auf diese<a href=\"https:\/\/rxeuropa.com\/de\/about-us\/\" class=\"read_more\">Read More<\/a><\/p>\n","protected":false},"author":1,"featured_media":0,"parent":0,"menu_order":3,"comment_status":"closed","ping_status":"closed","template":"inner-template2.php","meta":{"footnotes":""},"class_list":["post-99","page","type-page","status-publish","hentry"],"_links":{"self":[{"href":"https:\/\/rxeuropa.com\/de\/wp-json\/wp\/v2\/pages\/99","targetHints":{"allow":["GET"]}}],"collection":[{"href":"https:\/\/rxeuropa.com\/de\/wp-json\/wp\/v2\/pages"}],"about":[{"href":"https:\/\/rxeuropa.com\/de\/wp-json\/wp\/v2\/types\/page"}],"author":[{"embeddable":true,"href":"https:\/\/rxeuropa.com\/de\/wp-json\/wp\/v2\/users\/1"}],"replies":[{"embeddable":true,"href":"https:\/\/rxeuropa.com\/de\/wp-json\/wp\/v2\/comments?post=99"}],"version-history":[{"count":5,"href":"https:\/\/rxeuropa.com\/de\/wp-json\/wp\/v2\/pages\/99\/revisions"}],"predecessor-version":[{"id":2130,"href":"https:\/\/rxeuropa.com\/de\/wp-json\/wp\/v2\/pages\/99\/revisions\/2130"}],"wp:attachment":[{"href":"https:\/\/rxeuropa.com\/de\/wp-json\/wp\/v2\/media?parent=99"}],"curies":[{"name":"wp","href":"https:\/\/api.w.org\/{rel}","templated":true}]}}