{"id":313,"date":"2013-07-04T13:51:01","date_gmt":"2013-07-04T13:51:01","guid":{"rendered":"http:\/\/localhost\/rxe\/?page_id=313"},"modified":"2017-10-25T15:50:28","modified_gmt":"2017-10-25T15:50:28","slug":"faq","status":"publish","type":"page","link":"https:\/\/rxeuropa.com\/de\/faq\/","title":{"rendered":"FAQ"},"content":{"rendered":"<p><strong>Ist es legal?<\/strong><br \/>\n100% legal. Alle unsere Partner-Apotheke sind in der EU registriert. Unsere<\/p>\n<p><strong>Was bedeutet die Chat-Warnmeldung?<\/strong><br \/>\nSie erhalten eine E-Mail, nachdem Sie Ihre Bestellung aufgegeben haben, in der Sie gebeten werden, sich im Patientenportal anzumelden und jede Nachricht zu beantworten. Wenn Sie nicht auf diese E-Mail reagieren, wird Ihre Bestellung nicht bearbeitet.<\/p>\n<p><strong>Wie werden die Medikamente geliefert?<\/strong><br \/>\nDie Lieferung am n\u00e4chsten Tag ist verf\u00fcgbar, wenn die Bestellung bis 15.00 h genehmigt wurde. Wir w\u00e4hlen die effizientesten Lieferdienste, je nach Ort der Lieferadresse. In jedem Fall muss jedoch ein Erwachsener anwesend sein, um die Bestellung entgegenzunehmen.<\/p>\n<p><strong>Von wo aus werden die Medikamente versendet?<\/strong><br \/>\nAlle Medikamente werden aus EU versendet.<\/p>\n<p><strong>Wie wird die Zahlung verarbeitet?<\/strong><br \/>\nWenn Sie eine Bestellung aufgeben, wird Ihre Kredit- oder Debitkarte f\u00fcr die H\u00f6he des Kaufpreises vorautorisiert. Wird Ihre Bestellung aus irgendeinem Grund abgelehnt, erfolgt die sofortige Freigabe der Vorautorisierung oder \u201eSperre\u201c. Der Betrag wird dann auf Ihr Konto zur\u00fcckgezahlt. Die Zeitdauer, bis dies auf Ihrem Konto angezeigt wird, h\u00e4ngt jedoch von Ihrer Bank ab. Wir k\u00f6nnen diesen Prozess nicht kontrollieren. Sie k\u00f6nnen auch per \u00dcberweisung bezahlen.<\/p>\n<p><strong>Was sind Limits f\u00fcr Nachbestellungen?<\/strong><br \/>\nSchmerzmittel unterliegen strengen Kontrollen. Wir setzen ein 30-Tage-Limit f\u00fcr Bestellungen pro Haushalt. Besuchen Sie diese Seite f\u00fcr Einzelheiten \u00fcber Limits f\u00fcr Nachbestellungen.<\/p>\n<p><strong>K\u00f6nnen Sie in die USA oder Kanada versenden?<\/strong><br \/>\nNein, es ist uns nicht erlaubt, dies zu tun. Wir bieten keine Dienstleistungen oder Produkte f\u00fcr diese L\u00e4nder an. Wir k\u00f6nnen in die meisten L\u00e4nder in der EU (ausgenommen Italien) versenden.<\/p>\n","protected":false},"excerpt":{"rendered":"<p>Ist es legal? 100% legal. Alle unsere Partner-Apotheke sind in der EU registriert. Unsere Was bedeutet die Chat-Warnmeldung? Sie erhalten eine E-Mail, nachdem Sie Ihre Bestellung aufgegeben haben, in der Sie gebeten werden, sich im Patientenportal anzumelden und jede Nachricht zu beantworten. Wenn Sie nicht auf diese E-Mail reagieren, wird Ihre Bestellung nicht bearbeitet. Wie<a href=\"https:\/\/rxeuropa.com\/de\/faq\/\" class=\"read_more\">Read More<\/a><\/p>\n","protected":false},"author":2,"featured_media":0,"parent":0,"menu_order":0,"comment_status":"closed","ping_status":"closed","template":"inner-template5.php","meta":{"footnotes":""},"class_list":["post-313","page","type-page","status-publish","hentry"],"_links":{"self":[{"href":"https:\/\/rxeuropa.com\/de\/wp-json\/wp\/v2\/pages\/313","targetHints":{"allow":["GET"]}}],"collection":[{"href":"https:\/\/rxeuropa.com\/de\/wp-json\/wp\/v2\/pages"}],"about":[{"href":"https:\/\/rxeuropa.com\/de\/wp-json\/wp\/v2\/types\/page"}],"author":[{"embeddable":true,"href":"https:\/\/rxeuropa.com\/de\/wp-json\/wp\/v2\/users\/2"}],"replies":[{"embeddable":true,"href":"https:\/\/rxeuropa.com\/de\/wp-json\/wp\/v2\/comments?post=313"}],"version-history":[{"count":0,"href":"https:\/\/rxeuropa.com\/de\/wp-json\/wp\/v2\/pages\/313\/revisions"}],"wp:attachment":[{"href":"https:\/\/rxeuropa.com\/de\/wp-json\/wp\/v2\/media?parent=313"}],"curies":[{"name":"wp","href":"https:\/\/api.w.org\/{rel}","templated":true}]}}