{"id":225,"date":"2013-07-01T17:25:54","date_gmt":"2013-07-01T17:25:54","guid":{"rendered":"http:\/\/localhost\/rxe\/?page_id=204"},"modified":"2024-09-19T12:28:55","modified_gmt":"2024-09-19T12:28:55","slug":"paracetamol-comp-kaufen","status":"publish","type":"page","link":"https:\/\/rxeuropa.com\/de\/schmerzmittel\/paracetamol-comp-kaufen\/","title":{"rendered":"Paracetamol Comp"},"content":{"rendered":"<p><strong>Paracetamol Comp kaufen:<\/strong> Paracetamol Comp ist paracetamol\/codein. Bevor Sie Paracetamol Comp kaufen, m\u00fcssen Sie ein Beratungsgespr\u00e4ch mit einem unserer \u00c4rzte f\u00fchren.<\/p>\n<div class=\"as_products_table \" id=\"as_products_table\" ><div class=\"astblrow row_even\" ><div><strong>Paracetemol.Comp 30\/500mg<\/strong><\/div><div>100 Tabletten<\/div><div><strong>&#8364;129.00<\/strong><\/div><div><a href=\"javascript:void(0)\" data-productid=\"710\" >Beratung starten<\/a><\/div><\/div><div class=\"astblrow row_odd\" ><div><strong>Paracetemol.Comp 30\/500mg<\/strong><\/div><div>200 Tabletten<\/div><div><strong>&#8364;149.00<\/strong><\/div><div><a href=\"javascript:void(0)\" data-productid=\"711\" >Beratung starten<\/a><\/div><\/div><\/div>\n<h3>Bestellungen von au\u00dferhalb der EU<\/h3>\n<p>Die Grenze f\u00fcr Paracetamol Comp betr\u00e4gt 200 Tabletten pro Monat pro Haushalt.<\/p>\n<h3>Was ist Paracetamol Comp?<\/h3>\n<p>Paracetamol Comp ist eine Kombination aus 500mg Paracetamol und 30,6mg <a href=\"https:\/\/de.wikipedia.org\/wiki\/Codein\" target=\"_blank\" rel=\"noopener\">Codein<\/a>, das in Form von zugelassenen Generika oder unter verschiedenen Markennamen erh\u00e4ltlich ist. Paracetamol Comp ist jedoch nicht f\u00fcr jeden geeignet. Um mehr \u00fcber alle verf\u00fcgbaren Schmerzmittel zu erfahren, besuchen Sie bitte unsere <a href=\"https:\/\/rxeuropa.com\/de\/treatments\/\">Behandlungsseite<\/a>.<\/p>\n<h3>Ist Paracetamol Comp das richtige Medikament f\u00fcr mich?<\/h3>\n<p>Wie bei jedem Medikament ist Paracetamol Comp m\u00f6glicherweise nicht das Richtige f\u00fcr Sie. Nur Ihr Arzt kann entscheiden, welches Medikament f\u00fcr Sie am besten geeignet ist. Der Arzt wird dabei nicht nur Ihre Krankheit ber\u00fccksichtigen, sondern auch andere wichtige Faktoren, wie zum Beispiel:<\/p>\n<ul>\n<li>welche anderen Erkrankungen Sie haben,<\/li>\n<li>welche anderen Medikamente Sie einnehmen,<\/li>\n<li>Ihr Alter und Ihren allgemeinen Gesundheitszustand,<\/li>\n<li>sowie Lifestyle-Aspekte wie Rauchen und Alkoholkonsum.<\/li>\n<\/ul>\n<p>Paracetamol Comp wird oft bei kurzfristigen Schmerzzust\u00e4nden verschrieben, die durch Paracetamol oder andere rezeptfreie Schmerzmittel allein nicht gelindert werden k\u00f6nnen. Es wird in der Regel bei Nerven- oder Muskelschmerzen eingesetzt.<\/p>\n<h3>Wer sollte Paracetamol Comp nicht einnehmen?<\/h3>\n<p>Paracetamol Comp ist f\u00fcr Patienten mit bestimmten Vorerkrankungen nicht geeignet. Zu diesen geh\u00f6ren:<\/p>\n<ul>\n<li>Leber-, Prostata- oder Nierenprobleme,<\/li>\n<li>chronische Atemprobleme (insbesondere COPD),<\/li>\n<li>niedriger Blutdruck oder Herzrhythmusst\u00f6rungen,<\/li>\n<li>entz\u00fcndliche Darmerkrankungen oder Darmblockaden,<\/li>\n<li>Epilepsie und andere Krampfst\u00f6rungen.<\/li>\n<\/ul>\n<p>Schwangere Frauen und Menschen mit Problemen im Zusammenhang mit Alkohol- oder Drogenmissbrauch sollten Paracetamol Comp ebenfalls nicht einnehmen.<\/p>\n<h3>Hat Paracetamol Comp Nebenwirkungen?<\/h3>\n<p>Wie viele verschreibungspflichtige Medikamente kann auch Paracetamol Comp Nebenwirkungen haben. Diese k\u00f6nnen geringf\u00fcgig oder schwerwiegend sein. Wenn Nebenwirkungen auftreten, sollten Sie einen Arzt aufsuchen. Einige Nebenwirkungen sind milder und verschwinden oft von selbst. Andere erfordern m\u00f6glicherweise eine Anpassung der Dosierung oder das Absetzen des Medikaments.<\/p>\n<h3>Leichte Nebenwirkungen sind:<\/h3>\n<ul>\n<li>Verstopfung,<\/li>\n<li>\u00dcbelkeit,<\/li>\n<li>Schwindel oder Benommenheit.<\/li>\n<\/ul>\n<h3>Wann Sie sofort medizinische Hilfe suchen sollten:<\/h3>\n<ul>\n<li>Wenn Sie einen Hautausschlag bekommen.<\/li>\n<\/ul>\n<h3>Wichtige Hinweise zur Einnahme von Paracetamol Comp<\/h3>\n<p>Paracetamol Comp ist ein starkes Schmerzmittel, das zwei verschreibungspflichtige Wirkstoffe enth\u00e4lt, die bei Missbrauch Ihre Gesundheit gef\u00e4hrden k\u00f6nnen. Sie m\u00fcssen sich bei der Einnahme dieser Tabletten streng an die \u00e4rztlichen Anweisungen halten. Kaufen Sie Paracetamol Comp nicht, wenn Sie jemals Drogen oder Alkohol missbraucht haben oder s\u00fcchtig waren.<\/p>\n<p>Sollten Sie vermuten, dass Sie eine \u00dcberdosis von Paracetamol Comp eingenommen haben, m\u00fcssen Sie umgehend einen medizinischen Notdienst kontaktieren.<\/p>\n","protected":false},"excerpt":{"rendered":"<p>Paracetamol Comp kaufen: Paracetamol Comp ist paracetamol\/codein. Bevor Sie Paracetamol Comp kaufen, m\u00fcssen Sie ein Beratungsgespr\u00e4ch mit einem unserer \u00c4rzte f\u00fchren. Bestellungen von au\u00dferhalb der EU Die Grenze f\u00fcr Paracetamol Comp betr\u00e4gt 200 Tabletten pro Monat pro Haushalt. Was ist Paracetamol Comp? Paracetamol Comp ist eine Kombination aus 500mg Paracetamol und 30,6mg Codein, das in<a href=\"https:\/\/rxeuropa.com\/de\/schmerzmittel\/paracetamol-comp-kaufen\/\" class=\"read_more\">Read More<\/a><\/p>\n","protected":false},"author":2,"featured_media":0,"parent":213,"menu_order":1,"comment_status":"closed","ping_status":"closed","template":"inner-template3.php","meta":{"footnotes":""},"class_list":["post-225","page","type-page","status-publish","hentry"],"_links":{"self":[{"href":"https:\/\/rxeuropa.com\/de\/wp-json\/wp\/v2\/pages\/225","targetHints":{"allow":["GET"]}}],"collection":[{"href":"https:\/\/rxeuropa.com\/de\/wp-json\/wp\/v2\/pages"}],"about":[{"href":"https:\/\/rxeuropa.com\/de\/wp-json\/wp\/v2\/types\/page"}],"author":[{"embeddable":true,"href":"https:\/\/rxeuropa.com\/de\/wp-json\/wp\/v2\/users\/2"}],"replies":[{"embeddable":true,"href":"https:\/\/rxeuropa.com\/de\/wp-json\/wp\/v2\/comments?post=225"}],"version-history":[{"count":0,"href":"https:\/\/rxeuropa.com\/de\/wp-json\/wp\/v2\/pages\/225\/revisions"}],"up":[{"embeddable":true,"href":"https:\/\/rxeuropa.com\/de\/wp-json\/wp\/v2\/pages\/213"}],"wp:attachment":[{"href":"https:\/\/rxeuropa.com\/de\/wp-json\/wp\/v2\/media?parent=225"}],"curies":[{"name":"wp","href":"https:\/\/api.w.org\/{rel}","templated":true}]}}