{"id":224,"date":"2013-07-01T17:25:20","date_gmt":"2013-07-01T17:25:20","guid":{"rendered":"http:\/\/localhost\/rxe\/?page_id=202"},"modified":"2025-09-06T18:27:43","modified_gmt":"2025-09-06T18:27:43","slug":"codein-rezeptfrei","status":"publish","type":"page","link":"https:\/\/rxeuropa.com\/de\/schmerzmittel\/codein-rezeptfrei\/","title":{"rendered":"Codein"},"content":{"rendered":"<p>Um codein rezeptfrei bestellen, m\u00fcssen Sie zun\u00e4chst ein Beratungsgespr\u00e4ch mit einem unserer \u00c4rzte f\u00fchren. Ihre Bestellung unterliegt der Genehmigung Ihres Rezeptes durch den Arzt.<\/p>\n<div class=\"as_products_table \" id=\"as_products_table\" ><div class=\"astblrow row_even\" ><div><strong>Codein 50mg<\/strong><\/div><div>100 Tabletten<\/div><div><strong>&#8364;199.00<\/strong><\/div><div><a href=\"javascript:void(0)\" data-productid=\"739\" >Beratung starten<\/a><\/div><\/div><div class=\"astblrow row_odd\" ><div><strong>Codein 50mg<\/strong><\/div><div>80 Tabletten<\/div><div><strong>&#8364;169.00<\/strong><\/div><div><a href=\"javascript:void(0)\" data-productid=\"738\" >Beratung starten<\/a><\/div><\/div><div class=\"astblrow row_even\" ><div><strong>Codein 50mg<\/strong><\/div><div>60 Tabletten<\/div><div><strong>&#8364;139.00<\/strong><\/div><div><a href=\"javascript:void(0)\" data-productid=\"737\" >Beratung starten<\/a><\/div><\/div><div class=\"astblrow row_odd\" ><div><strong>Codein 50mg<\/strong><\/div><div>40 Tabletten<\/div><div><strong>&#8364;119.00<\/strong><\/div><div><a href=\"javascript:void(0)\" data-productid=\"605\" >Beratung starten<\/a><\/div><\/div><div class=\"astblrow row_even\" ><div><strong>Codein 30mg<\/strong><\/div><div>100 Tabletten<\/div><div><strong>&#8364;189.00<\/strong><\/div><div><a href=\"javascript:void(0)\" data-productid=\"741\" >Beratung starten<\/a><\/div><\/div><div class=\"astblrow row_odd\" ><div><strong>Codein 30mg<\/strong><\/div><div>200 Tabletten<\/div><div><strong>&#8364;299.00<\/strong><\/div><div><a href=\"javascript:void(0)\" data-productid=\"751\" >Beratung starten<\/a><\/div><\/div><\/div>\n<p><strong>Bestellungen von au\u00dferhalb der EU<\/strong><br \/>\nWenn Sie eine Anschrift von au\u00dferhalb der EU angeben, kann es vorkommen, dass zus\u00e4tzliche Einf\u00fchrungskosten auftreten (diese sind nicht im Preis enthalten).<\/p>\n<p><strong>Auftr\u00e4ge werden zu 200 Tabletten pro Monat pro Haushalt beschr\u00e4nkt.<\/strong><\/p>\n<h3>Was ist Codeinphosphat?<\/h3>\n<p>Codeinphosphat ist als 30 mg oder 50mg Tabletten erh\u00e4ltlich. Es wird f\u00fcr leichte bis m\u00e4\u00dfig starke Schmerzen verschrieben.<\/p>\n<h3>Ist dies das richtige Medikament f\u00fcr mich?<\/h3>\n<p>Wie bei jedem Medikament ist Codeinphosphat m\u00f6glicherweise nicht das Richtige f\u00fcr Sie. Nur Ihr Arzt kann entscheiden, wie man Ihre Krankheit am besten behandelt. Bei der Entscheidung f\u00fcr die richtige Behandlung Ihrer Krankheit wird der Arzt m\u00f6glicherweise nicht nur die Krankheit selbst ber\u00fccksichtigen, sondern auch:<\/p>\n<ul>\n<li>welche anderen Erkrankungen Sie haben<\/li>\n<li>welche anderen Medikamente Sie einnehmen<\/li>\n<li>Ihr Alter und Ihren allgemeinen Gesundheitszustand<\/li>\n<li>Lifestyle-Aspekte, vor allem Rauchen\/Alkohol<\/li>\n<\/ul>\n<h3>Wann wird Codeinphosphat verschrieben?<\/h3>\n<p>Codeinphosphat wird normalerweise bei leichten bis m\u00e4\u00dfig starken Schmerzen und zur Linderung der Symptome bei trockenem Husten oder Durchfall verordnet. Allerdings ist es f\u00fcr einige Patienten kontraindiziert. Dies gilt etwa bei einer Vorgeschichte von Atemdepression (langsame, flache Atmung), obstruktiver Lungenerkrankung, Alkoholikern und Menschen mit Leberversagen. Lesen Sie die Packungsbeilage des Medikaments f\u00fcr weitere Informationen.<\/p>\n<p>Zudem wurde die Sicherheit von Codeinphosphat f\u00fcr Frauen w\u00e4hrend der Schwangerschaft oder w\u00e4hrend der Stillzeit nicht untersucht. Daher sollte dieses Medikament w\u00e4hrend der Schwangerschaft und Stillzeit vermieden werden, sofern nicht anderweitig durch Ihren Arzt empfohlen.<\/p>\n<h3>Hat Codeinphosphat Nebenwirkungen?<\/h3>\n<p>Wie alle verschreibungspflichtigen Medikamente kann Codeinphosphat Nebenwirkungen haben und eignet sich nicht f\u00fcr jeden. Die Nebenwirkungen k\u00f6nnen eher geringf\u00fcgig sein, woraufhin sie in der Regel vernachl\u00e4ssigt werden k\u00f6nnen. Andererseits k\u00f6nnen sie erheblich sein, woraufhin Sie die Medikamente absetzen und sich an einen Arzt wenden m\u00fcssen.<\/p>\n<h3>Geringf\u00fcgige Nebenwirkungen von Codeinphosphat<\/h3>\n<ul>\n<li>Verstopfung<\/li>\n<li>\u00dcbelkeit und Erbrechen<\/li>\n<li>Kopfschmerzen<\/li>\n<li>Schl\u00e4frigkeit<\/li>\n<li>Verwirrung<\/li>\n<\/ul>\n<h3>Wann sollten Sie medizinische Hilfe aufsuchen?<\/h3>\n<p>Suchen Sie medizinische Hilfe auf, wenn Sie Folgendes erleben:<\/p>\n<ul>\n<li>Schwachen Puls oder langsamen Herzschlag<\/li>\n<li>Ohnmachtsanf\u00e4lle<\/li>\n<li>Krampfanf\u00e4lle<\/li>\n<li>Probleme beim Wasserlassen<\/li>\n<\/ul>\n<h3>Wichtige Informationen, bevor Sie Codein Rezeptfrei kaufen<\/h3>\n<p><strong>Achtung: Abh\u00e4ngigkeitspotential und Risiken<\/strong><br \/>\nCodeinhaltige Medikamente k\u00f6nnen s\u00fcchtig machen, und sie d\u00fcrfen nur nach Anweisung eines Arztes eingenommen werden. Sie d\u00fcrfen Codein nicht kaufen, wenn Sie drogenabh\u00e4ngig oder alkoholabh\u00e4ngig sind oder Drogen missbrauchen. Codeinphosphat ist nicht f\u00fcr alle Patienten geeignet. Eine Liste aller Schmerzmittel, die von unseren angeschlossenen Apotheken abgegeben werden, finden Sie auf unserer <a href=\"https:\/\/rxeuropa.com\/de\/treatments\/\">Behandlungsseite<\/a>.<\/p>\n<p>Dar\u00fcber hinaus kann eine \u00dcberdosierung von Codein t\u00f6dlich sein. Sollten Sie vermuten, dass Sie eine \u00dcberdosis Codeinphosphat eingenommen haben, m\u00fcssen Sie umgehend einen medizinischen Notdienst kontaktieren.<\/p>\n","protected":false},"excerpt":{"rendered":"<p>Um codein rezeptfrei bestellen, m\u00fcssen Sie zun\u00e4chst ein Beratungsgespr\u00e4ch mit einem unserer \u00c4rzte f\u00fchren. Ihre Bestellung unterliegt der Genehmigung Ihres Rezeptes durch den Arzt. Bestellungen von au\u00dferhalb der EU Wenn Sie eine Anschrift von au\u00dferhalb der EU angeben, kann es vorkommen, dass zus\u00e4tzliche Einf\u00fchrungskosten auftreten (diese sind nicht im Preis enthalten). Auftr\u00e4ge werden zu 200<a href=\"https:\/\/rxeuropa.com\/de\/schmerzmittel\/codein-rezeptfrei\/\" class=\"read_more\">Read More<\/a><\/p>\n","protected":false},"author":2,"featured_media":0,"parent":213,"menu_order":3,"comment_status":"closed","ping_status":"closed","template":"inner-template6.php","meta":{"footnotes":""},"class_list":["post-224","page","type-page","status-publish","hentry"],"_links":{"self":[{"href":"https:\/\/rxeuropa.com\/de\/wp-json\/wp\/v2\/pages\/224","targetHints":{"allow":["GET"]}}],"collection":[{"href":"https:\/\/rxeuropa.com\/de\/wp-json\/wp\/v2\/pages"}],"about":[{"href":"https:\/\/rxeuropa.com\/de\/wp-json\/wp\/v2\/types\/page"}],"author":[{"embeddable":true,"href":"https:\/\/rxeuropa.com\/de\/wp-json\/wp\/v2\/users\/2"}],"replies":[{"embeddable":true,"href":"https:\/\/rxeuropa.com\/de\/wp-json\/wp\/v2\/comments?post=224"}],"version-history":[{"count":1,"href":"https:\/\/rxeuropa.com\/de\/wp-json\/wp\/v2\/pages\/224\/revisions"}],"predecessor-version":[{"id":2113,"href":"https:\/\/rxeuropa.com\/de\/wp-json\/wp\/v2\/pages\/224\/revisions\/2113"}],"up":[{"embeddable":true,"href":"https:\/\/rxeuropa.com\/de\/wp-json\/wp\/v2\/pages\/213"}],"wp:attachment":[{"href":"https:\/\/rxeuropa.com\/de\/wp-json\/wp\/v2\/media?parent=224"}],"curies":[{"name":"wp","href":"https:\/\/api.w.org\/{rel}","templated":true}]}}