{"id":214,"date":"2013-07-01T17:18:37","date_gmt":"2013-07-01T17:18:37","guid":{"rendered":"http:\/\/localhost\/rxe\/?page_id=178"},"modified":"2015-09-24T14:03:26","modified_gmt":"2015-09-24T14:03:26","slug":"privacy-policy","status":"publish","type":"page","link":"https:\/\/rxeuropa.com\/de\/privacy-policy\/","title":{"rendered":"Datenschutzerkl\u00e4rung"},"content":{"rendered":"<h3>Datenschutz<\/h3>\n<p>RXEuropa.com (RXEUR) ist Ihre Privatsph\u00e4re sehr wichtig. Dementsprechend haben wir diese Richtlinien entwickelt, damit Sie verstehen, wie wir pers\u00f6nliche Informationen erfassen, verwenden, kommunizieren, offenlegen, und nutzen. Im Folgenden werden unsere Datenschutzrichtlinien beschrieben.<\/p>\n<ul>\n<li>Vor oder zum Zeitpunkt der Erhebung personenbezogener Daten werden wir die Zwecke benennen, f\u00fcr die Informationen erfasst werden.<\/li>\n<li>Wir erfassen und nutzen personenbezogene Daten allein zu den von uns beschriebenen und weiteren damit verbundenen Zwecken, es sei denn, wir erhalten die Zustimmung der betroffenen Person oder dies ist gesetzlich vorgeschrieben.<\/li>\n<li>Wir bewahren personenbezogene Daten nur so lange auf, wie es zur Erf\u00fcllung dieser Zwecke erforderlich ist.<\/li>\n<li>Wir erfassen die personenbezogenen Daten mithilfe von gesetzlichen und angemessenen Mitteln und ggf. mit dem Wissen oder der Zustimmung der betroffenen Person.<\/li>\n<li>Die personenbezogenen Daten m\u00fcssen den Zwecken entsprechen, f\u00fcr die sie vorgesehen sind und in dem Rahmen, wie es f\u00fcr diese Zwecke erforderlich ist, m\u00fcssen sie genau, vollst\u00e4ndig und aktuell sein.<\/li>\n<li>Wir sch\u00fctzen pers\u00f6nliche Informationen durch angemessene Sicherheitsma\u00dfnahmen gegen Verlust oder Diebstahl und vor unbefugtem Zugriff, Offenlegung, Kopieren, Verwendung oder Ver\u00e4nderung.<\/li>\n<li>Wir stellen den Kunden Informationen \u00fcber unsere Richtlinien und Praktiken bez\u00fcglich der Verwaltung von personenbezogenen Daten zur Verf\u00fcgung.<\/li>\n<\/ul>\n<p>Wir verpflichten uns, unsere Leistungen in \u00dcbereinstimmung mit diesen Datenschutz-Bestimmungen zu erbringen, um die Vertraulichkeit personenbezogener Daten zu sch\u00fctzen und zu gew\u00e4hrleisten.<\/p>\n<h3>Sicherheit<\/h3>\n<p>Wenn Sie auf einen Beratungslink klicken oder sich im Patientenportal anmelden, werden Sie zum Apothekenportal unter https:\/\/prescriptiondeliverynetwork.co.uk weitergeleitet. Diese Verbindung ist auch verschl\u00fcsselt und privat. Alle Informationen zu Ihrer Bestellung &#8211; sowohl finanzielle als auch medizinische &#8211; sind ausschlie\u00dflich f\u00fcr den Arzt und Apotheker ersichtlich, die die Bestellung abwickeln. Diese Informationen sind nicht f\u00fcr den Betreiber der Seite verf\u00fcgbar.<\/p>\n<h3>Cookies<\/h3>\n<p>Die Webseite RXEUR verwendet Cookies. Durch die Nutzung dieser Website und Zustimmung zu diesen Richtlinien, erkl\u00e4ren Sie sich mit der Verwendung von Cookies gem\u00e4\u00df der Bedingungen dieser Richtlinien einverstanden.<\/p>\n<p>Cookies sind Dateien, die von Web-Servern an Web-Browser gesendet und von den Web-Browsern gespeichert werden.<\/p>\n<p>Die Information wird dann jedes Mal zur\u00fcck an den Server gesendet, wenn der Browser eine Seite von dem Server anfordert. Dies erm\u00f6glicht die Identifizierung und Nachverfolgung von Web-Browsern durch einen Web-Server.<\/p>\n<p>Es gibt zwei Hauptarten von Cookies: Session-Cookies und permanente Cookies. Session-Cookies werden von Ihrem Computer gel\u00f6scht, wenn Sie Ihren Browser schlie\u00dfen, w\u00e4hrend permanente Cookies auf Ihrem Computer gespeichert bleiben, bis sie gel\u00f6scht werden oder ihr Ablaufdatum erreichen.<\/p>\n<p><strong>Cookies auf unserer Website<\/strong><\/p>\n<p>Google Cookies<\/p>\n<p>RXEUR verwendet Google Analytics, um die Nutzung der Website zu analysieren. Google Analytics erzeugt statistische und andere Informationen \u00fcber die Nutzung der Website durch Cookies, die auf den Computern der Benutzer gespeichert sind. Die erzeugten Informationen in Bezug auf unsere Website werden verwendet, um Berichte \u00fcber die Nutzung der Website zu erstellen. Google speichert und nutzt diese Informationen. Die Google-Datenschutzbestimmungen finden Sie unter: http:\/\/www.google.com\/privacypolicy.html]<\/p>\n<p>Cookies vom Partner f\u00fcr Verschreibungen<\/p>\n<p>Wenn Sie eine Bestellung aufgeben oder sich in unserem Patientenportal anmelden, werden Sie an die Website unseres Partners f\u00fcr Verschreibungen weitergeleitet. Diese Website verwendet auch Cookies, um Ihren Kauf zu erleichtern und sichert den erforderlichen Informationsaustausch zwischen Ihnen und dem Arzt und Apotheker.<\/p>\n<p><strong>Ablehnung von Cookies<\/strong><br \/>\nDie meisten Browser erm\u00f6glichen es, die Annahme von Cookies abzulehnen.<\/p>\n<p>Im Internet Explorer k\u00f6nnen Sie alle Cookies ablehnen, indem Sie auf \u201eExtras\u201c, \u201eInternetoptionen\u201c, \u201eDatenschutz\u201c klicken und dann mit dem Schieberegler \u201eAlle Cookies sperren\u201c ausw\u00e4hlen.<\/p>\n<p>In Firefox k\u00f6nnen Sie Ihre Cookie-Einstellungen anpassen, indem Sie auf \u201eExtras\u201c, \u201eOptionen\u201c und \u201eDatenschutz\u201c klicken.<\/p>\n<p>Das Blockieren von Cookies hat einen negativen Einfluss auf die Nutzbarkeit von einigen Websites.<\/p>\n","protected":false},"excerpt":{"rendered":"<p>Datenschutz RXEuropa.com (RXEUR) ist Ihre Privatsph\u00e4re sehr wichtig. Dementsprechend haben wir diese Richtlinien entwickelt, damit Sie verstehen, wie wir pers\u00f6nliche Informationen erfassen, verwenden, kommunizieren, offenlegen, und nutzen. Im Folgenden werden unsere Datenschutzrichtlinien beschrieben. Vor oder zum Zeitpunkt der Erhebung personenbezogener Daten werden wir die Zwecke benennen, f\u00fcr die Informationen erfasst werden. Wir erfassen und nutzen<a href=\"https:\/\/rxeuropa.com\/de\/privacy-policy\/\" class=\"read_more\">Read More<\/a><\/p>\n","protected":false},"author":2,"featured_media":0,"parent":0,"menu_order":0,"comment_status":"closed","ping_status":"closed","template":"inner-template2.php","meta":{"footnotes":""},"class_list":["post-214","page","type-page","status-publish","hentry"],"_links":{"self":[{"href":"https:\/\/rxeuropa.com\/de\/wp-json\/wp\/v2\/pages\/214","targetHints":{"allow":["GET"]}}],"collection":[{"href":"https:\/\/rxeuropa.com\/de\/wp-json\/wp\/v2\/pages"}],"about":[{"href":"https:\/\/rxeuropa.com\/de\/wp-json\/wp\/v2\/types\/page"}],"author":[{"embeddable":true,"href":"https:\/\/rxeuropa.com\/de\/wp-json\/wp\/v2\/users\/2"}],"replies":[{"embeddable":true,"href":"https:\/\/rxeuropa.com\/de\/wp-json\/wp\/v2\/comments?post=214"}],"version-history":[{"count":0,"href":"https:\/\/rxeuropa.com\/de\/wp-json\/wp\/v2\/pages\/214\/revisions"}],"wp:attachment":[{"href":"https:\/\/rxeuropa.com\/de\/wp-json\/wp\/v2\/media?parent=214"}],"curies":[{"name":"wp","href":"https:\/\/api.w.org\/{rel}","templated":true}]}}