{"id":2132,"date":"2026-04-13T16:39:05","date_gmt":"2026-04-13T16:39:05","guid":{"rendered":"https:\/\/rxeuropa.com\/de\/?page_id=2132"},"modified":"2026-04-13T16:39:48","modified_gmt":"2026-04-13T16:39:48","slug":"modafinil","status":"publish","type":"page","link":"https:\/\/rxeuropa.com\/de\/modafinil\/","title":{"rendered":"Modafinil"},"content":{"rendered":"\r\n<p><strong>Modafinil<\/strong> behandelt Narkolepsie und wird unter Markennamen wie Modafinil, Alertec, Vigicer und Modalert vermarktet. \u00dcber die untenstehenden Links k\u00f6nnen Sie Modafinil online kaufen.\u00a0<\/p>\r\n<h3>Zugelassene Anwendungen von Modafinil<\/h3>\r\n<p>Modafinil ist in vielen EU-L\u00e4ndern zur Behandlung der Narkolepsie zugelassen. Viele \u00c4rzte verschreiben es jedoch auch bei einer Reihe anderer Beschwerden, von denen einige mit dem Lebensstil zusammenh\u00e4ngen.<\/p>\r\n<h3>Vorteile von Modafinil<\/h3>\r\n<p>Modafinil macht nicht abh\u00e4ngig und vermeidet viele Nebenwirkungen, die mit Amphetaminen in Verbindung gebracht werden. Es kann das Ged\u00e4chtnis verbessern, die Stimmung stabilisieren und verursacht nicht die typischen \u201eHochs und Tiefs\u201c von Stimulanzien. Anwender von Modafinil vermeiden in der Regel Angstzust\u00e4nde, Schlaflosigkeit oder gest\u00f6rte Schlafmuster, die andere Stimulanzien ausl\u00f6sen k\u00f6nnen.<\/p>\r\n<h3>H\u00e4ufige Anwendungen von Modafinil<\/h3>\r\n<p><strong>Modafinil wird h\u00e4ufig verwendet bei:<\/strong> Narkolepsie ist der h\u00e4ufigste Grund, warum Menschen Modafinil online kaufen. Narkolepsie ist eine neurologische Erkrankung, die unkontrollierbare Tagesschl\u00e4frigkeit verursacht und Arbeit, Tagesrhythmus und Lebensstil beeintr\u00e4chtigen kann. Diese Erkrankung kann auch gef\u00e4hrlich sein. Forschende haben Modafinil u. a. zur Behandlung altersbedingter Ged\u00e4chtnisabnahme, der Alzheimer-Krankheit, ADS\/ADD, kognitiver Beeintr\u00e4chtigungen, myotoner Dystrophie, MS-bedingter Fatigue, Benommenheit nach An\u00e4sthesie, Jetlag und anderer schlafbezogener Probleme untersucht. Wenn Sie Modafinil online \u00fcber unsere Partnerapotheke in Gro\u00dfbritannien kaufen, erhalten Sie dieselbe hochwertige Medikation wie in einer \u00f6rtlichen Apotheke.<\/p>\r\n<h3>Richtige Dosierung von Modafinil<\/h3>\r\n<p>Nehmen Sie Modafinil genau nach Anweisung Ihres Arztes ein. Allgemeine Richtwerte empfehlen eine 100-mg-Tablette f\u00fcr bis zu 8 Stunden Stimulation, ein- bis zweimal t\u00e4glich. Erwachsene: Die empfohlene Tagesdosis betr\u00e4gt 200\u2013400 mg. Je nach \u00e4rztlicher Empfehlung und individueller Wirkung k\u00f6nnen Sie Modafinil entweder in zwei Dosen (morgens und mittags) oder als einmalige Morgendosis einnehmen. \u00c4ltere Menschen: Bei \u00e4lteren Patienten wird Modafinil in der Regel langsamer abgebaut. Patienten \u00fcber 65 Jahre sollten mit 100 mg pro Tag beginnen. Liegen keine Leber- oder Nierenfunktionsst\u00f6rungen vor, kann die Dosis \u2013 abh\u00e4ngig vom Ansprechen \u2013 schrittweise bis auf 400 mg\/Tag erh\u00f6ht werden. Bei Leber- oder Nierenproblemen reduzieren Sie die Dosis auf 100\u2013200 mg\/Tag. Vermeiden Sie die Einnahme am Abend.<\/p>\r\n<h3>Vorsichtsma\u00dfnahmen<\/h3>\r\n<p>Bevor Sie Modafinil online kaufen, besprechen Sie mit Ihrem Arzt, ob es f\u00fcr Sie geeignet ist, und befolgen Sie seine Empfehlungen. Patienten mit Angstst\u00f6rungen sollten Modafinil nur unter Betreuung eines Spezialisten einnehmen. Schwangere Frauen oder Frauen mit Kinderwunsch sollten ihren Arzt informieren; eine Behandlung mit Modafinil sollte w\u00e4hrend der Schwangerschaft ausgesetzt werden. <strong>Patienten mit Bluthochdruck sollten Blutdruck und Herzfrequenz regelm\u00e4\u00dfig kontrollieren. Personen mit linksventrikul\u00e4rer Hypertrophie, Brustschmerzen, Arrhythmien oder Mitralklappenprolaps sollten Modafinil nicht einnehmen.<\/strong><\/p>\r\n<h3>Wechselwirkungen<\/h3>\r\n<p><strong>Orale Kontrazeptiva:<\/strong> Modafinil kann die Wirksamkeit oraler Kontrazeptiva verringern. Nehmen Sie Modafinil nicht gleichzeitig mit Produkten ein, die 50 mg oder mehr Ethinylestradiol enthalten. Nach dem Absetzen von Modafinil sollten Sie zwei Menstruationszyklen abwarten, bevor Sie wieder orale Kontrazeptiva verwenden. <strong>Trizyklische Antidepressiva:<\/strong> Eine Studie zu Modafinil (200 mg) und Clomipramin (50 mg) zeigte keine relevanten Wechselwirkungen, dennoch sollten \u00c4rzte Patienten, die beides einnehmen, engmaschig \u00fcberwachen. <strong>Antikonvulsiva:<\/strong> Es gibt keine formellen Studien zu Wechselwirkungen zwischen Modafinil und Antikonvulsiva; bei Kombination ist daher Vorsicht geboten.<\/p>\r\n<h3>Besondere Warnhinweise<\/h3>\r\n<p>Studien zeigen ein geringes Abh\u00e4ngigkeitsrisiko, dennoch kann eine langfristige Anwendung zu einer Abh\u00e4ngigkeit f\u00fchren. F\u00fcr Kinder wird Modafinil aufgrund fehlender kontrollierter Studien nicht empfohlen. Die Auswirkungen auf das Fahren oder Bedienen von Maschinen sind nicht bekannt. <strong>Patienten mit Herzerkrankungen sollten vor der Anwendung von Modafinil einen Arzt konsultieren.<\/strong> Sportler sollten beachten, dass Modafinil bei Dopingkontrollen zu einem positiven Ergebnis f\u00fchren kann.<\/p>\r\n<h3>Schwangerschaft und Stillzeit<\/h3>\r\n<p><strong>Modafinil darf w\u00e4hrend der Schwangerschaft oder Stillzeit nicht angewendet werden.<\/strong><\/p>\r\n<h3>Informationen zur \u00dcberdosierung<\/h3>\r\n<p>Das wichtigste Symptom einer Modafinil-\u00dcberdosierung ist Schlaflosigkeit. Behandlungsoptionen sind das Ausl\u00f6sen von Erbrechen oder eine Magensp\u00fclung. Eine station\u00e4re Aufnahme kann erforderlich sein, um psychomotorische Aktivit\u00e4t und Herzfunktion zu \u00fcberwachen.<\/p>\r\n<h3>Informationen bei vergessener Dosis<\/h3>\r\n<p><strong>Wenn Sie eine Dosis vergessen:<\/strong> M\u00f6glicherweise schlafen Sie ein. Nehmen Sie die n\u00e4chste Dosis nach dem Aufwachen ein, verdoppeln Sie jedoch niemals die Dosis.<\/p>\r\n<h3>Nebenwirkungen von Modafinil<\/h3>\r\n<p>M\u00f6gliche Nebenwirkungen sind Nervosit\u00e4t, Reizbarkeit, Schlaflosigkeit, Appetitverlust, Kopfschmerzen, Magen-Darm-Beschwerden, Mundtrockenheit, Tachykardie und Arrhythmien. In seltenen F\u00e4llen k\u00f6nnen Hautausschl\u00e4ge oder Dyskinesien auftreten. Um das Risiko von Nebenwirkungen zu verringern, befolgen Sie die Anweisungen Ihres Arztes sowie die Herstellerhinweise, die dem Medikament beiliegen. Informieren Sie Ihren Arzt, wenn Sie Nebenwirkungen bemerken, die oben nicht aufgef\u00fchrt sind.<\/p>\r\n\r\n<p>&nbsp;<\/p>","protected":false},"excerpt":{"rendered":"<p>Modafinil behandelt Narkolepsie und wird unter Markennamen wie Modafinil, Alertec, Vigicer und Modalert vermarktet. \u00dcber die untenstehenden Links k\u00f6nnen Sie Modafinil online kaufen.\u00a0 Zugelassene Anwendungen von Modafinil Modafinil ist in vielen EU-L\u00e4ndern zur Behandlung der Narkolepsie zugelassen. Viele \u00c4rzte verschreiben es jedoch auch bei einer Reihe anderer Beschwerden, von denen einige mit dem Lebensstil zusammenh\u00e4ngen.<a href=\"https:\/\/rxeuropa.com\/de\/modafinil\/\" class=\"read_more\">Read More<\/a><\/p>\n","protected":false},"author":7,"featured_media":0,"parent":0,"menu_order":0,"comment_status":"closed","ping_status":"closed","template":"inner-template5.php","meta":{"footnotes":""},"class_list":["post-2132","page","type-page","status-publish","hentry"],"_links":{"self":[{"href":"https:\/\/rxeuropa.com\/de\/wp-json\/wp\/v2\/pages\/2132","targetHints":{"allow":["GET"]}}],"collection":[{"href":"https:\/\/rxeuropa.com\/de\/wp-json\/wp\/v2\/pages"}],"about":[{"href":"https:\/\/rxeuropa.com\/de\/wp-json\/wp\/v2\/types\/page"}],"author":[{"embeddable":true,"href":"https:\/\/rxeuropa.com\/de\/wp-json\/wp\/v2\/users\/7"}],"replies":[{"embeddable":true,"href":"https:\/\/rxeuropa.com\/de\/wp-json\/wp\/v2\/comments?post=2132"}],"version-history":[{"count":3,"href":"https:\/\/rxeuropa.com\/de\/wp-json\/wp\/v2\/pages\/2132\/revisions"}],"predecessor-version":[{"id":2135,"href":"https:\/\/rxeuropa.com\/de\/wp-json\/wp\/v2\/pages\/2132\/revisions\/2135"}],"wp:attachment":[{"href":"https:\/\/rxeuropa.com\/de\/wp-json\/wp\/v2\/media?parent=2132"}],"curies":[{"name":"wp","href":"https:\/\/api.w.org\/{rel}","templated":true}]}}