{"id":213,"date":"2013-07-01T17:17:06","date_gmt":"2013-07-01T17:17:06","guid":{"rendered":"http:\/\/localhost\/rxe\/?page_id=175"},"modified":"2026-03-03T15:52:47","modified_gmt":"2026-03-03T15:52:47","slug":"schmerzmittel","status":"publish","type":"page","link":"https:\/\/rxeuropa.com\/de\/schmerzmittel\/","title":{"rendered":"Schmerzmittel"},"content":{"rendered":"<p>Auf dieser Seite k\u00f6nnen Sie rezeptpflichtige Schmerzmittel bestellen. Zun\u00e4chst muss einer unserer \u00c4rzte Ihnen jedoch ein Rezept ausstellen. Daf\u00fcr ist eine Online-Beratung notwendig. Die folgenden Informationen enthalten Links zu den verschiedenen Behandlungsseiten, wo Sie weitere Informationen finden k\u00f6nnen.<\/p>\n<h3>Codein<\/h3>\n<p><a href=\"https:\/\/rxeuropa.com\/de\/schmerzmittel\/codein-rezeptfrei\/\"><u>Klicken Sie hier, um Codeinphosphat zu kaufen<\/u><\/a><\/p>\n<p>Codein geh\u00f6rt zur Gruppe der Opioide und ist ein nat\u00fcrlich vorkommender Wirkstoff, der aus Morphin gewonnen wird. Es ist \u00fcblicherweise in Dosierungen von 15 mg, 30 mg und 60 mg erh\u00e4ltlich. Codein wird vor allem bei leichten bis m\u00e4\u00dfig starken Schmerzen sowie bei hartn\u00e4ckigem Reizhusten verschrieben.<\/p>\n<h3>Dihydrocodein<\/h3>\n<p><a href=\"https:\/\/rxeuropa.com\/de\/treatments\/dihydrocodeine\/\"><u>Klicken Sie hier, um Dihydrocodein zu kaufen<\/u><\/a><\/p>\n<p>Dihydrocodein ist ein halbsynthetisches Opioid mit st\u00e4rkerer Wirkung als Codein. Es wird vorwiegend als Retardtablette in Dosierungen von 60 mg, 90 mg und 120 mg angeboten. \u00c4rzte verschreiben Dihydrocodein bei m\u00e4\u00dfig starken bis starken Schmerzen, wenn leichtere Schmerzmittel nicht mehr ausreichend helfen.<\/p>\n<h3>Paracetemol Comp<\/h3>\n<p><a href=\"https:\/\/rxeuropa.com\/de\/schmerzmittel\/paracetamol-comp-kaufen\/\"><u>Klicken Sie, um Paracetemol Comp zu kaufen<\/u><\/a><\/p>\n<p>Paracetamol Comp ist ein Kombinationspr\u00e4parat, das den bew\u00e4hrten Wirkstoff Paracetamol mit dem Opioid Codein verbindet. Die g\u00e4ngigste Dosierung enth\u00e4lt 500 mg Paracetamol und 30 mg Codein. Durch diese Kombination wirkt es st\u00e4rker schmerzlindernd als Paracetamol allein und wird bei m\u00e4\u00dfig starken Schmerzen verordnet \u2013 etwa bei Zahnschmerzen, Kopfschmerzen oder Beschwerden nach kleineren Eingriffen.<\/p>\n<h3>Tramadol<\/h3>\n<p><a href=\"https:\/\/rxeuropa.com\/de\/schmerzmittel\/tramadol\/\"><u>Klicken Sie, um Tramadol zu kaufen<\/u><\/a><\/p>\n<p>Tramadol ist ein synthetisches Opioid-Schmerzmittel, das in Dosierungen von 50 mg, 100 mg, 150 mg und 200 mg verf\u00fcgbar ist \u2013 unter anderem als Kapseln, Tropfen und Retardtabletten. Es wird bei m\u00e4\u00dfig starken bis starken Schmerzen eingesetzt, beispielsweise nach Operationen, bei Nervenschmerzen oder chronischen Schmerzerkrankungen.<\/p>\n<h3>Tilidin<\/h3>\n<p><a href=\"https:\/\/rxeuropa.com\/de\/schmerzmittel\/tilidin-bestellen-rezeptfrei\/\"><u>Klicken Sie, um Tilidin zu kaufen<\/u><\/a><\/p>\n<p>Tilidin wird in der Regel in Kombination mit dem Wirkstoff Naloxon verschrieben. G\u00e4ngige Retardtabletten-Dosierungen sind 50\/4 mg, 100\/8 mg, 150\/12 mg und 200\/16 mg. Es kommt bei m\u00e4\u00dfig starken bis starken Schmerzen zum Einsatz und z\u00e4hlt zu den am h\u00e4ufigsten verordneten Opioid-Schmerzmitteln in Deutschland.<\/p>\n<h3>Ibuprofen<\/h3>\n<p>Ibuprofen geh\u00f6rt zur Gruppe der nichtsteroidalen Antirheumatika (NSAR) und wirkt schmerzlindernd, entz\u00fcndungshemmend sowie fiebersenkend. W\u00e4hrend niedrigere Dosierungen (200 mg, 400 mg) rezeptfrei erh\u00e4ltlich sind, sind die st\u00e4rkeren Varianten mit 600 mg und 800 mg verschreibungspflichtig. In diesen h\u00f6heren Dosierungen wird Ibuprofen bei st\u00e4rkeren Schmerzen, entz\u00fcndlichen Erkrankungen und rheumatischen Beschwerden verordnet.<\/p>\n<h3>Andere Schmerzmittel<\/h3>\n<p>Schmerzmittel, die keiner der oben genannten Kategorien zugeordnet werden, sind oft f\u00fcr spezielle Krankheiten und Pathologien gedacht. Beispielsweise wird Relpax verwendet, um Migr\u00e4neschmerzen gezielt zu behandeln. Lyrica ist ein neues Medikament zur Behandlung von neuropathischen Schmerzen.<\/p>\n","protected":false},"excerpt":{"rendered":"<p>Auf dieser Seite k\u00f6nnen Sie rezeptpflichtige Schmerzmittel bestellen. Zun\u00e4chst muss einer unserer \u00c4rzte Ihnen jedoch ein Rezept ausstellen. Daf\u00fcr ist eine Online-Beratung notwendig. Die folgenden Informationen enthalten Links zu den verschiedenen Behandlungsseiten, wo Sie weitere Informationen finden k\u00f6nnen. Codein Klicken Sie hier, um Codeinphosphat zu kaufen Codein geh\u00f6rt zur Gruppe der Opioide und ist ein<a href=\"https:\/\/rxeuropa.com\/de\/schmerzmittel\/\" class=\"read_more\">Read More<\/a><\/p>\n","protected":false},"author":2,"featured_media":0,"parent":0,"menu_order":1,"comment_status":"closed","ping_status":"closed","template":"inner-template5.php","meta":{"footnotes":""},"class_list":["post-213","page","type-page","status-publish","hentry"],"_links":{"self":[{"href":"https:\/\/rxeuropa.com\/de\/wp-json\/wp\/v2\/pages\/213","targetHints":{"allow":["GET"]}}],"collection":[{"href":"https:\/\/rxeuropa.com\/de\/wp-json\/wp\/v2\/pages"}],"about":[{"href":"https:\/\/rxeuropa.com\/de\/wp-json\/wp\/v2\/types\/page"}],"author":[{"embeddable":true,"href":"https:\/\/rxeuropa.com\/de\/wp-json\/wp\/v2\/users\/2"}],"replies":[{"embeddable":true,"href":"https:\/\/rxeuropa.com\/de\/wp-json\/wp\/v2\/comments?post=213"}],"version-history":[{"count":8,"href":"https:\/\/rxeuropa.com\/de\/wp-json\/wp\/v2\/pages\/213\/revisions"}],"predecessor-version":[{"id":2124,"href":"https:\/\/rxeuropa.com\/de\/wp-json\/wp\/v2\/pages\/213\/revisions\/2124"}],"wp:attachment":[{"href":"https:\/\/rxeuropa.com\/de\/wp-json\/wp\/v2\/media?parent=213"}],"curies":[{"name":"wp","href":"https:\/\/api.w.org\/{rel}","templated":true}]}}