{"id":2094,"date":"2024-11-13T15:59:04","date_gmt":"2024-11-13T15:59:04","guid":{"rendered":"https:\/\/rxeuropa.com\/de\/?page_id=2094"},"modified":"2024-11-13T18:59:58","modified_gmt":"2024-11-13T18:59:58","slug":"gewichtsverlust","status":"publish","type":"page","link":"https:\/\/rxeuropa.com\/de\/gewichtsverlust\/","title":{"rendered":"Gewichtsverlust"},"content":{"rendered":"<h3>Ihr Leitfaden zu verschreibungspflichtigen Medikamenten<\/h3>\n<p>Abnehmspritze und -Tabletten bieten neue Hoffnung f\u00fcr viele, die Schwierigkeiten haben, ihr Gewicht zu kontrollieren. Wenn Sie verschreibungspflichtige Medikamente zur Gewichtsabnahme erw\u00e4gen, sich jedoch von den vielen Optionen \u00fcberw\u00e4ltigt f\u00fchlen, dann ist RXEuropa.com hier, um Ihnen zu helfen. In diesem Artikel erhalten Sie daher einen klaren, detaillierten \u00dcberblick \u00fcber die verf\u00fcgbaren verschreibungspflichtigen Abnehmspritzen und anderen Gewichtsabnahmemedikamente, die \u00fcber unsere Partnerapotheke angeboten werden. Dabei behandeln wir eine Vielzahl von Medikamenten nach Klassen, beschreiben, wie sie wirken, und heben die Unterschiede zwischen \u00e4hnlichen Behandlungen hervor, damit Sie die Optionen besser verstehen k\u00f6nnen, die am besten zu Ihren Bed\u00fcrfnissen passen k\u00f6nnten. Starten Sie Ihre Reise, indem Sie unten die Abnehmspritzen und Medikamente erkunden \u2013 jedes potenziell geeignet nach einer kostenlosen Online-Beratung mit einem Arzt.<\/p>\n<h3>Wegovy, Ozempic und RYBELSUS<\/h3>\n<p>Die <a href=\"https:\/\/my.clevelandclinic.org\/health\/treatments\/13901-glp-1-agonists\" target=\"_blank\" rel=\"noopener\">GLP-1-Rezeptor-Agonisten<\/a> haben die Abnehmspritze und andere Gewichtsabnahmemedikamente k\u00fcrzlich revolutioniert, dank ihres einzigartigen Wirkmechanismus und ihrer hohen Wirksamkeit. Basierend auf Semaglutid unterscheiden sich diese Medikamente haupts\u00e4chlich in ihrer Darreichungsform und H\u00e4ufigkeit der Anwendung.<\/p>\n<h3>Wegovy<\/h3>\n<p>&#8211; <strong>Was es ist<\/strong>: Eine einmal w\u00f6chentlich verabreichte Abnehmspritze zur Gewichtsreduktion, basierend auf Semaglutid, die speziell f\u00fcr das Gewichtsmanagement entwickelt wurde.<\/p>\n<p>&#8211; <strong>Wie es wirkt<\/strong>: Wegovy imitiert das GLP-1-Hormon, das Gehirnrezeptoren anspricht, um den Appetit zu reduzieren und die Verdauung zu verlangsamen.<\/p>\n<p>&#8211; <strong>Wirksamkeit<\/strong>: Klinische Studien zeigen, dass Wegovy bei regelm\u00e4\u00dfiger Anwendung bis zu 15 % Gewichtsverlust erreichen kann.<\/p>\n<p>Ist Wegovy die richtige Abnehmspritze f\u00fcr mich? <a href=\"https:\/\/rxeuropa.com\/de\/gewichtsverlust\/wegovy-ohne-rezept\/\">Erfahren Sie hier, wie Sie eine kostenlose Beratung mit einem Arzt erhalten und Wegovy online kaufen k\u00f6nnen.<\/a><\/p>\n<h3>Ozempic<\/h3>\n<p>&#8211; <strong>Was es ist<\/strong>: Eine weitere Semaglutid-basierte, einmal w\u00f6chentlich verabreichte Abnehmspritze, die prim\u00e4r f\u00fcr Typ-2-Diabetes verschrieben wird, jedoch auch oft off-label f\u00fcr das Gewichtsmanagement verwendet wird.<\/p>\n<p>&#8211; <strong>Wie es wirkt<\/strong>: \u00c4hnlich wie Wegovy reduziert Ozempic den Hunger, indem es GLP-1 imitiert, um den Appetit zu z\u00fcgeln und den Blutzuckerspiegel zu regulieren.<\/p>\n<p>&#8211; <strong>Wirksamkeit<\/strong>: Benutzer berichten von signifikanter Gewichtsabnahme, die jedoch individuell variieren kann.<\/p>\n<h3>RYBELSUS<\/h3>\n<p>&#8211; <strong>Was es ist<\/strong>: Eine orale Tablettenform von Semaglutid, die f\u00fcr Typ-2-Diabetes entwickelt wurde, jedoch auch f\u00fcr das Gewichtsmanagement bekannt ist.<\/p>\n<p>&#8211; <strong>Wie es wirkt<\/strong>: Als oraler GLP-1-Agonist reduziert es den Appetit und hilft zudem, den Blutzucker zu regulieren.<\/p>\n<p>&#8211; <strong>Wirksamkeit<\/strong>: Bietet vergleichbare Gewichtsabnahmevorteile wie die injizierbaren Optionen bei t\u00e4glicher Einnahme.<\/p>\n<p>Ist RYBELSUS das Richtige f\u00fcr mich? <a href=\"https:\/\/rxeuropa.com\/de\/gewichtsverlust\/rybelsus\/\">Erfahren Sie hier, wie Sie eine kostenlose Beratung mit einem Arzt erhalten und RYBELSUS online kaufen k\u00f6nnen.<\/a><\/p>\n<h3>Mounjaro: Dualer GIP\/GLP-1 Agonist<\/h3>\n<p>&#8211; <strong>Was es ist<\/strong>: Ein dual wirkendes injizierbares Medikament, das sowohl GIP- als auch GLP-1-Rezeptoren anspricht und somit die Gewichtsabnahme und die Blutzuckerkontrolle verst\u00e4rkt.<\/p>\n<p>&#8211; <strong>Wie es wirkt<\/strong>: Durch die Ansprache zweier Schl\u00fcsselrezeptoren bietet Mounjaro einen einzigartigen Ansatz, der den Appetit noch st\u00e4rker unterdr\u00fcckt und die Blutzuckerregulation verbessert.<\/p>\n<p>&#8211; <strong>Wirksamkeit<\/strong>: Studien zeigen beeindruckende Ergebnisse bei der Gewichtsabnahme, oft bis zu 20 % bei fortgesetzter Anwendung.<\/p>\n<p>Ist Mounjaro die richtige Abnehmspritze f\u00fcr mich? <a href=\"https:\/\/rxeuropa.com\/de\/gewichtsverlust\/mounjaro-kaufen\/\">Erfahren Sie hier, wie Sie eine kostenlose Beratung mit einem Arzt erhalten und Mounjaro online kaufen k\u00f6nnen.<\/a><\/p>\n<h3>Saxenda: GLP-1 Agonist<\/h3>\n<p>&#8211; <strong>Was es ist<\/strong>: Eine t\u00e4gliche Abnehmspritze, die den GLP-1-Rezeptor anspricht und sich jedoch in der Zusammensetzung von semaglutidbasierten Behandlungen unterscheidet.<\/p>\n<p>&#8211; <strong>Wie es wirkt<\/strong>: Saxenda reduziert den Appetit und unterst\u00fctzt die Kontrolle der Kalorienaufnahme und langfristigen Gewichtsverlust.<\/p>\n<p>&#8211; <strong>Wirksamkeit<\/strong>: F\u00fchrt bei konsequenter Anwendung typischerweise zu einem Gewichtsverlust von 5\u201310 %.<\/p>\n<h3>Mysimba: Naltrexon-Bupropion Kombination<\/h3>\n<p>&#8211; <strong>Was es ist<\/strong>: Eine Tablette, die Naltrexon und Bupropion kombiniert und f\u00fcr das Gewichtsmanagement verschrieben wird.<\/p>\n<p>&#8211; <strong>Wie es wirkt<\/strong>: Zielt \u00fcber zwei Wege auf die Appetitkontrolle ab und hat somit eine doppelte Wirkung auf Hei\u00dfhunger und Kalorienaufnahme.<\/p>\n<p>&#8211; <strong>Wirksamkeit<\/strong>: Klinische Studien zeigen einen Gewichtsverlust von etwa 5\u201310 % bei Nutzern.<\/p>\n<h3>Xenical: Lipase-Inhibitor<\/h3>\n<p>&#8211; <strong>Was es ist<\/strong>: Eine orale Tablette, generisch als Orlistat bekannt, verschrieben, um die Fettaufnahme zu blockieren.<\/p>\n<p>&#8211; <strong>Wie es wirkt<\/strong>: Durch die Hemmung der Lipase-Enzyme verhindert Xenical die Aufnahme von etwa 30 % des Nahrungsfetts.<\/p>\n<p>&#8211; <strong>Wirksamkeit<\/strong>: F\u00fchrt zu einem moderaten Gewichtsverlust, besonders wirksam in Kombination mit einer fettarmen Di\u00e4t.<\/p>\n<h3>Noradrenerge Appetitz\u00fcgler: Tenuate und Alvalin<\/h3>\n<h3>Tenuate Retard (Regenon)<\/h3>\n<p>&#8211; <strong>Was es ist<\/strong>: Eine noradrenerge Appetitz\u00fcgler-Tablette, die in der Regel in kurzfristigen Gewichtsreduktionsprogrammen eingesetzt wird.<\/p>\n<p>&#8211; <strong>Wie es wirkt<\/strong>: Beeinflusst Rezeptoren im Gehirn, um Hungersignale zu reduzieren und die Kalorienaufnahme zu kontrollieren.<\/p>\n<p>&#8211; <strong>Wirksamkeit<\/strong>: F\u00fchrt zu einem moderaten Gewichtsverlust, am effektivsten in Kombination mit Ern\u00e4hrungsumstellungen.<\/p>\n<h3>Alvalin<\/h3>\n<p>&#8211; <strong>Was es ist<\/strong>: Ein weiterer noradrenerger Appetitz\u00fcgler, der \u00e4hnlich wie Regenon verwendet wird.<\/p>\n<p>&#8211; <strong>Wie es wirkt<\/strong>: Alvalin wirkt ebenfalls auf das zentrale Nervensystem, um den Hunger zu reduzieren und die Kalorienzufuhr zu begrenzen.<\/p>\n<p>&#8211; <strong>Wirksamkeit<\/strong>: F\u00fchrt zu moderatem Gewichtsverlust in Kombination mit Anpassungen des Lebensstils.<\/p>\n<h3>Andere Medikamente zur Gewichtsreduktion<\/h3>\n<h3>Metformin<\/h3>\n<p>&#8211; <strong>Was es ist<\/strong>: Eine Tablette, die prim\u00e4r f\u00fcr das Management von Typ-2-Diabetes verschrieben wird und gelegentlich off-label zur Gewichtskontrolle eingesetzt wird.<\/p>\n<p>&#8211; <strong>Wie es wirkt<\/strong>: Reduziert die Glukoseproduktion in der Leber und verbessert die Insulinempfindlichkeit, was letztendlich die Gewichtsstabilisierung unterst\u00fctzen kann.<\/p>\n<p>&#8211; <strong>Wirksamkeit<\/strong>: Zeigt milde bis moderate Gewichtskontrolleffekte, oft als Erg\u00e4nzung zu anderen Behandlungen.<\/p>\n<p>Zusammenfassend bietet jede dieser verschreibungspflichtigen Optionen einzigartige Vorteile und Ans\u00e4tze zur Gewichtsreduktion. F\u00fcr diejenigen, die eine personalisierte L\u00f6sung zur Gewichtsabnahme suchen, bietet RXEuropa.com eine kostenlose Online-Beratung mit einem Arzt, um Ihnen zu helfen, die richtige Abnehmspritze oder Tablette zu finden. Entdecken Sie unser Angebot und finden Sie die Unterst\u00fctzung, die Sie auf Ihrem Weg zu einem ges\u00fcnderen Gewicht ben\u00f6tigen.<\/p>\n","protected":false},"excerpt":{"rendered":"<p>Ihr Leitfaden zu verschreibungspflichtigen Medikamenten Abnehmspritze und -Tabletten bieten neue Hoffnung f\u00fcr viele, die Schwierigkeiten haben, ihr Gewicht zu kontrollieren. Wenn Sie verschreibungspflichtige Medikamente zur Gewichtsabnahme erw\u00e4gen, sich jedoch von den vielen Optionen \u00fcberw\u00e4ltigt f\u00fchlen, dann ist RXEuropa.com hier, um Ihnen zu helfen. In diesem Artikel erhalten Sie daher einen klaren, detaillierten \u00dcberblick \u00fcber die<a href=\"https:\/\/rxeuropa.com\/de\/gewichtsverlust\/\" class=\"read_more\">Read More<\/a><\/p>\n","protected":false},"author":7,"featured_media":0,"parent":0,"menu_order":0,"comment_status":"closed","ping_status":"closed","template":"inner-template5.php","meta":{"footnotes":""},"class_list":["post-2094","page","type-page","status-publish","hentry"],"_links":{"self":[{"href":"https:\/\/rxeuropa.com\/de\/wp-json\/wp\/v2\/pages\/2094","targetHints":{"allow":["GET"]}}],"collection":[{"href":"https:\/\/rxeuropa.com\/de\/wp-json\/wp\/v2\/pages"}],"about":[{"href":"https:\/\/rxeuropa.com\/de\/wp-json\/wp\/v2\/types\/page"}],"author":[{"embeddable":true,"href":"https:\/\/rxeuropa.com\/de\/wp-json\/wp\/v2\/users\/7"}],"replies":[{"embeddable":true,"href":"https:\/\/rxeuropa.com\/de\/wp-json\/wp\/v2\/comments?post=2094"}],"version-history":[{"count":6,"href":"https:\/\/rxeuropa.com\/de\/wp-json\/wp\/v2\/pages\/2094\/revisions"}],"predecessor-version":[{"id":2108,"href":"https:\/\/rxeuropa.com\/de\/wp-json\/wp\/v2\/pages\/2094\/revisions\/2108"}],"wp:attachment":[{"href":"https:\/\/rxeuropa.com\/de\/wp-json\/wp\/v2\/media?parent=2094"}],"curies":[{"name":"wp","href":"https:\/\/api.w.org\/{rel}","templated":true}]}}