{"id":2042,"date":"2024-06-22T16:44:47","date_gmt":"2024-06-22T16:44:47","guid":{"rendered":"https:\/\/rxeuropa.com\/de\/?page_id=2042"},"modified":"2024-11-13T17:49:50","modified_gmt":"2024-11-13T17:49:50","slug":"rybelsus","status":"publish","type":"page","link":"https:\/\/rxeuropa.com\/de\/gewichtsverlust\/rybelsus\/","title":{"rendered":"RYBELSUS"},"content":{"rendered":"<p>RYBELSUS, entwickelt von Novo Nordisk, ist ein innovatives orales Medikament zur Verbesserung der Blutzuckerkontrolle bei Erwachsenen mit Typ-2-Diabetes. Sein Wirkstoff Semaglutid bietet eine praktische Alternative zu injizierbaren Diabetesbehandlungen.<br \/>\n<div class=\"as_products_table \" id=\"as_products_table\" ><div class=\"astblrow row_even\" ><div><strong>RYBELSUS 3mg<\/strong><\/div><div>30 Tabletten<\/div><div><strong>&#8364;219.00<\/strong><\/div><div><a href=\"javascript:void(0)\" data-productid=\"1951\" >Beratung starten<\/a><\/div><\/div><div class=\"astblrow row_odd\" ><div><strong>RYBELSUS 7mg<\/strong><\/div><div>90 Tabletten<\/div><div><strong>&#8364;599.00<\/strong><\/div><div><a href=\"javascript:void(0)\" data-productid=\"1952\" >Beratung starten<\/a><\/div><\/div><div class=\"astblrow row_even\" ><div><strong>RYBELSUS 14mg<\/strong><\/div><div>90 Tabletten<\/div><div><strong>&#8364;599.00<\/strong><\/div><div><a href=\"javascript:void(0)\" data-productid=\"1040\" >Beratung starten<\/a><\/div><\/div><\/div><\/p>\n<p><strong>So wirkt RYBELSUS<\/strong><br \/>\nRYBELSUS wirkt, indem es das GLP-1-Hormon nachahmt, das die Insulinproduktion anregt und den Blutzuckerspiegel senkt. Dar\u00fcber hinaus reduziert es den Appetit und tr\u00e4gt so zu einer besseren allgemeinen Diabeteskontrolle und einem m\u00f6glichen Gewichtsverlust bei. In der EU und im Vereinigten K\u00f6nigreich ist RYBELSUS haupts\u00e4chlich zur Behandlung von Typ-2-Diabetes zugelassen, um den Blutzuckerspiegel zu kontrollieren. Aufgrund seines Wirkmechanismus, der auch die Unterdr\u00fcckung des Appetits umfasst, k\u00f6nnen \u00c4rzte es jedoch au\u00dferhalb der Zulassung zur Gewichtskontrolle verschreiben, insbesondere bei Patienten mit einem BMI von 30 oder h\u00f6her oder einem BMI von 27 oder h\u00f6her mit mindestens einer gewichtsbedingten Erkrankung wie Bluthochdruck oder hohem Cholesterinspiegel.<\/p>\n<p><strong>RYBELSUS zur Gewichtskontrolle<\/strong><br \/>\nKlinische Studien haben gezeigt, dass Patienten, die RYBELSUS einnehmen, einen erheblichen Gewichtsverlust erfahren k\u00f6nnen. Es ist jedoch wichtig zu beachten, dass die Verwendung von RYBELSUS zur Gewichtsabnahme nicht offiziell zugelassen ist. Patienten sollten RYBELSUS zur Gewichtsabnahme nur unter Aufsicht eines Arztes einnehmen, der die Behandlung bei Bedarf anpassen kann. F\u00fcr diejenigen, die an Medikamenten zur Gewichtsabnahme interessiert sind, sind andere GLP-1-Rezeptoragonisten wie Wegovy und Saxenda speziell f\u00fcr diesen Zweck zugelassen und k\u00f6nnen als Alternativen empfohlen werden.<\/p>\n<p><strong>Verf\u00fcgbare Dosierungen<\/strong><br \/>\nRYBELSUS ist in unserer Partnerapotheke in drei Dosierungen erh\u00e4ltlich: 3 mg, 7 mg und 14 mg. Patienten beginnen normalerweise mit 3 mg einmal t\u00e4glich w\u00e4hrend der ersten 30 Tage, gefolgt von einer Erh\u00f6hung auf entweder 7 mg oder 14 mg, je nach \u00e4rztlicher Verschreibung.<\/p>\n<p><strong>Anwendung und Verabreichung<\/strong><br \/>\nRYBELSUS wird einmal t\u00e4glich mit Wasser eingenommen und sollte f\u00fcr optimale Ergebnisse 30 Minuten vor der ersten Mahlzeit des Tages eingenommen werden. Unsere Apotheke bietet RYBELSUS mit einer inbegriffenen Online-Beratung mit unseren hauseigenen \u00c4rzten an, um sicherzustellen, dass es Ihren Bed\u00fcrfnissen entspricht.<\/p>\n<p><strong>H\u00e4ufige Nebenwirkungen<\/strong><br \/>\nH\u00e4ufige Nebenwirkungen von RYBELSUS sind \u00dcbelkeit, Durchfall, Erbrechen, Bauchschmerzen und verminderter Appetit. Diese Nebenwirkungen sind normalerweise mild und klingen mit der Zeit ab.<\/p>\n<p><strong>Ist RYBELSUS das Richtige f\u00fcr mich?<\/strong><br \/>\nRYBELSUS ist ideal f\u00fcr Erwachsene mit Typ-2-Diabetes, die nach einer oralen Medikamentenoption suchen. Es wird in Gro\u00dfbritannien auch au\u00dferhalb des Zulassungsbereichs zur Gewichtskontrolle verwendet und bietet einen zus\u00e4tzlichen Nutzen f\u00fcr Menschen mit Fettleibigkeit oder \u00dcbergewicht. Eine gr\u00fcndliche Beratung mit unseren hauseigenen \u00c4rzten wird best\u00e4tigen, ob RYBELSUS die richtige Wahl f\u00fcr Sie ist.<\/p>\n<p><strong>RYBELSUS online kaufen<\/strong><br \/>\nBestellen Sie RYBELSUS in unserer Apotheke und profitieren Sie von der Lieferung am n\u00e4chsten Tag in ganz Europa und Gro\u00dfbritannien. Der Preis beinhaltet eine ausf\u00fchrliche medizinische Beratung und das Medikament selbst, sodass Sie fachkundige Beratung und eine schnelle Lieferung erhalten.<\/p>\n<p><strong>Beginnen Sie noch heute Ihre Reise zu einem besseren Diabetesmanagement und potenzieller Gewichtsabnahme mit RYBELSUS.<\/strong><\/p>\n","protected":false},"excerpt":{"rendered":"<p>RYBELSUS, entwickelt von Novo Nordisk, ist ein innovatives orales Medikament zur Verbesserung der Blutzuckerkontrolle bei Erwachsenen mit Typ-2-Diabetes. Sein Wirkstoff Semaglutid bietet eine praktische Alternative zu injizierbaren Diabetesbehandlungen. So wirkt RYBELSUS RYBELSUS wirkt, indem es das GLP-1-Hormon nachahmt, das die Insulinproduktion anregt und den Blutzuckerspiegel senkt. Dar\u00fcber hinaus reduziert es den Appetit und tr\u00e4gt so<a href=\"https:\/\/rxeuropa.com\/de\/gewichtsverlust\/rybelsus\/\" class=\"read_more\">Read More<\/a><\/p>\n","protected":false},"author":7,"featured_media":0,"parent":2094,"menu_order":0,"comment_status":"closed","ping_status":"closed","template":"inner-template6.php","meta":{"footnotes":""},"class_list":["post-2042","page","type-page","status-publish","hentry"],"_links":{"self":[{"href":"https:\/\/rxeuropa.com\/de\/wp-json\/wp\/v2\/pages\/2042","targetHints":{"allow":["GET"]}}],"collection":[{"href":"https:\/\/rxeuropa.com\/de\/wp-json\/wp\/v2\/pages"}],"about":[{"href":"https:\/\/rxeuropa.com\/de\/wp-json\/wp\/v2\/types\/page"}],"author":[{"embeddable":true,"href":"https:\/\/rxeuropa.com\/de\/wp-json\/wp\/v2\/users\/7"}],"replies":[{"embeddable":true,"href":"https:\/\/rxeuropa.com\/de\/wp-json\/wp\/v2\/comments?post=2042"}],"version-history":[{"count":1,"href":"https:\/\/rxeuropa.com\/de\/wp-json\/wp\/v2\/pages\/2042\/revisions"}],"predecessor-version":[{"id":2102,"href":"https:\/\/rxeuropa.com\/de\/wp-json\/wp\/v2\/pages\/2042\/revisions\/2102"}],"up":[{"embeddable":true,"href":"https:\/\/rxeuropa.com\/de\/wp-json\/wp\/v2\/pages\/2094"}],"wp:attachment":[{"href":"https:\/\/rxeuropa.com\/de\/wp-json\/wp\/v2\/media?parent=2042"}],"curies":[{"name":"wp","href":"https:\/\/api.w.org\/{rel}","templated":true}]}}