{"id":2037,"date":"2024-06-22T16:46:26","date_gmt":"2024-06-22T16:46:26","guid":{"rendered":"https:\/\/rxeuropa.com\/de\/?page_id=2037"},"modified":"2024-11-13T17:48:35","modified_gmt":"2024-11-13T17:48:35","slug":"wegovy-ohne-rezept","status":"publish","type":"page","link":"https:\/\/rxeuropa.com\/de\/gewichtsverlust\/wegovy-ohne-rezept\/","title":{"rendered":"Wegovy"},"content":{"rendered":"<p>Um Wegovy ohne Rezept zu bestellen, folgen Sie den Anweisungen auf dieser Seite. Wegovy, entwickelt von <a href=\"https:\/\/www.novonordisk.com\/\" target=\"_blank\" rel=\"noopener\">Novo Nordisk<\/a>, ist ein bahnbrechendes Medikament zur Gewichtskontrolle, das Erwachsenen helfen soll, die mit Fettleibigkeit oder \u00dcbergewicht zu k\u00e4mpfen haben. Sein Wirkstoff Semaglutid wurde speziell f\u00fcr Personen mit einem BMI von 27 oder h\u00f6her entwickelt, die von gewichtsbedingten Gesundheitsproblemen wie Bluthochdruck oder Typ-2-Diabetes begleitet werden.<br \/>\n<div class=\"as_products_table \" id=\"as_products_table\" ><div class=\"astblrow row_even\" ><div><strong>Wegovy 0.25mg<\/strong><\/div><div>1 Pen (4 Dosen)<\/div><div><strong>&#8364;699.00<\/strong><\/div><div><a href=\"javascript:void(0)\" data-productid=\"1949\" >Beratung starten<\/a><\/div><\/div><div class=\"astblrow row_odd\" ><div><strong>Wegovy 0.5mg<\/strong><\/div><div>1 Pen (4 Dosen)<\/div><div><strong>&#8364;498.00<\/strong><\/div><div><a href=\"javascript:void(0)\" data-productid=\"1950\" >Beratung starten<\/a><\/div><\/div><div class=\"astblrow row_even\" ><div><strong>Wegovy 1.7mg<\/strong><\/div><div>1 Pen (4 Dosen)<\/div><div><strong>&#8364;569.00<\/strong><\/div><div><a href=\"javascript:void(0)\" data-productid=\"1954\" >Beratung starten<\/a><\/div><\/div><\/div><\/p>\n<h3>Verwandeln Sie Ihre Gewichtsabnahme<\/h3>\n<p>Wegovy wirkt, indem es das Hormon GLP-1 nachahmt, das eine entscheidende Rolle bei der Regulierung des Appetits spielt. Indem es den Hunger reduziert und das S\u00e4ttigungsgef\u00fchl steigert, hilft Wegovy Ihnen, weniger zu essen und Gewicht zu verlieren. Klinische Studien haben signifikante Gewichtsverlustergebnisse gezeigt, wobei die Anwender eine durchschnittliche Reduzierung ihres K\u00f6rpergewichts von 17-18 % erlebten. Diese Gewichtsverlust-Injektion wird in Gro\u00dfbritannien aufgrund ihrer Wirksamkeit und Benutzerfreundlichkeit immer beliebter.<\/p>\n<h3>Verf\u00fcgbare Dosierungen<\/h3>\n<p>Wegovy ist in den folgenden Dosierungen erh\u00e4ltlich: 0,25 mg, 0,5 mg, 1 mg, 1,7 mg und 2,4 mg. Die Behandlung beginnt normalerweise mit einer niedrigeren Dosis von 0,25 mg einmal w\u00f6chentlich und wird schrittweise auf die volle Dosis von 2,4 mg erh\u00f6ht. Es wird einmal w\u00f6chentlich als subkutane Injektion verabreicht. Es ist wichtig, die Anweisungen Ihres Arztes zur richtigen Injektion von Wegovy zu befolgen. Unsere Partnerapotheke bietet Wegovy mit einer Online-Beratung durch ihre hauseigenen \u00c4rzte an, um sicherzustellen, dass es die richtige Wahl f\u00fcr Sie ist.<\/p>\n<h3>H\u00e4ufige Nebenwirkungen<\/h3>\n<p>Obwohl Wegovy wirksam ist, kann es einige Nebenwirkungen verursachen, darunter \u00dcbelkeit, Durchfall, Erbrechen, Verstopfung und Bauchschmerzen. Die meisten Nebenwirkungen sind leicht und vor\u00fcbergehend. Es ist wichtig, die m\u00f6glichen Nebenwirkungen zu verstehen. Wenden Sie sich daher bei Bedenken an Ihren Arzt.<\/p>\n<h3>Ist Wegovy das Richtige f\u00fcr mich?<\/h3>\n<p>Wegovy ist f\u00fcr Erwachsene mit einem BMI von 30 oder h\u00f6her oder f\u00fcr Personen mit einem BMI von 27 oder h\u00f6her mit einem gewichtsbedingten Gesundheitszustand geeignet. Bevor Sie mit der Einnahme von Wegovy beginnen, wird in einer gr\u00fcndlichen Beratung mit unseren \u00c4rzten festgestellt, ob dieses Medikament f\u00fcr Sie geeignet ist. Es ist auch erw\u00e4hnenswert, dass Wegovy f\u00fcr berechtigte Patienten \u00fcber den NHS erh\u00e4ltlich ist. Bevor Sie Wegovy ohne Rezept kaufen k\u00f6nnen, befolgen Sie die Anweisungen auf dieser Seite.<\/p>\n<h3>Wegovy ohne Rezept online kaufen<\/h3>\n<p>Wegovy ist in unserer Partnerapotheke erh\u00e4ltlich und wird bequem am n\u00e4chsten Tag in ganz Europa und Gro\u00dfbritannien geliefert. Im Preis inbegriffen sind eine umfassende medizinische Online-Beratung und das Medikament selbst, sodass Sie fachkundige Beratung und eine schnelle Lieferung erhalten. So k\u00f6nnen Sie Ihren Weg zur Gewichtsabnahme mit der Unterst\u00fctzung, die Sie ben\u00f6tigen, leichter beginnen. Wegovy ist nicht f\u00fcr jeden geeignet. Informieren Sie sich \u00fcber andere Medikamente zur Gewichtsabnahme auf unserer <a href=\"https:\/\/rxeuropa.com\/de\/treatments\/\">Behandlungsseite<\/a>.<\/p>\n<h3>Beratung starten und Gewichtsmanagementziele erreichen<\/h3>\n<p>Verwenden Sie den Link \u201eBeratung starten\u201c oben und machen Sie mit Wegovy den ersten Schritt zur Erreichung Ihrer Gewichtsmanagementziele. Ganz gleich, ob Sie Wegovy wegen seiner Vorteile bei der Gewichtsabnahme oder seiner Wirksamkeit bei der Behandlung von Erkrankungen wie Typ-2-Diabetes in Betracht ziehen, unser Team ist da, um Sie bei jedem Schritt auf dem Weg zu unterst\u00fctzen.<\/p>\n","protected":false},"excerpt":{"rendered":"<p>Um Wegovy ohne Rezept zu bestellen, folgen Sie den Anweisungen auf dieser Seite. Wegovy, entwickelt von Novo Nordisk, ist ein bahnbrechendes Medikament zur Gewichtskontrolle, das Erwachsenen helfen soll, die mit Fettleibigkeit oder \u00dcbergewicht zu k\u00e4mpfen haben. Sein Wirkstoff Semaglutid wurde speziell f\u00fcr Personen mit einem BMI von 27 oder h\u00f6her entwickelt, die von gewichtsbedingten Gesundheitsproblemen<a href=\"https:\/\/rxeuropa.com\/de\/gewichtsverlust\/wegovy-ohne-rezept\/\" class=\"read_more\">Read More<\/a><\/p>\n","protected":false},"author":7,"featured_media":0,"parent":2094,"menu_order":0,"comment_status":"closed","ping_status":"closed","template":"inner-template6.php","meta":{"footnotes":""},"class_list":["post-2037","page","type-page","status-publish","hentry"],"_links":{"self":[{"href":"https:\/\/rxeuropa.com\/de\/wp-json\/wp\/v2\/pages\/2037","targetHints":{"allow":["GET"]}}],"collection":[{"href":"https:\/\/rxeuropa.com\/de\/wp-json\/wp\/v2\/pages"}],"about":[{"href":"https:\/\/rxeuropa.com\/de\/wp-json\/wp\/v2\/types\/page"}],"author":[{"embeddable":true,"href":"https:\/\/rxeuropa.com\/de\/wp-json\/wp\/v2\/users\/7"}],"replies":[{"embeddable":true,"href":"https:\/\/rxeuropa.com\/de\/wp-json\/wp\/v2\/comments?post=2037"}],"version-history":[{"count":1,"href":"https:\/\/rxeuropa.com\/de\/wp-json\/wp\/v2\/pages\/2037\/revisions"}],"predecessor-version":[{"id":2100,"href":"https:\/\/rxeuropa.com\/de\/wp-json\/wp\/v2\/pages\/2037\/revisions\/2100"}],"up":[{"embeddable":true,"href":"https:\/\/rxeuropa.com\/de\/wp-json\/wp\/v2\/pages\/2094"}],"wp:attachment":[{"href":"https:\/\/rxeuropa.com\/de\/wp-json\/wp\/v2\/media?parent=2037"}],"curies":[{"name":"wp","href":"https:\/\/api.w.org\/{rel}","templated":true}]}}