{"id":2024,"date":"2023-04-18T15:49:42","date_gmt":"2023-04-18T15:49:42","guid":{"rendered":"https:\/\/rxeuropa.com\/de\/?page_id=2024"},"modified":"2024-09-23T11:27:57","modified_gmt":"2024-09-23T11:27:57","slug":"tilidin-bestellen-rezeptfrei","status":"publish","type":"page","link":"https:\/\/rxeuropa.com\/de\/schmerzmittel\/tilidin-bestellen-rezeptfrei\/","title":{"rendered":"Tilidin"},"content":{"rendered":"<p>Sie k\u00f6nnen Tilidin Rezeptfrei bestellen, nachdem Sie einen zugelassenen Arzt konsultiert haben und dessen Zustimmung vorliegt. Die Bestellung wird von einer unserer angeschlossenen registrierten EU-Apotheken ausgef\u00fchrt.<\/p>\n<div class=\"as_products_table \" id=\"as_products_table\" ><div class=\"astblrow row_even\" ><div><strong>Tilidin 50\/4mg <\/strong><\/div><div>50 Retardtabletten<\/div><div><strong>&#8364;125.00<\/strong><\/div><div><a href=\"javascript:void(0)\" data-productid=\"660\" >Beratung starten<\/a><\/div><\/div><div class=\"astblrow row_odd\" ><div><strong>Tilidin 50\/4mg<\/strong><\/div><div>100 Retardtabletten<\/div><div><strong>&#8364;205.00<\/strong><\/div><div><a href=\"javascript:void(0)\" data-productid=\"661\" >Beratung starten<\/a><\/div><\/div><div class=\"astblrow row_even\" ><div><strong>Tilidin 100\/8mg <\/strong><\/div><div>50 Retardtabletten<\/div><div><strong>&#8364;135.00<\/strong><\/div><div><a href=\"javascript:void(0)\" data-productid=\"663\" >Beratung starten<\/a><\/div><\/div><div class=\"astblrow row_odd\" ><div><strong>Tilidin 100\/8mg <\/strong><\/div><div>100 Retardtabletten<\/div><div><strong>&#8364;215.00<\/strong><\/div><div><a href=\"javascript:void(0)\" data-productid=\"664\" >Beratung starten<\/a><\/div><\/div><div class=\"astblrow row_even\" ><div><strong>Tilidin 150\/12mg <\/strong><\/div><div>50 Retardtabletten<\/div><div><strong>&#8364;145.00<\/strong><\/div><div><a href=\"javascript:void(0)\" data-productid=\"666\" >Beratung starten<\/a><\/div><\/div><div class=\"astblrow row_odd\" ><div><strong>Tilidin 150\/12mg <\/strong><\/div><div>100 Retardtabletten<\/div><div><strong>&#8364;225.00<\/strong><\/div><div><a href=\"javascript:void(0)\" data-productid=\"667\" >Beratung starten<\/a><\/div><\/div><div class=\"astblrow row_even\" ><div><strong>Tilidin 200\/16mg <\/strong><\/div><div>20 Retardtabletten<\/div><div><strong>&#8364;105.00<\/strong><\/div><div><a href=\"javascript:void(0)\" data-productid=\"668\" >Beratung starten<\/a><\/div><\/div><div class=\"astblrow row_odd\" ><div><strong>Tilidin 200\/16mg <\/strong><\/div><div>50 Retardtabletten<\/div><div><strong>&#8364;155.00<\/strong><\/div><div><a href=\"javascript:void(0)\" data-productid=\"669\" >Beratung starten<\/a><\/div><\/div><\/div>\n<h2>Tilidin bestellen rezeptfrei<\/h2>\n<p>Tilidin-Tabletten lindern verschiedene Formen von Schmerzen. Dieses Medikament ist eine Art Opioid, das zur Behandlung von mittelschweren bis starken Schmerzen eingesetzt wird. Es ist jedoch wichtig, dieses Medikament sicher und nur wie vorgeschrieben zu verwenden.<\/p>\n<h3>Verwendung von Tilidin<\/h3>\n<p>Tilidin wird h\u00e4ufig zur Behandlung von mittelschweren bis schweren Schmerzen eingesetzt, die durch Erkrankungen wie Krebs, Operationen und Verletzungen verursacht werden. Es kann au\u00dferdem helfen, Schmerzen bei chronischen Erkrankungen wie Arthritis, R\u00fcckenschmerzen und Fibromyalgie zu lindern. In diesen Extended Relief (ER)-Tabletten wird Tilidin mit Naloxon kombiniert, einem Gegenmittel gegen lebensbedrohliche Risiken einer Opioid-\u00dcberdosierung.<\/p>\n<h3>Vorteile von Tilidin<\/h3>\n<p>Tilidin kann die Schmerzen erheblich lindern und die Lebensqualit\u00e4t der Betroffenen verbessern. Es wirkt, indem es an Opioidrezeptoren im Gehirn und R\u00fcckenmark bindet, was die Schmerzwahrnehmung verringert. Wenn es richtig angewendet wird, kann es eine wirksame Schmerzlinderung bieten und den Menschen helfen, ihre t\u00e4glichen Aktivit\u00e4ten aufrechtzuerhalten.<\/p>\n<h3>M\u00f6gliche Nebenwirkungen<\/h3>\n<p>Wie alle Medikamente kann auch Tilidin Nebenwirkungen haben. H\u00e4ufige Nebenwirkungen sind zum Beispiel Schl\u00e4frigkeit, Schwindel, \u00dcbelkeit und Verstopfung. Schwerwiegendere Nebenwirkungen k\u00f6nnen Atemdepression, niedriger Blutdruck und allergische Reaktionen umfassen. Falls Sie ungew\u00f6hnliche Nebenwirkungen bemerken, sollten Sie die Einnahme des Medikaments sofort beenden und umgehend Ihren Arzt aufsuchen.<\/p>\n<h3>Vorsichtsma\u00dfnahmen bei der Einnahme<\/h3>\n<p>Tilidin kann abh\u00e4ngig machen und bei Missbrauch zu Sucht f\u00fchren. Daher ist es wichtig, die vorgeschriebene Dosierung einzuhalten und nicht mehr als die empfohlene Menge einzunehmen. Personen mit einer Vorgeschichte von Drogenmissbrauch, psychischen Erkrankungen oder Atemproblemen sollten dieses Medikament mit besonderer Vorsicht verwenden. Zudem sollten Sie den Konsum von Alkohol w\u00e4hrend der Einnahme von Tilidin unbedingt vermeiden, da dies das Risiko von Nebenwirkungen erh\u00f6hen kann.<\/p>\n<h3>Verf\u00fcgbare Tabletten und St\u00e4rken<\/h3>\n<p>Angeschlossene Apotheken bieten Tilidin in Tablettenform an. Die beiden Hauptst\u00e4rken sind <a href=\"https:\/\/www.drugcom.de\/drogenlexikon\/buchstabe-t\/tilidin\/\" target=\"_blank\" rel=\"noopener\">Tilidin<\/a> 50 mg\/4 mg und Tilidin 100 mg\/8 mg. Die richtige Dosierung h\u00e4ngt vom Schmerzniveau und der medizinischen Vorgeschichte des Patienten ab.<\/p>\n<h3>Krankheiten, f\u00fcr die Tilidin verschrieben wird<\/h3>\n<p>Tilidin wird zur Behandlung von Schmerzen bei verschiedenen Erkrankungen eingesetzt, darunter krebsbedingte Schmerzen, operationsbedingte Schmerzen, verletzungsbedingte Schmerzen, Arthritis, R\u00fcckenschmerzen und Fibromyalgie. Tilidin ist nicht f\u00fcr jeden geeignet. Auf unserer <a href=\"https:\/\/rxeuropa.com\/de\/treatments\/\">Behandlungsseite<\/a> finden Sie eine Liste der Schmerzmittel, die unsere Partnerapotheken anbieten.<\/p>\n<h3>Schlussfolgerung<\/h3>\n<p>Tilidin ist ein starkes Medikament, das in der Lage ist, mittelschwere bis starke Schmerzen zu lindern. Obwohl es ein effektives Mittel zur Schmerzbehandlung sein kann, ist es entscheidend, es sicher und nur gem\u00e4\u00df den Anweisungen zu verwenden. Achten Sie darauf, den Fragebogen vollst\u00e4ndig und wahrheitsgem\u00e4\u00df auszuf\u00fcllen, und besprechen Sie alle Bedenken mit dem Online-Arzt, bevor Sie mit der Einnahme von Tilidin beginnen.<\/p>\n","protected":false},"excerpt":{"rendered":"<p>Sie k\u00f6nnen Tilidin Rezeptfrei bestellen, nachdem Sie einen zugelassenen Arzt konsultiert haben und dessen Zustimmung vorliegt. Die Bestellung wird von einer unserer angeschlossenen registrierten EU-Apotheken ausgef\u00fchrt. Tilidin bestellen rezeptfrei Tilidin-Tabletten lindern verschiedene Formen von Schmerzen. Dieses Medikament ist eine Art Opioid, das zur Behandlung von mittelschweren bis starken Schmerzen eingesetzt wird. Es ist jedoch wichtig,<a href=\"https:\/\/rxeuropa.com\/de\/schmerzmittel\/tilidin-bestellen-rezeptfrei\/\" class=\"read_more\">Read More<\/a><\/p>\n","protected":false},"author":7,"featured_media":0,"parent":213,"menu_order":0,"comment_status":"closed","ping_status":"closed","template":"inner-template2.php","meta":{"footnotes":""},"class_list":["post-2024","page","type-page","status-publish","hentry"],"_links":{"self":[{"href":"https:\/\/rxeuropa.com\/de\/wp-json\/wp\/v2\/pages\/2024","targetHints":{"allow":["GET"]}}],"collection":[{"href":"https:\/\/rxeuropa.com\/de\/wp-json\/wp\/v2\/pages"}],"about":[{"href":"https:\/\/rxeuropa.com\/de\/wp-json\/wp\/v2\/types\/page"}],"author":[{"embeddable":true,"href":"https:\/\/rxeuropa.com\/de\/wp-json\/wp\/v2\/users\/7"}],"replies":[{"embeddable":true,"href":"https:\/\/rxeuropa.com\/de\/wp-json\/wp\/v2\/comments?post=2024"}],"version-history":[{"count":0,"href":"https:\/\/rxeuropa.com\/de\/wp-json\/wp\/v2\/pages\/2024\/revisions"}],"up":[{"embeddable":true,"href":"https:\/\/rxeuropa.com\/de\/wp-json\/wp\/v2\/pages\/213"}],"wp:attachment":[{"href":"https:\/\/rxeuropa.com\/de\/wp-json\/wp\/v2\/media?parent=2024"}],"curies":[{"name":"wp","href":"https:\/\/api.w.org\/{rel}","templated":true}]}}