{"id":191,"date":"2014-05-14T06:33:55","date_gmt":"2014-05-14T06:33:55","guid":{"rendered":"http:\/\/rx4pain.co.uk\/?page_id=191"},"modified":"2015-09-24T14:16:26","modified_gmt":"2015-09-24T14:16:26","slug":"how-to-order","status":"publish","type":"page","link":"https:\/\/rxeuropa.com\/de\/how-to-order\/","title":{"rendered":"So bestellen Sie"},"content":{"rendered":"<p>Wir haben hart daran gearbeitet, unser Bestellverfahren so einfach und benutzerfreundlich wie m\u00f6glich zu gestalten. Dennoch m\u00fcssen Sie, wenn Sie Schmerzmittel online kaufen (zumindest auf einer legalen Website wie RXEUROPA), bestimmte Anforderungen erf\u00fcllen, da dies ein stark reglementierter Bereich ist.<\/p>\n<p>Auf der gesamten Medikamentenseite finden Sie Links zu unserem Beratungsverfahren. Hier starten Sie als neuer Patient. Also klicken Sie einfach auf den entsprechenden Link, wie Beratung starten oder Weiter zur Beratung und Sie werden \u00fcber unser sicheres System zu unserem Rezept-Service-Portal weitergeleitet.<\/p>\n<p>Als n\u00e4chstes werden Sie aufgefordert, einige notwendige Daten anzugeben.<\/p>\n<ul>\n<li>Kontaktinformationen (damit wir Ihre Identit\u00e4t und Abwicklung Ihrer Bestellung best\u00e4tigen k\u00f6nnen)<\/li>\n<li>Medizinische Informationen (die nur f\u00fcr den Arzt und Apotheker verf\u00fcgbar sind)<\/li>\n<li>Zahlungsinformationen (damit Sie Ihren Kauf abwickeln k\u00f6nnen)<\/li>\n<\/ul>\n<p>Wenn Sie den Prozess durchlaufen haben und Ihre Bestellung abgeschlossen haben, erhalten Sie eine E-Mail mit einer automatischen Anfrage, um sich in unserem sicheren Patientensystem anzumelden und zu pr\u00fcfen, ob Nachrichten oder Anfragen vorhanden sind. Diese automatische E-Mail landet bei bestimmten E-Mail-Anbietern wie Hotmail manchmal im Spam-Ordner. \u00dcberpr\u00fcfen Sie daher in jedem Fall den Spam-Ordner. Wenn Sie nicht auf diese E-Mail reagieren, wird Ihre Bestellung nicht bearbeitet.<\/p>\n<p>Wenn der Arzt Ihr Rezept ausstellt, wird es an die Apotheke weitergeleitet. Wenn es vor 15.00 Uhr genehmigt wird, erfolgt der Versand am selben Tag f\u00fcr \u00dcbernacht-Zustellung. Beachten Sie, dass Tramadol ein rezeptpflichtiges Medikament ist und nicht so schnell wie andere Schmerzmittel geliefert werden kann, da Arzt und Apotheker aufgrund der Rezeptpflicht mehr Zeit ben\u00f6tigen.<\/p>\n<p>&nbsp;<\/p>\n<h2>Abrechnung<\/h2>\n<p>Sobald Sie eine Bestellung aufgeben, wird Ihre Kreditkarte f\u00fcr den Betrag Ihrer Bestellung vorautorisiert.  Sie wird nicht belastet, da die Bestellung durch den verschreibenden Arzt abgelehnt werden kann, doch der Bestellbetrag wird \u201egesperrt\u201c.  Wird der Auftrag abgelehnt, oder kann er aus einem anderen Grund nicht bearbeitet werden (wenn wir beispielsweise Ihre Identit\u00e4t nicht best\u00e4tigen k\u00f6nnen), wird die Vorautorisierung sofort freigegeben.  Der Betrag wird daraufhin wieder auf Ihrem Konto angezeigt.  Die Dauer dieses Vorgangs variiert je nach Bank und wir haben keine Kontrolle dar\u00fcber.<\/p>\n<p><strong>Sie zahlen nur f\u00fcr die Kosten Ihrer Medikamente. Es gibt keine versteckten Zusatzkosten. Die Kosten f\u00fcr \u00e4rztliche Beratung und \u00dcbernacht-Zustellung sind im Kaufpreis enthalten.<\/strong><br \/>\n&nbsp;<\/p>\n<h2>Lieferung<\/h2>\n<p>Wir k\u00f6nnen an Ihren Arbeitsplatz oder zu Ihnen nach Hause liefern, doch in jedem Fall muss ein Erwachsener anwesend sein, um das Paket entgegenzunehmen. Ihre Kreditkarte wird erst bei Versand belastet.<\/p>\n<p>&nbsp;<\/p>\n","protected":false},"excerpt":{"rendered":"<p>Wir haben hart daran gearbeitet, unser Bestellverfahren so einfach und benutzerfreundlich wie m\u00f6glich zu gestalten. Dennoch m\u00fcssen Sie, wenn Sie Schmerzmittel online kaufen (zumindest auf einer legalen Website wie RXEUROPA), bestimmte Anforderungen erf\u00fcllen, da dies ein stark reglementierter Bereich ist. Auf der gesamten Medikamentenseite finden Sie Links zu unserem Beratungsverfahren. Hier starten Sie als neuer<a href=\"https:\/\/rxeuropa.com\/de\/how-to-order\/\" class=\"read_more\">Read More<\/a><\/p>\n","protected":false},"author":1,"featured_media":0,"parent":0,"menu_order":0,"comment_status":"closed","ping_status":"closed","template":"inner-template2.php","meta":{"footnotes":""},"class_list":["post-191","page","type-page","status-publish","hentry"],"_links":{"self":[{"href":"https:\/\/rxeuropa.com\/de\/wp-json\/wp\/v2\/pages\/191","targetHints":{"allow":["GET"]}}],"collection":[{"href":"https:\/\/rxeuropa.com\/de\/wp-json\/wp\/v2\/pages"}],"about":[{"href":"https:\/\/rxeuropa.com\/de\/wp-json\/wp\/v2\/types\/page"}],"author":[{"embeddable":true,"href":"https:\/\/rxeuropa.com\/de\/wp-json\/wp\/v2\/users\/1"}],"replies":[{"embeddable":true,"href":"https:\/\/rxeuropa.com\/de\/wp-json\/wp\/v2\/comments?post=191"}],"version-history":[{"count":0,"href":"https:\/\/rxeuropa.com\/de\/wp-json\/wp\/v2\/pages\/191\/revisions"}],"wp:attachment":[{"href":"https:\/\/rxeuropa.com\/de\/wp-json\/wp\/v2\/media?parent=191"}],"curies":[{"name":"wp","href":"https:\/\/api.w.org\/{rel}","templated":true}]}}