{"id":1904,"date":"2015-09-16T16:20:43","date_gmt":"2015-09-16T16:20:43","guid":{"rendered":"http:\/\/rxeuropa.localhost.com\/de\/?page_id=1904"},"modified":"2024-11-13T13:54:17","modified_gmt":"2024-11-13T13:54:17","slug":"tramadol","status":"publish","type":"page","link":"https:\/\/rxeuropa.com\/de\/schmerzmittel\/tramadol\/","title":{"rendered":"Tramadol"},"content":{"rendered":"<p><strong>Bevor Sie Tramadol online kaufen k\u00f6nnen, m\u00fcssen Sie zun\u00e4chst ein Beratungsgespr\u00e4ch mit einem unserer in der EU niedergelassenen \u00c4rzte f\u00fchren. Ihre Bestellung unterliegt einer Genehmigung Ihres Rezeptes durch den Arzt.<\/strong><\/p>\n<div class=\"as_products_table \" id=\"as_products_table\" ><div class=\"astblrow row_even\" ><div><strong>Tramadol 50mg<\/strong><\/div><div>50 Kapseln<\/div><div><strong>&#8364;85.00<\/strong><\/div><div><a href=\"javascript:void(0)\" data-productid=\"233\" >Beratung starten<\/a><\/div><\/div><div class=\"astblrow row_odd\" ><div><strong>Tramadol 50mg<\/strong><\/div><div>100 Kapseln<\/div><div><strong>&#8364;115.00<\/strong><\/div><div><a href=\"javascript:void(0)\" data-productid=\"234\" >Beratung starten<\/a><\/div><\/div><div class=\"astblrow row_even\" ><div><strong>Tramadol 50mg<\/strong><\/div><div>200 Kapseln<\/div><div><strong>&#8364;155.00<\/strong><\/div><div><a href=\"javascript:void(0)\" data-productid=\"468\" >Beratung starten<\/a><\/div><\/div><div class=\"astblrow row_odd\" ><div><strong>Tramadol Retard 100mg<\/strong><\/div><div>100 Tabletten<\/div><div><strong>&#8364;135.00<\/strong><\/div><div><a href=\"javascript:void(0)\" data-productid=\"603\" >Beratung starten<\/a><\/div><\/div><div class=\"astblrow row_even\" ><div><strong>Tramadol Retard 100mg<\/strong><\/div><div>100 Tabletten<\/div><div><strong>&#8364;135.00<\/strong><\/div><div><a href=\"javascript:void(0)\" data-productid=\"604\" >Beratung starten<\/a><\/div><\/div><div class=\"astblrow row_odd\" ><div><strong>Tramadol Retard 150mg<\/strong><\/div><div>50 Tabletten<\/div><div><strong>&#8364;119.00<\/strong><\/div><div><a href=\"javascript:void(0)\" data-productid=\"868\" >Beratung starten<\/a><\/div><\/div><div class=\"astblrow row_even\" ><div><strong>Tramadol Retard 200mg<\/strong><\/div><div>50 Tabletten<\/div><div><strong>&#8364;135.00<\/strong><\/div><div><a href=\"javascript:void(0)\" data-productid=\"867\" >Beratung starten<\/a><\/div><\/div><\/div>\n<h3>Bestellungen von au\u00dferhalb der EU<\/h3>\n<p><strong>Wenn Sie eine Anschrift von au\u00dferhalb der EU angeben, kann es vorkommen, dass zus\u00e4tzliche Einf\u00fchrungskosten auftreten (diese sind nicht im Preis enthalten). Antr\u00e4ge von Einwohnern des Vereinigten K\u00f6nigreichs, die versuchen, Tramadol online kaufen, werden abgelehnt.<\/strong><\/p>\n<h3>Tramadol-Formulierungen und Verwendungszwecke<\/h3>\n<p><a href=\"https:\/\/www.drugcom.de\/drogenlexikon\/buchstabe-t\/tramadol\/\" target=\"_blank\" rel=\"noopener\">Tramadol<\/a> wird in vielen verschiedenen Formulierungen und unter verschiedenen Marken wie Mabron, Tramal und Adamon vertrieben. Wir liefern Tramadol als Tabletten zu 50 mg. Es wird in der Regel zur Linderung mittelstarker Schmerzen verschrieben. Au\u00dferdem ist es besonders f\u00fcr Patienten geeignet, die auf andere Schmerzmittel nicht ausreichend ansprechen. Um mehr \u00fcber alle verf\u00fcgbaren Schmerzmittel zu erfahren, besuchen Sie bitte unsere <a href=\"https:\/\/rxeuropa.com\/de\/treatments\/\">Behandlungsseite<\/a>.<\/p>\n<h3>Ist Tramadol das richtige Medikament f\u00fcr mich?<\/h3>\n<p>Wie bei jedem Medikament kann Tramadol m\u00f6glicherweise nicht das richtige Medikament f\u00fcr Ihre Bed\u00fcrfnisse sein. Dennoch wird nur Ihr Arzt entscheiden, wie Ihre Erkrankung am besten behandelt wird. Tramadol ist ein synthetisches Opioid und, obwohl es in der Regel weniger suchterzeugend ist als andere Opioide wie Codein, kann es dennoch missbraucht werden.<\/p>\n<p>Bei der Entscheidung \u00fcber Ihre Behandlung ber\u00fccksichtigt der Arzt m\u00f6glicherweise:<\/p>\n<ul>\n<li>welche anderen Erkrankungen bei Ihnen behandelt werden,<\/li>\n<li>welche weiteren Medikamente Sie einnehmen,<\/li>\n<li>Ihr Alter und Ihren allgemeinen Gesundheitszustand,<\/li>\n<li>Ihre Lebensumst\u00e4nde, wie Rauchen oder Alkoholkonsum.<\/li>\n<\/ul>\n<p><strong>WARNUNG:<\/strong> Der Missbrauch von Tramadol kann zum Tod f\u00fchren. Falls Sie glauben, eine \u00dcberdosis eingenommen zu haben, rufen Sie umgehend den Rettungsdienst. In der Zwischenzeit sollten Sie sicherstellen, dass Sie alle Symptome im Auge behalten.<\/p>\n<p>Lesen Sie bitte die Packungsbeilage f\u00fcr weitere Informationen. Diese enth\u00e4lt alle wichtigen Hinweise zur sicheren Einnahme.<\/p>\n<h3>Wichtige Sicherheitshinweise zur Einnahme von Tramadol<\/h3>\n<p>Tramadol darf nur nach Vorschrift des Arztes eingenommen werden. Dar\u00fcber hinaus sollten Sie es nicht mit anderen Patienten teilen und es nicht zusammen mit anderen Medikamenten einnehmen, es sei denn, Ihr Arzt genehmigt dies. Bewahren Sie Tramadol sicher und au\u00dferhalb der Reichweite von Kindern auf.<\/p>\n<p>Nehmen Sie kein Tramadol, wenn Sie Alkohol, Beruhigungsmittel, Tranquilizer oder andere Bet\u00e4ubungsmittel eingenommen haben. Tramadol ist besonders f\u00fcr Patienten mit einer Vorgeschichte von Drogen- oder Alkoholabh\u00e4ngigkeit kontraindiziert. Aus diesem Grund sollte es nicht bei bekannter Suchttendenz eingenommen werden. Es ist auch f\u00fcr schwangere und stillende Frauen kontraindiziert.<\/p>\n<h3>Hat Tramadol Nebenwirkungen?<\/h3>\n<p>Wie alle verschreibungspflichtigen Medikamente kann Tramadol zu Nebenwirkungen f\u00fchren und ist nicht f\u00fcr jeden Patienten geeignet. Zu den m\u00f6glichen Nebenwirkungen geh\u00f6ren sowohl geringf\u00fcgige als auch schwerwiegende Reaktionen.<\/p>\n<h3>Geringf\u00fcgige Nebenwirkungen<\/h3>\n<p>In der Regel sind die folgenden Nebenwirkungen geringf\u00fcgig und verschwinden nach einer Weile:<\/p>\n<ul>\n<li>Schwindel oder Benommenheit,<\/li>\n<li>Schwierigkeiten beim Schlafen,<\/li>\n<li>Kopfschmerzen,<\/li>\n<li>Stimmungsschwankungen,<\/li>\n<li>Verdauungsst\u00f6rungen,<\/li>\n<li>\u00dcbelkeit,<\/li>\n<li>Loser Stuhlgang,<\/li>\n<li>Verstopfung.<\/li>\n<\/ul>\n<h3>Wann Sie Ihren Arzt aufsuchen sollten:<\/h3>\n<p>In manchen F\u00e4llen k\u00f6nnen schwerwiegende Nebenwirkungen auftreten. Suchen Sie Ihren Arzt auf, wenn Sie eine der folgenden Reaktionen bemerken:<\/p>\n<ul>\n<li>Krampfanf\u00e4lle,<\/li>\n<li>Fieber,<\/li>\n<li>Ausschlag oder Blasenbildung,<\/li>\n<li>Probleme beim Schlucken oder Atmen,<\/li>\n<li>Schwellung des Gesichts oder der Gliedma\u00dfen,<\/li>\n<li>Halluzinationen,<\/li>\n<li>Bewusstlosigkeit,<\/li>\n<li>Herzrasen.<\/li>\n<\/ul>\n","protected":false},"excerpt":{"rendered":"<p>Bevor Sie Tramadol online kaufen k\u00f6nnen, m\u00fcssen Sie zun\u00e4chst ein Beratungsgespr\u00e4ch mit einem unserer in der EU niedergelassenen \u00c4rzte f\u00fchren. Ihre Bestellung unterliegt einer Genehmigung Ihres Rezeptes durch den Arzt. Bestellungen von au\u00dferhalb der EU Wenn Sie eine Anschrift von au\u00dferhalb der EU angeben, kann es vorkommen, dass zus\u00e4tzliche Einf\u00fchrungskosten auftreten (diese sind nicht im<a href=\"https:\/\/rxeuropa.com\/de\/schmerzmittel\/tramadol\/\" class=\"read_more\">Read More<\/a><\/p>\n","protected":false},"author":2,"featured_media":0,"parent":213,"menu_order":0,"comment_status":"closed","ping_status":"closed","template":"inner-template2.php","meta":{"footnotes":""},"class_list":["post-1904","page","type-page","status-publish","hentry"],"_links":{"self":[{"href":"https:\/\/rxeuropa.com\/de\/wp-json\/wp\/v2\/pages\/1904","targetHints":{"allow":["GET"]}}],"collection":[{"href":"https:\/\/rxeuropa.com\/de\/wp-json\/wp\/v2\/pages"}],"about":[{"href":"https:\/\/rxeuropa.com\/de\/wp-json\/wp\/v2\/types\/page"}],"author":[{"embeddable":true,"href":"https:\/\/rxeuropa.com\/de\/wp-json\/wp\/v2\/users\/2"}],"replies":[{"embeddable":true,"href":"https:\/\/rxeuropa.com\/de\/wp-json\/wp\/v2\/comments?post=1904"}],"version-history":[{"count":2,"href":"https:\/\/rxeuropa.com\/de\/wp-json\/wp\/v2\/pages\/1904\/revisions"}],"predecessor-version":[{"id":2097,"href":"https:\/\/rxeuropa.com\/de\/wp-json\/wp\/v2\/pages\/1904\/revisions\/2097"}],"up":[{"embeddable":true,"href":"https:\/\/rxeuropa.com\/de\/wp-json\/wp\/v2\/pages\/213"}],"wp:attachment":[{"href":"https:\/\/rxeuropa.com\/de\/wp-json\/wp\/v2\/media?parent=1904"}],"curies":[{"name":"wp","href":"https:\/\/api.w.org\/{rel}","templated":true}]}}