{"id":176,"date":"2013-07-01T17:17:34","date_gmt":"2013-07-01T17:17:34","guid":{"rendered":"http:\/\/localhost\/rxe\/?page_id=176"},"modified":"2015-09-24T14:15:19","modified_gmt":"2015-09-24T14:15:19","slug":"terms-of-use","status":"publish","type":"page","link":"https:\/\/rxeuropa.com\/de\/terms-of-use\/","title":{"rendered":"Nutzungsbedingungen"},"content":{"rendered":"<p>Mit dem Zugriff auf diese Website, RXEUROPA.COM (nachfolgend RXEUR), stimmen Sie den<br \/>\nAGB dieser Website, allen geltenden Gesetze und Vorschriften zu<br \/>\n und erkl\u00e4ren, dass Sie f\u00fcr die Einhaltung aller geltenden lokalen Gesetze<br \/>\nverantwortlich sind. Wenn Sie mit einer dieser Bedingungen nicht einverstanden sind, ist<br \/>\ndie Nutzung der oder der Zugriff auf diese Website untersagt. Die auf dieser Website enthaltenen Materialien sind durch das geltende Urheberrecht und Markenrecht gesch\u00fctzt.<\/p>\n<h3>1. Nutzungslizenz<\/h3>\n<ol type=\"a\">\n<li>a.\tEs ist erlaubt, vor\u00fcbergehend eine Kopie der Materialien<br \/>\n (Informationen oder Software) der Website rxexpress.eu f\u00fcr den pers\u00f6nlichen,<br \/>\nnicht-kommerziellen Gebrauch und nur zur Betrachtung herunterzuladen. Dabei handelt es sich um die Erteilung einer Lizenz, nicht um die \u00dcbertragung eines Titels und unter dieser Lizenz d\u00fcrfen Sie nicht:<\/p>\n<ol type=\"i\">\n<li>Die Materialien \u00e4ndern oder kopieren;<\/li>\n<li>Die Materialien f\u00fcr kommerzielle Zwecke oder zum Zwecke der Ver\u00f6ffentlichung (kommerziell oder nicht kommerziell) verwenden;<\/li>\n<li>Versuchen, eine auf RXEUR enthaltene Software zu dekompilieren oder r\u00fcckzuentwickeln;<\/li>\n<li>Urheberrechts- oder andere Eigentumsvermerke aus den Materialien entfernen; oder<\/li>\n<li>Die Materialien an eine andere Person \u00fcbertragen oder auf einem anderen Server \u201espiegeln\u201c.<\/li>\n<\/ol>\n<\/li>\n<li>Diese Lizenz endet automatisch, wenn Sie eine dieser Beschr\u00e4nkungen verletzen und kann jederzeit durch RXEUR gek\u00fcndigt werden. Nach Beendigung der Ansicht dieser Materialien oder bei K\u00fcndigung dieser Lizenz, m\u00fcssen Sie alle heruntergeladenen und in Ihrem Besitz befindlichen Materialien, unabh\u00e4ngig davon, ob sie in elektronischer oder gedruckter Form vorliegen, vernichten..<\/li>\n<\/ol>\n<h3>2. Haftungsausschluss<\/h3>\n<p>Die Materialien auf dieser Website Website werden \u201ewie gesehen\u201c angeboten. RXEU \u00fcbernimmt keine Garantie, weder ausdr\u00fccklich noch stillschweigend, und lehnt hiermit alle anderen Garantien ab und negiert sie, einschlie\u00dflich, ohne Einschr\u00e4nkung, stillschweigender Garantien oder Bedingungen der Marktg\u00e4ngigkeit, Eignung f\u00fcr einen bestimmten Zweck oder der Nichtverletzung von Rechten des geistigen Eigentums oder sonstiger Rechtsverletzungen. Ferner \u00fcbernimmt RXEUR keine Garantien oder Zusicherungen hinsichtlich der Genauigkeit, zu erwartender Ergebnisse oder der Zuverl\u00e4ssigkeit f\u00fcr die Verwendung von Materialien auf seiner Website oder anderweitig im Zusammenhang mit diesen Materialien oder Websites, die mit dieser Website verlinkt sind.<\/p>\n<h3>3. Einschr\u00e4nkungen<\/h3>\n<p>In keinem Fall sind RXEUR oder dessen Lieferanten haftbar f\u00fcr Sch\u00e4den (einschlie\u00dflich, ohne Einschr\u00e4nkung, bei Verlust von Daten oder Gewinnen oder wegen Sch\u00e4den durch Betriebsunterbrechung), die aus der Nutzung oder fehlenden Nutzungsm\u00f6glichkeiten der Materialien auf dieser Website entstehen, auch wenn RXEUR m\u00fcndlich oder schriftlich \u00fcber die M\u00f6glichkeit solcher Sch\u00e4den benachrichtigt wurde. Da einige L\u00e4nder keine Einschr\u00e4nkungen stillschweigender Garantien oder Beschr\u00e4nkungen in der Haftung f\u00fcr Folgesch\u00e4den erlauben, treffen diese Einschr\u00e4nkungen m\u00f6glicherweise nicht auf Sie zu.<\/p>\n<h3>4. \u00dcberarbeitungen und Fehler<\/h3>\n<p>Die Materialien auf dieser Website k\u00f6nnen medizinische, technische, typographische oder photographische Fehler enthalten. RXEUR garantiert nicht, dass alle der Materialien auf seiner Website richtig, vollst\u00e4ndig oder aktuell sind. RXEUR kann \u00c4nderungen an den auf seiner Website enthaltenen Materialien jederzeit ohne vorherige Ank\u00fcndigung vornehmen. RXEUR hat jedoch dar\u00fcber hinaus keinerlei Verpflichtung, die Materialien zu aktualisieren.<\/p>\n<h3>5. Links<\/h3>\n<p>RXEUR hat nicht alle Websites gepr\u00fcft, die von seiner Website aus verlinkt sind und ist nicht f\u00fcr den Inhalt der verlinkten Seiten verantwortlich. Die Aufnahme eines Links bedeutet nicht die Billigung der Website durch RXEUR. Die Verwendung einer solchen verlinkten Website erfolgt auf eigene Gefahr des Nutzers.<\/p>\n<h3>6. \u00c4nderungen der Nutzungsbedingungen f\u00fcr die Website<\/h3>\n<p>RXEUR kann diese Nutzungsbedingungen f\u00fcr die Website jederzeit ohne vorherige Ank\u00fcndigung \u00fcberarbeiten. Durch die Nutzung dieser Website erkl\u00e4ren Sie sich damit einverstanden, an die zu diesem Zeitpunkt aktuelle Version dieser Nutzungsbedingungen gebunden zu sein.<\/p>\n<h3>7. Geltendes Recht<\/h3>\n<p>Alle Anspr\u00fcche im Zusammenhang mit dieser Website unterliegen den Gesetzen von England, ungeachtet von Konflikten mit Rechtsvorschriften.<\/p>\n","protected":false},"excerpt":{"rendered":"<p>Mit dem Zugriff auf diese Website, RXEUROPA.COM (nachfolgend RXEUR), stimmen Sie den AGB dieser Website, allen geltenden Gesetze und Vorschriften zu und erkl\u00e4ren, dass Sie f\u00fcr die Einhaltung aller geltenden lokalen Gesetze verantwortlich sind. Wenn Sie mit einer dieser Bedingungen nicht einverstanden sind, ist die Nutzung der oder der Zugriff auf diese Website untersagt. Die<a href=\"https:\/\/rxeuropa.com\/de\/terms-of-use\/\" class=\"read_more\">Read More<\/a><\/p>\n","protected":false},"author":2,"featured_media":0,"parent":0,"menu_order":0,"comment_status":"closed","ping_status":"closed","template":"inner-template2.php","meta":{"footnotes":""},"class_list":["post-176","page","type-page","status-publish","hentry"],"_links":{"self":[{"href":"https:\/\/rxeuropa.com\/de\/wp-json\/wp\/v2\/pages\/176","targetHints":{"allow":["GET"]}}],"collection":[{"href":"https:\/\/rxeuropa.com\/de\/wp-json\/wp\/v2\/pages"}],"about":[{"href":"https:\/\/rxeuropa.com\/de\/wp-json\/wp\/v2\/types\/page"}],"author":[{"embeddable":true,"href":"https:\/\/rxeuropa.com\/de\/wp-json\/wp\/v2\/users\/2"}],"replies":[{"embeddable":true,"href":"https:\/\/rxeuropa.com\/de\/wp-json\/wp\/v2\/comments?post=176"}],"version-history":[{"count":0,"href":"https:\/\/rxeuropa.com\/de\/wp-json\/wp\/v2\/pages\/176\/revisions"}],"wp:attachment":[{"href":"https:\/\/rxeuropa.com\/de\/wp-json\/wp\/v2\/media?parent=176"}],"curies":[{"name":"wp","href":"https:\/\/api.w.org\/{rel}","templated":true}]}}