{"id":1341,"date":"2014-06-21T13:11:19","date_gmt":"2014-06-21T13:11:19","guid":{"rendered":"http:\/\/rx4pain.co.uk\/?page_id=1341"},"modified":"2024-10-03T12:05:24","modified_gmt":"2024-10-03T12:05:24","slug":"dihydrocodeine-kaufen","status":"publish","type":"page","link":"https:\/\/rxeuropa.com\/de\/schmerzmittel\/dihydrocodeine-kaufen\/","title":{"rendered":"Dihydrocodein"},"content":{"rendered":"<p><strong>M\u00f6chten Sie Dihydrocodein kaufen? Dihydrocodein wird normalerweise f\u00fcr die Linderung von mittleren Schmerzen verschrieben. Um Dihydrocodein zu kaufen, m\u00fcssen Sie zun\u00e4chst eine Online-Beratung mit einem Arzt durchf\u00fchren.<\/strong><br \/>\n<div class=\"as_products_table \" id=\"as_products_table\" ><div class=\"astblrow row_even\" ><div><strong>Dihydrocodein 60mg<\/strong><\/div><div>20 Tabletten<\/div><div><strong>&#8364;89.00<\/strong><\/div><div><a href=\"javascript:void(0)\" data-productid=\"908\" >Beratung starten<\/a><\/div><\/div><div class=\"astblrow row_odd\" ><div><strong>Dihydrocodein 60mg<\/strong><\/div><div>50 Tabletten<\/div><div><strong>&#8364;129.00<\/strong><\/div><div><a href=\"javascript:void(0)\" data-productid=\"909\" >Beratung starten<\/a><\/div><\/div><div class=\"astblrow row_even\" ><div><strong>Dihydrocodein 60mg<\/strong><\/div><div>100 Tabletten<\/div><div><strong>&#8364;369.00<\/strong><\/div><div><a href=\"javascript:void(0)\" data-productid=\"1939\" >Beratung starten<\/a><\/div><\/div><\/div><br \/>\n<strong>Bestellungen von au\u00dferhalb der EU<\/strong><br \/>\nWenn Sie eine Anschrift von au\u00dferhalb der EU angeben, kann es vorkommen, dass zus\u00e4tzliche Einf\u00fchrungskosten auftreten (diese sind jedoch nicht im Preis enthalten).<\/p>\n<h3>Ist Dihydrocodein das richtige Medikament f\u00fcr mich?<\/h3>\n<p>Wie bei jedem Medikament ist <a href=\"https:\/\/de.wikipedia.org\/wiki\/Dihydrocodein\" target=\"_blank\" rel=\"noopener\">Dihydrocodein<\/a> m\u00f6glicherweise nicht das Richtige f\u00fcr Sie. Nur Ihr Arzt kann entscheiden, wie man Ihre Krankheit am besten behandelt. Bei der Entscheidung f\u00fcr die richtige Behandlung Ihrer Krankheit wird der Arzt m\u00f6glicherweise nicht nur die Krankheit selbst ber\u00fccksichtigen, sondern auch:<\/p>\n<ul>\n<li>welche anderen Erkrankungen Sie haben<\/li>\n<li>welche anderen Medikamente Sie einnehmen<\/li>\n<li>Ihr Alter und Ihren allgemeinen Gesundheitszustand<\/li>\n<li>Lifestyle-Aspekte, vor allem Rauchen\/Alkohol<\/li>\n<\/ul>\n<p>Dihydrocodein ist f\u00fcr einige Patienten kontraindiziert, wie etwa bei einer Krankheitsgeschichte mit Leber-, Nieren-, Prostata- oder Schilddr\u00fcsenproblemen und bei Menschen mit Epilepsie oder niedrigem Blutdruck. Aus diesem Grund sollten Sie stets die Packungsbeilage des Medikaments f\u00fcr weitere Informationen lesen. W\u00e4hrend der Schwangerschaft oder Stillzeit darf Dihydrocodein nur nach \u00e4rztlicher Anweisung eingenommen werden.<\/p>\n<h3>Hat Dihydrocodein Nebenwirkungen?<\/h3>\n<p>Wie alle verschreibungspflichtigen Medikamente kann Dihydrocodein Nebenwirkungen haben und eignet sich daher nicht f\u00fcr jeden. Die Nebenwirkungen k\u00f6nnen eher geringf\u00fcgig sein, woraufhin sie in der Regel vernachl\u00e4ssigt werden k\u00f6nnen. Andererseits k\u00f6nnen sie erheblich sein, woraufhin Sie die Medikamente absetzen oder sich an einen Arzt wenden m\u00fcssen.<\/p>\n<h3>Geringf\u00fcgige Nebenwirkungen<\/h3>\n<p>Die geringf\u00fcgigen Nebenwirkungen, die auftreten k\u00f6nnen, umfassen in der Regel:<\/p>\n<ul>\n<li style=\"list-style-type: none;\">\n<ul>\n<li>\u00dcbelkeit oder Bauchschmerzen<\/li>\n<li>Verstopfung<\/li>\n<\/ul>\n<\/li>\n<\/ul>\n<h3>Suchen Sie medizinische Hilfe auf bei ernsthaften Symptomen<\/h3>\n<p>Sollten schwerwiegendere Symptome auftreten, ist es wichtig, medizinische Hilfe in Anspruch zu nehmen. Dazu geh\u00f6ren insbesondere:<\/p>\n<ul>\n<li>Schwacher Puls<\/li>\n<li>Schwierigkeiten bei der normalen Atmung<\/li>\n<\/ul>\n<p><strong>Dihydrocodein ist ein starkes Medikament und daher nicht f\u00fcr alle Schmerzpatienten geeignet. Auf unserer <a href=\"https:\/\/rxeuropa.com\/de\/treatments\/\">Behandlungsseite<\/a> finden Sie eine vollst\u00e4ndige Liste der Medikamente, die in unseren Partnerapotheken erh\u00e4ltlich sind.<\/strong><\/p>\n<h3>Abh\u00e4ngigkeitspotenzial von Dihydrocodein<\/h3>\n<p>Wie bei anderen codeinhaltigen Medikamenten kann Dihydrocodein s\u00fcchtig machen und missbraucht werden. Aus diesem Grund sollten Sie Dihydrocodein nicht kaufen, wenn Sie jemals drogenabh\u00e4ngig waren oder Drogen missbraucht haben.<\/p>\n<h3>Wichtige Hinweise zur Einnahme<\/h3>\n<p>Eine \u00dcberdosierung von Dihydrocodein kann zum Tod f\u00fchren. Deshalb ist es \u00e4u\u00dferst wichtig, dass Sie die von einem Arzt verordnete t\u00e4gliche Dosis nicht \u00fcberschreiten. Sollten Sie vermuten, dass Sie eine \u00dcberdosis eingenommen haben, m\u00fcssen Sie umgehend einen medizinischen Notdienst kontaktieren.<\/p>\n","protected":false},"excerpt":{"rendered":"<p>M\u00f6chten Sie Dihydrocodein kaufen? Dihydrocodein wird normalerweise f\u00fcr die Linderung von mittleren Schmerzen verschrieben. Um Dihydrocodein zu kaufen, m\u00fcssen Sie zun\u00e4chst eine Online-Beratung mit einem Arzt durchf\u00fchren. Bestellungen von au\u00dferhalb der EU Wenn Sie eine Anschrift von au\u00dferhalb der EU angeben, kann es vorkommen, dass zus\u00e4tzliche Einf\u00fchrungskosten auftreten (diese sind jedoch nicht im Preis enthalten).<a href=\"https:\/\/rxeuropa.com\/de\/schmerzmittel\/dihydrocodeine-kaufen\/\" class=\"read_more\">Read More<\/a><\/p>\n","protected":false},"author":1,"featured_media":0,"parent":213,"menu_order":4,"comment_status":"closed","ping_status":"closed","template":"inner-template6.php","meta":{"footnotes":""},"class_list":["post-1341","page","type-page","status-publish","hentry"],"_links":{"self":[{"href":"https:\/\/rxeuropa.com\/de\/wp-json\/wp\/v2\/pages\/1341","targetHints":{"allow":["GET"]}}],"collection":[{"href":"https:\/\/rxeuropa.com\/de\/wp-json\/wp\/v2\/pages"}],"about":[{"href":"https:\/\/rxeuropa.com\/de\/wp-json\/wp\/v2\/types\/page"}],"author":[{"embeddable":true,"href":"https:\/\/rxeuropa.com\/de\/wp-json\/wp\/v2\/users\/1"}],"replies":[{"embeddable":true,"href":"https:\/\/rxeuropa.com\/de\/wp-json\/wp\/v2\/comments?post=1341"}],"version-history":[{"count":0,"href":"https:\/\/rxeuropa.com\/de\/wp-json\/wp\/v2\/pages\/1341\/revisions"}],"up":[{"embeddable":true,"href":"https:\/\/rxeuropa.com\/de\/wp-json\/wp\/v2\/pages\/213"}],"wp:attachment":[{"href":"https:\/\/rxeuropa.com\/de\/wp-json\/wp\/v2\/media?parent=1341"}],"curies":[{"name":"wp","href":"https:\/\/api.w.org\/{rel}","templated":true}]}}