{"id":106,"date":"2013-03-29T12:59:59","date_gmt":"2013-03-29T12:59:59","guid":{"rendered":"http:\/\/wpnukes.com\/demo\/welcare\/?page_id=106"},"modified":"2015-08-26T14:26:14","modified_gmt":"2015-08-26T14:26:14","slug":"re-order-limits","status":"publish","type":"page","link":"https:\/\/rxeuropa.com\/de\/re-order-limits\/","title":{"rendered":"Limits f\u00fcr Nachbestellungen"},"content":{"rendered":"<p>\u00dcber diese Website get\u00e4tigte Bestellungen sind pro Haushalt monatlich auf eine bestimmte Anzahl von Tabletten begrenzt.  Diese Mengen basieren auf der H\u00f6chstmenge an Tabletten, die vom Arzt verschrieben oder vom Apotheker empfohlen wird.   <strong> Diese H\u00f6chstgrenzen sollen den Missbrauch unserer Leistungen verhindern und es werden keine Ausnahmen gemacht.<\/strong><br \/>\n&nbsp;<\/p>\n<div class=\"table-responsive\"><table  style=\"width:100%; \"  class=\"easy-table easy-table-cuscosky table easy-table easy-table-cuscosky\" >\n<thead>\r\n<tr><th  style=\"width:120px\" >Product<\/th>\n<th  style=\"width:50px\" >Pack Size<\/th>\n<th  style=\"width:100px\" >Maximum Order Per Month<\/th>\n<\/tr>\n<\/thead>\n<tbody>\r\n<tr><td ><strong>Codein<\/strong><\/td>\n<td >\u00a0<\/td>\n<td ><\/td>\n<\/tr>\n\r\n<tr><td >Codein-Phosphat 30mg<\/td>\n<td >28 Tabletten<\/td>\n<td >8 Schachtel<\/td>\n<\/tr>\n\r\n<tr><td >Codein-Phosphat 30mg<\/td>\n<td >100 Tabletten<\/td>\n<td >2 Schachtel<\/td>\n<\/tr>\n\r\n<tr><td >Codein-Phosphat 30mg<\/td>\n<td >200 Tabletten<\/td>\n<td >1 Schachtel<\/td>\n<\/tr>\n\r\n<tr><td >Codein-Phosphat 30mg<\/td>\n<td >228 Tabletten<\/td>\n<td >1 Schachtel<\/td>\n<\/tr>\n\r\n<tr><td >Codein-Phosphat 60mg<\/td>\n<td >28 Tabletten<\/td>\n<td >4 Schachtel<\/td>\n<\/tr>\n\r\n<tr><td ><strong>Co-codamol Effervescent<\/strong><\/td>\n<td > <\/td>\n<td ><\/td>\n<\/tr>\n\r\n<tr><td >Co-codamol Brausetabletten<\/td>\n<td >100 Tabletten<\/td>\n<td >2 Schachtel<\/td>\n<\/tr>\n\r\n<tr><td >Co-codamol Brausetabletten<\/td>\n<td >200 Tabletten<\/td>\n<td >1 Schachtel<\/td>\n<\/tr>\n\r\n<tr><td >Co-codamol Brausetabletten<\/td>\n<td >230 Tabletten<\/td>\n<td >1 Schachtel<\/td>\n<\/tr>\n\r\n<tr><td ><strong>Co-codamol<\/strong><\/td>\n<td > <\/td>\n<td ><\/td>\n<\/tr>\n\r\n<tr><td >Co-codamol<\/td>\n<td >100 Tabletten<\/td>\n<td >2 Schachtel<\/td>\n<\/tr>\n\r\n<tr><td >Co-codamol<\/td>\n<td >200 Tabletten<\/td>\n<td >1 Schachtel<\/td>\n<\/tr>\n\r\n<tr><td >Co-codamol<\/td>\n<td >230 Tabletten<\/td>\n<td >1 Schachtel<\/td>\n<\/tr>\n\r\n<tr><td ><strong>Dihydrocodeine<\/strong><\/td>\n<td > <\/td>\n<td ><\/td>\n<\/tr>\n\r\n<tr><td >Dihydrocodein 30mg<\/td>\n<td >28 Tabletten<\/td>\n<td >5 Schachtel<\/td>\n<\/tr>\n\r\n<tr><td >Dihydrocodein 30mg<\/td>\n<td >100 Tabletten<\/td>\n<td >1 Schachtel<\/td>\n<\/tr>\n\r\n<tr><td >Dihydrocodein 30mg<\/td>\n<td >156 Tabletten<\/td>\n<td >1 Schachtel<\/td>\n<\/tr>\n<\/tbody><\/table><\/div>\n","protected":false},"excerpt":{"rendered":"<p>\u00dcber diese Website get\u00e4tigte Bestellungen sind pro Haushalt monatlich auf eine bestimmte Anzahl von Tabletten begrenzt. Diese Mengen basieren auf der H\u00f6chstmenge an Tabletten, die vom Arzt verschrieben oder vom Apotheker empfohlen wird. Diese H\u00f6chstgrenzen sollen den Missbrauch unserer Leistungen verhindern und es werden keine Ausnahmen gemacht. &nbsp;<\/p>\n","protected":false},"author":1,"featured_media":0,"parent":0,"menu_order":8,"comment_status":"closed","ping_status":"closed","template":"inner-template4.php","meta":{"footnotes":""},"class_list":["post-106","page","type-page","status-publish","hentry"],"_links":{"self":[{"href":"https:\/\/rxeuropa.com\/de\/wp-json\/wp\/v2\/pages\/106","targetHints":{"allow":["GET"]}}],"collection":[{"href":"https:\/\/rxeuropa.com\/de\/wp-json\/wp\/v2\/pages"}],"about":[{"href":"https:\/\/rxeuropa.com\/de\/wp-json\/wp\/v2\/types\/page"}],"author":[{"embeddable":true,"href":"https:\/\/rxeuropa.com\/de\/wp-json\/wp\/v2\/users\/1"}],"replies":[{"embeddable":true,"href":"https:\/\/rxeuropa.com\/de\/wp-json\/wp\/v2\/comments?post=106"}],"version-history":[{"count":0,"href":"https:\/\/rxeuropa.com\/de\/wp-json\/wp\/v2\/pages\/106\/revisions"}],"wp:attachment":[{"href":"https:\/\/rxeuropa.com\/de\/wp-json\/wp\/v2\/media?parent=106"}],"curies":[{"name":"wp","href":"https:\/\/api.w.org\/{rel}","templated":true}]}}